{"id":15414,"date":"2025-11-03T11:28:39","date_gmt":"2025-11-03T11:28:39","guid":{"rendered":"https:\/\/care4bird.nl\/product\/eye-drops-2\/"},"modified":"2026-04-16T09:52:59","modified_gmt":"2026-04-16T09:52:59","slug":"eye-drops-2","status":"publish","type":"product","link":"https:\/\/care4bird.nl\/pt-pt\/produto\/eye-drops-2\/","title":{"rendered":"Eye drops"},"content":{"rendered":"<div>\n<h6>Indication:<\/h6>\n<\/div>\n<div>todo o tipo de infe\u00e7\u00f5es; doen\u00e7as dos olhos ou ouvidos causadas por bact\u00e9rias Gram + e Gram &#8211;<\/div>\n<h6>Dosage<\/h6>\n<div>1-2 gotas ou conforme prescri\u00e7\u00e3o veterin\u00e1ria<\/div>\n<h6>Treatment<\/h6>\n<div>1-2 vezes por dia at\u00e9 melhoria,<\/div>\n<div>ou conforme prescri\u00e7\u00e3o veterin\u00e1ria<\/div>\n<div><\/div>\n<div>NOTES: READ INSTRUCTIONS BEFORE USE.<\/div>\n<ul>\n<li>Armazenar em local seco, protegido da luz solar direta, entre 0-30 \u00b0C.<\/li>\n<li>Armazenamento limitado ap\u00f3s abertura.<\/li>\n<li>Evitar contacto do medicamento com as m\u00e3os.<\/li>\n<li>Manter fora do alcance das crian\u00e7as.<\/li>\n<li>Apenas para uso animal. N\u00e3o destinado a animais para consumo humano.<\/li>\n<li>Em caso de d\u00favida ou problemas persistentes, consultar um especialista.<\/li>\n<\/ul>\n<div><b>O PRODUTO CONT\u00c9M ESTEROIDES, N\u00c3O USAR ANTES DAS CORRIDAS.<\/b><\/div>\n<h6>Formula<\/h6>\n<div>cont\u00e9m: fosfato de prednisolona s\u00f3dica 55 mg\/g, sulfato de neomicina 50 mg\/g<\/div>\n<h6>Containts:<\/h6>\n<div>10 ml medicamento veterin\u00e1rio para aves<\/div>\n","protected":false},"excerpt":{"rendered":"<p>Indication: todo o tipo de infe\u00e7\u00f5es; doen\u00e7as dos olhos ou ouvidos causadas por bact\u00e9rias Gram + e Gram &#8211; Dosage 1-2 gotas&hellip;<\/p>\n","protected":false},"featured_media":15415,"template":"","meta":[],"product_cat":[323],"product_tag":[],"class_list":{"0":"post-15414","1":"product","2":"type-product","3":"status-publish","4":"has-post-thumbnail","6":"product_cat-medicamentos-para-aves","8":"first","9":"instock","10":"shipping-taxable","11":"product-type-simple"},"_links":{"self":[{"href":"https:\/\/care4bird.nl\/pt-pt\/wp-json\/wp\/v2\/product\/15414","targetHints":{"allow":["GET"]}}],"collection":[{"href":"https:\/\/care4bird.nl\/pt-pt\/wp-json\/wp\/v2\/product"}],"about":[{"href":"https:\/\/care4bird.nl\/pt-pt\/wp-json\/wp\/v2\/types\/product"}],"wp:featuredmedia":[{"embeddable":true,"href":"https:\/\/care4bird.nl\/pt-pt\/wp-json\/wp\/v2\/media\/15415"}],"wp:attachment":[{"href":"https:\/\/care4bird.nl\/pt-pt\/wp-json\/wp\/v2\/media?parent=15414"}],"wp:term":[{"taxonomy":"product_cat","embeddable":true,"href":"https:\/\/care4bird.nl\/pt-pt\/wp-json\/wp\/v2\/product_cat?post=15414"},{"taxonomy":"product_tag","embeddable":true,"href":"https:\/\/care4bird.nl\/pt-pt\/wp-json\/wp\/v2\/product_tag?post=15414"}],"curies":[{"name":"wp","href":"https:\/\/api.w.org\/{rel}","templated":true}]}}