{"id":15420,"date":"2025-11-03T11:27:22","date_gmt":"2025-11-03T11:27:22","guid":{"rendered":"https:\/\/care4bird.nl\/product\/eye-cream-2\/"},"modified":"2026-04-16T09:54:13","modified_gmt":"2026-04-16T09:54:13","slug":"eye-cream-2","status":"publish","type":"product","link":"https:\/\/care4bird.nl\/pt-pt\/produto\/eye-cream-2\/","title":{"rendered":"Eye cream"},"content":{"rendered":"<div>\n<h6>Indica\u00e7\u00e3o:<\/h6>\n<\/div>\n<div>todos os tipos de infe\u00e7\u00f5es; doen\u00e7as dos olhos ou ouvidos causadas por bact\u00e9rias Gram + e &#8211;<\/div>\n<h6>Posologia<\/h6>\n<div>1\u20132 gotas ou conforme prescri\u00e7\u00e3o veterin\u00e1ria<\/div>\n<h6>Tratamento<\/h6>\n<div>1\u20132 vezes por dia at\u00e9 melhoria, ou conforme prescri\u00e7\u00e3o veterin\u00e1ria<\/div>\n<h6>NOTAS: LER AS INSTRU\u00c7\u00d5ES ANTES DE USAR.<\/h6>\n<ul>\n<li>Guardar em local seco, longe da luz solar direta, entre 0\u201330 \u00b0C.<\/li>\n<li>Conserva\u00e7\u00e3o limitada ap\u00f3s abertura.<\/li>\n<li>Evitar o contacto do medicamento com as m\u00e3os.<\/li>\n<li>Manter fora do alcance das crian\u00e7as.<\/li>\n<li>Apenas para uso veterin\u00e1rio. N\u00e3o utilizar em animais destinados ao consumo humano.<\/li>\n<li>Em caso de d\u00favida ou problemas persistentes, consultar um especialista.<\/li>\n<\/ul>\n<div><b>O PRODUTO CONT\u00c9M ESTEROIDES, N\u00c3O USAR ANTES DAS CORRIDAS.<\/b><\/div>\n<h6>F\u00f3rmula<\/h6>\n<div>Cont\u00e9m: fosfato de prednisolona s\u00f3dica 55 mg\/g, sulfato de neomicina 50 mg\/g<\/div>\n<h6>Conte\u00fado:<\/h6>\n<div>10 ml de medicamento veterin\u00e1rio para aves<\/div>\n","protected":false},"excerpt":{"rendered":"<p>Indica\u00e7\u00e3o: todos os tipos de infe\u00e7\u00f5es; doen\u00e7as dos olhos ou ouvidos causadas por bact\u00e9rias Gram + e &#8211; Posologia 1\u20132 gotas ou&hellip;<\/p>\n","protected":false},"featured_media":15421,"template":"","meta":[],"product_cat":[323],"product_tag":[],"class_list":{"0":"post-15420","1":"product","2":"type-product","3":"status-publish","4":"has-post-thumbnail","6":"product_cat-medicamentos-para-aves","8":"first","9":"instock","10":"shipping-taxable","11":"product-type-simple"},"_links":{"self":[{"href":"https:\/\/care4bird.nl\/pt-pt\/wp-json\/wp\/v2\/product\/15420","targetHints":{"allow":["GET"]}}],"collection":[{"href":"https:\/\/care4bird.nl\/pt-pt\/wp-json\/wp\/v2\/product"}],"about":[{"href":"https:\/\/care4bird.nl\/pt-pt\/wp-json\/wp\/v2\/types\/product"}],"wp:featuredmedia":[{"embeddable":true,"href":"https:\/\/care4bird.nl\/pt-pt\/wp-json\/wp\/v2\/media\/15421"}],"wp:attachment":[{"href":"https:\/\/care4bird.nl\/pt-pt\/wp-json\/wp\/v2\/media?parent=15420"}],"wp:term":[{"taxonomy":"product_cat","embeddable":true,"href":"https:\/\/care4bird.nl\/pt-pt\/wp-json\/wp\/v2\/product_cat?post=15420"},{"taxonomy":"product_tag","embeddable":true,"href":"https:\/\/care4bird.nl\/pt-pt\/wp-json\/wp\/v2\/product_tag?post=15420"}],"curies":[{"name":"wp","href":"https:\/\/api.w.org\/{rel}","templated":true}]}}