{"id":15426,"date":"2025-11-03T11:22:42","date_gmt":"2025-11-03T11:22:42","guid":{"rendered":"https:\/\/care4bird.nl\/product\/multivitamin\/"},"modified":"2026-04-16T09:55:38","modified_gmt":"2026-04-16T09:55:38","slug":"multivitamin","status":"publish","type":"product","link":"https:\/\/care4bird.nl\/pt-pt\/produto\/multivitamin\/","title":{"rendered":"Multivitamin"},"content":{"rendered":"<div>\n<h6>MISTURA ESPECIAL DE VITAMINAS HIDROSSOL\u00daVEIS E GLUCOSE<\/h6>\n<h6>Indica\u00e7\u00e3o:<\/h6>\n<p>Multivit-mix \u00e9 uma mistura especial de vitaminas hidrossol\u00faveis e glucose. Estas vitaminas s\u00e3o muito importantes para o metabolismo da ave. A glucose \u00e9 adicionada a esta mistura para fornecer energia direta \u00e0s aves.<\/p>\n<p>Multivit-mix contribui para:<br \/>\n&#8211; maior resist\u00eancia<br \/>\n&#8211; boa reprodu\u00e7\u00e3o<br \/>\n&#8211; recupera\u00e7\u00e3o ideal<\/p>\n<p>As necessidades di\u00e1rias de vitaminas de uma ave s\u00e3o muito importantes; a falta de vitaminas pode causar v\u00e1rios problemas, por exemplo:<\/p>\n<p>&#8211; A defici\u00eancia de vitamina A pode causar baixa fertilidade no macho e na f\u00eamea, altera\u00e7\u00f5es nas mucosas das vias respirat\u00f3rias e digestivas que facilitam infe\u00e7\u00f5es, afetar a vis\u00e3o e causar morte do embri\u00e3o.<\/p>\n<p>&#8211; A defici\u00eancia do grupo de vitaminas B pode causar dist\u00farbios nervosos, atraso no crescimento e desenvolvimento das penas, altera\u00e7\u00f5es no metabolismo das gorduras, baixa eclos\u00e3o dos ovos e fraco desenvolvimento dos pintos.<\/p>\n<p>&#8211; A defici\u00eancia de vitamina D pode causar doen\u00e7as como raquitismo e ovos com casca mole.<\/p>\n<p>As multivitaminas s\u00e3o administradas pelo menos uma vez por semana:<br \/>\nDurante o crescimento, muda e reprodu\u00e7\u00e3o<br \/>\nDurante esfor\u00e7o e stress intenso<br \/>\nAp\u00f3s tratamentos m\u00e9dicos, desparasita\u00e7\u00f5es e vacina\u00e7\u00f5es.<\/p>\n<h6>Administra\u00e7\u00e3o: Posologia: Pombos:<\/h6>\n<p><i>MULTIVITAMIN POWDER<\/i><br \/>\nDose \u00fanica ap\u00f3s tratamento: 5 g \/ 1 l de \u00e1gua ou 5 g \/ 500 g de alimento.<br \/>\nDose de manuten\u00e7\u00e3o: duas vezes por semana 5 g \/ 2 l de \u00e1gua ou 5 g \/ 1 kg de alimento.<\/p>\n<p>Multivit-mix pode ser adicionado \u00e0 \u00e1gua ou administrado com o alimento.<br \/>\nColher doseadora 1+5 g inclu\u00edda.<\/p>\n<p><i>MULTIVITAMIN TABS<\/i><br \/>\nManuten\u00e7\u00e3o: 1 comprimido por pombo (400\u2013500 g) durante 1\u20132 dias por semana.<br \/>\nTratamento: 1 comprimido por pombo (400\u2013500 g) durante 5 dias consecutivos, ou conforme prescri\u00e7\u00e3o veterin\u00e1ria.<\/p>\n<h6>Intera\u00e7\u00f5es:<\/h6>\n<p>desconhecidas<\/p>\n<h6>Contra-indica\u00e7\u00f5es:<\/h6>\n<p>sobredosagem<\/p>\n<h6>Cont\u00e9m:<\/h6>\n<p>Multivitaminas (A, complexo B, C, D, E), amino\u00e1cidos, oligoelementos.\n<\/p><\/div>\n","protected":false},"excerpt":{"rendered":"<p>MISTURA ESPECIAL DE VITAMINAS HIDROSSOL\u00daVEIS E GLUCOSE Indica\u00e7\u00e3o: Multivit-mix \u00e9 uma mistura especial de vitaminas hidrossol\u00faveis e glucose. Estas vitaminas s\u00e3o muito&hellip;<\/p>\n","protected":false},"featured_media":15427,"template":"","meta":[],"product_cat":[326],"product_tag":[],"class_list":{"0":"post-15426","1":"product","2":"type-product","3":"status-publish","4":"has-post-thumbnail","6":"product_cat-suplementos-para-pombos","8":"first","9":"instock","10":"shipping-taxable","11":"product-type-simple"},"_links":{"self":[{"href":"https:\/\/care4bird.nl\/pt-pt\/wp-json\/wp\/v2\/product\/15426","targetHints":{"allow":["GET"]}}],"collection":[{"href":"https:\/\/care4bird.nl\/pt-pt\/wp-json\/wp\/v2\/product"}],"about":[{"href":"https:\/\/care4bird.nl\/pt-pt\/wp-json\/wp\/v2\/types\/product"}],"wp:featuredmedia":[{"embeddable":true,"href":"https:\/\/care4bird.nl\/pt-pt\/wp-json\/wp\/v2\/media\/15427"}],"wp:attachment":[{"href":"https:\/\/care4bird.nl\/pt-pt\/wp-json\/wp\/v2\/media?parent=15426"}],"wp:term":[{"taxonomy":"product_cat","embeddable":true,"href":"https:\/\/care4bird.nl\/pt-pt\/wp-json\/wp\/v2\/product_cat?post=15426"},{"taxonomy":"product_tag","embeddable":true,"href":"https:\/\/care4bird.nl\/pt-pt\/wp-json\/wp\/v2\/product_tag?post=15426"}],"curies":[{"name":"wp","href":"https:\/\/api.w.org\/{rel}","templated":true}]}}