{"id":15432,"date":"2025-11-03T11:20:06","date_gmt":"2025-11-03T11:20:06","guid":{"rendered":"https:\/\/care4bird.nl\/product\/breeding-tabs\/"},"modified":"2026-04-16T10:54:59","modified_gmt":"2026-04-16T10:54:59","slug":"breeding-tabs","status":"publish","type":"product","link":"https:\/\/care4bird.nl\/pt-pt\/produto\/breeding-tabs\/","title":{"rendered":"Breeding Tabs"},"content":{"rendered":"<div>\n<h6>PARA UM CRESCIMENTO \u00d3TIMO DAS AVES JOVENS<\/h6>\n<h6>Indica\u00e7\u00e3o:<\/h6>\n<p>Comprimidos de cria\u00e7\u00e3o. Prote\u00ednas facilmente diger\u00edveis para um crescimento ideal das aves jovens. Cont\u00e9m vitaminas, oligoelementos e amino\u00e1cidos necess\u00e1rios para o crescimento perfeito dos jovens. Para pombos reprodutores mais velhos, para manter a vitalidade e fertilidade.<\/p>\n<h6>Utiliza\u00e7\u00e3o e posologia<\/h6>\n<p>A partir de 1 semana: 2 vezes por semana \u2013 1 a 2 comprimidos dependendo da idade<br \/>\nA partir de 5 semanas: 1 vez por semana \u2013 2 comprimidos<br \/>\nReprodutores: 1 vez por semana \u2013 1 a 2 comprimidos, ou conforme prescri\u00e7\u00e3o veterin\u00e1ria.\n<\/p><\/div>\n","protected":false},"excerpt":{"rendered":"<p>PARA UM CRESCIMENTO \u00d3TIMO DAS AVES JOVENS Indica\u00e7\u00e3o: Comprimidos de cria\u00e7\u00e3o. Prote\u00ednas facilmente diger\u00edveis para um crescimento ideal das aves jovens. Cont\u00e9m&hellip;<\/p>\n","protected":false},"featured_media":15433,"template":"","meta":[],"product_cat":[326],"product_tag":[],"class_list":{"0":"post-15432","1":"product","2":"type-product","3":"status-publish","4":"has-post-thumbnail","6":"product_cat-suplementos-para-pombos","8":"first","9":"instock","10":"shipping-taxable","11":"product-type-simple"},"_links":{"self":[{"href":"https:\/\/care4bird.nl\/pt-pt\/wp-json\/wp\/v2\/product\/15432","targetHints":{"allow":["GET"]}}],"collection":[{"href":"https:\/\/care4bird.nl\/pt-pt\/wp-json\/wp\/v2\/product"}],"about":[{"href":"https:\/\/care4bird.nl\/pt-pt\/wp-json\/wp\/v2\/types\/product"}],"wp:featuredmedia":[{"embeddable":true,"href":"https:\/\/care4bird.nl\/pt-pt\/wp-json\/wp\/v2\/media\/15433"}],"wp:attachment":[{"href":"https:\/\/care4bird.nl\/pt-pt\/wp-json\/wp\/v2\/media?parent=15432"}],"wp:term":[{"taxonomy":"product_cat","embeddable":true,"href":"https:\/\/care4bird.nl\/pt-pt\/wp-json\/wp\/v2\/product_cat?post=15432"},{"taxonomy":"product_tag","embeddable":true,"href":"https:\/\/care4bird.nl\/pt-pt\/wp-json\/wp\/v2\/product_tag?post=15432"}],"curies":[{"name":"wp","href":"https:\/\/api.w.org\/{rel}","templated":true}]}}