{"id":15438,"date":"2025-11-03T11:19:23","date_gmt":"2025-11-03T11:19:23","guid":{"rendered":"https:\/\/care4bird.nl\/product\/brewers-yeast\/"},"modified":"2026-04-16T11:01:39","modified_gmt":"2026-04-16T11:01:39","slug":"brewers-yeast","status":"publish","type":"product","link":"https:\/\/care4bird.nl\/pt-pt\/produto\/brewers-yeast\/","title":{"rendered":"Brewer`s yeast"},"content":{"rendered":"<div>\n<h6>Indica\u00e7\u00e3o:<\/h6>\n<\/div>\n<div>A levedura de cerveja \u00e9 um alimento natural com propriedades ben\u00e9ficas para a sa\u00fade. \u00c9 rica em vitaminas naturais (incluindo o complexo B), minerais, prote\u00ednas, amino\u00e1cidos e oligoelementos. Estes s\u00e3o importantes para a condi\u00e7\u00e3o e forma dos seus pombos. D\u00ea levedura de cerveja aos seus pombos pelo menos uma vez por semana, com \u00f3leo de alho durante todo o ano.<\/div>\n<div>\n<h6>Posologia<\/h6>\n<\/div>\n<div>25 gramas (cerca de 1 colher de sopa cheia) sobre o alimento, 1 a 2 dias por semana para 40\/50 pombos ou 20 kg de peso vivo de aves.<\/div>\n<div>\n<h6>Contra-indica\u00e7\u00e3o:<\/h6>\n<\/div>\n<div>Nesta dosagem, n\u00e3o conhecida.<\/div>\n<div>\n<h6>Conte\u00fado:<\/h6>\n<\/div>\n<div>800 g de produto diet\u00e9tico para aves desportivas.<\/div>\n","protected":false},"excerpt":{"rendered":"<p>Indica\u00e7\u00e3o: A levedura de cerveja \u00e9 um alimento natural com propriedades ben\u00e9ficas para a sa\u00fade. \u00c9 rica em vitaminas naturais (incluindo o&hellip;<\/p>\n","protected":false},"featured_media":15439,"template":"","meta":[],"product_cat":[326],"product_tag":[],"class_list":{"0":"post-15438","1":"product","2":"type-product","3":"status-publish","4":"has-post-thumbnail","6":"product_cat-suplementos-para-pombos","8":"first","9":"instock","10":"shipping-taxable","11":"product-type-simple"},"_links":{"self":[{"href":"https:\/\/care4bird.nl\/pt-pt\/wp-json\/wp\/v2\/product\/15438","targetHints":{"allow":["GET"]}}],"collection":[{"href":"https:\/\/care4bird.nl\/pt-pt\/wp-json\/wp\/v2\/product"}],"about":[{"href":"https:\/\/care4bird.nl\/pt-pt\/wp-json\/wp\/v2\/types\/product"}],"wp:featuredmedia":[{"embeddable":true,"href":"https:\/\/care4bird.nl\/pt-pt\/wp-json\/wp\/v2\/media\/15439"}],"wp:attachment":[{"href":"https:\/\/care4bird.nl\/pt-pt\/wp-json\/wp\/v2\/media?parent=15438"}],"wp:term":[{"taxonomy":"product_cat","embeddable":true,"href":"https:\/\/care4bird.nl\/pt-pt\/wp-json\/wp\/v2\/product_cat?post=15438"},{"taxonomy":"product_tag","embeddable":true,"href":"https:\/\/care4bird.nl\/pt-pt\/wp-json\/wp\/v2\/product_tag?post=15438"}],"curies":[{"name":"wp","href":"https:\/\/api.w.org\/{rel}","templated":true}]}}