{"id":15444,"date":"2025-11-03T11:18:21","date_gmt":"2025-11-03T11:18:21","guid":{"rendered":"https:\/\/care4bird.nl\/product\/garlic-oil\/"},"modified":"2026-04-16T11:06:28","modified_gmt":"2026-04-16T11:06:28","slug":"garlic-oil","status":"publish","type":"product","link":"https:\/\/care4bird.nl\/pt-pt\/produto\/garlic-oil\/","title":{"rendered":"Garlic Oil"},"content":{"rendered":"<div>\n<h6>Desenvolvido especificamente para fornecer os benef\u00edcios naturais do alho \u00e0s aves de forma segura e eficiente.<\/h6>\n<div>O alho \u00e9 extremamente rico em nutrientes, incluindo c\u00e1lcio, f\u00f3sforo, compostos de enxofre, ferro, tiamina, riboflavina e vitamina C, bem como antioxidantes como germ\u00e2nio e sel\u00e9nio. Por isso, o Garlic Oil \u00e9 um \u00f3leo muito importante para a condi\u00e7\u00e3o das penas. A import\u00e2ncia do alho para pombos e aves como verm\u00edfugo natural, condicionador e promotor da muda de penas \u00e9 conhecida h\u00e1 muitos anos. O alho tamb\u00e9m melhora a circula\u00e7\u00e3o sangu\u00ednea. O Garlic Oil \u00e9 composto por extratos puros de alho e \u00f3leo de soja refinado rico em \u00e1cido linol\u00e9nico e linoleico. Sem adi\u00e7\u00e3o de qu\u00edmicos e sem tratamento t\u00e9rmico, garantindo que n\u00e3o h\u00e1 perda de efic\u00e1cia e prote\u00e7\u00e3o das vias respirat\u00f3rias.<\/div>\n<h6>Posologia<\/h6>\n<div>15 ml (1\/2 tampa doseadora) de Garlic Oil por kg de alimento \/ gr\u00e3o<\/div>\n<div>&#8211; No inverno, reprodu\u00e7\u00e3o e \u00e9poca de competi\u00e7\u00e3o: 1 dia por semana.<\/div>\n<div>&#8211; Na prepara\u00e7\u00e3o para a \u00e9poca de corridas: durante uma semana inteira<\/div>\n<div>&#8211; Durante a muda: 2 dias por semana.<\/div>\n<div>N\u00e3o misturar este produto com \u00e1gua!<\/div>\n<h6>Composi\u00e7\u00e3o:<\/h6>\n<div>An\u00e1lise Garlic Oil:<\/div>\n<div>Gordura bruta 100 %; Aditivos nutricionais: Vitamina E 1.400 mg\/kg<\/div>\n<\/div>\n","protected":false},"excerpt":{"rendered":"<p>Desenvolvido especificamente para fornecer os benef\u00edcios naturais do alho \u00e0s aves de forma segura e eficiente. O alho \u00e9 extremamente rico em&hellip;<\/p>\n","protected":false},"featured_media":15445,"template":"","meta":[],"product_cat":[326],"product_tag":[],"class_list":{"0":"post-15444","1":"product","2":"type-product","3":"status-publish","4":"has-post-thumbnail","6":"product_cat-suplementos-para-pombos","8":"first","9":"instock","10":"shipping-taxable","11":"product-type-simple"},"_links":{"self":[{"href":"https:\/\/care4bird.nl\/pt-pt\/wp-json\/wp\/v2\/product\/15444","targetHints":{"allow":["GET"]}}],"collection":[{"href":"https:\/\/care4bird.nl\/pt-pt\/wp-json\/wp\/v2\/product"}],"about":[{"href":"https:\/\/care4bird.nl\/pt-pt\/wp-json\/wp\/v2\/types\/product"}],"wp:featuredmedia":[{"embeddable":true,"href":"https:\/\/care4bird.nl\/pt-pt\/wp-json\/wp\/v2\/media\/15445"}],"wp:attachment":[{"href":"https:\/\/care4bird.nl\/pt-pt\/wp-json\/wp\/v2\/media?parent=15444"}],"wp:term":[{"taxonomy":"product_cat","embeddable":true,"href":"https:\/\/care4bird.nl\/pt-pt\/wp-json\/wp\/v2\/product_cat?post=15444"},{"taxonomy":"product_tag","embeddable":true,"href":"https:\/\/care4bird.nl\/pt-pt\/wp-json\/wp\/v2\/product_tag?post=15444"}],"curies":[{"name":"wp","href":"https:\/\/api.w.org\/{rel}","templated":true}]}}