{"id":15450,"date":"2025-11-03T11:18:01","date_gmt":"2025-11-03T11:18:01","guid":{"rendered":"https:\/\/care4bird.nl\/product\/optimal-caps\/"},"modified":"2026-04-16T11:07:44","modified_gmt":"2026-04-16T11:07:44","slug":"optimal-caps","status":"publish","type":"product","link":"https:\/\/care4bird.nl\/pt-pt\/produto\/optimal-caps\/","title":{"rendered":"Optimal caps"},"content":{"rendered":"<div>\n<h6>As c\u00e1psulas de \u00f3leo de f\u00edgado de bacalhau s\u00e3o uma fonte natural de vitaminas A e D3, enriquecidas com vitamina E extra para apoiar a fertilidade durante o per\u00edodo de reprodu\u00e7\u00e3o.<\/h6>\n<div>Estas c\u00e1psulas promovem:<br \/>\n&#8211; o desenvolvimento do esqueleto e crescimento dos pombos jovens<br \/>\n&#8211; o impulso sexual nos machos<br \/>\n&#8211; um sistema imunit\u00e1rio saud\u00e1vel<\/div>\n<div>A c\u00e1psula de \u00f3leo de f\u00edgado de bacalhau com vitamina E extra \u00e9 uma fonte natural de vitaminas A, D3, E e \u00e9 rica em \u00e1cidos gordos \u00f3mega-3, importantes para a forma\u00e7\u00e3o do esqueleto, ossos, fertilidade e crescimento. \u00c9 tamb\u00e9m uma boa fonte de f\u00f3sforo e iodo, que promovem resist\u00eancia e energia.<\/div>\n<h6>Composi\u00e7\u00e3o:<\/h6>\n<div>\u00d3leo de f\u00edgado de bacalhau 18\/12 ; Vitamina A 300 \u00b5g RE (1000 UI)<\/div>\n<div>Vitamina D 2,5 \u00b5g RE (100 UI) ; Vitamina E 6,7 mg a-TE (10 UI), gelatina<\/div>\n<div><i>Componentes anal\u00edticos:<\/i> Prote\u00edna bruta 18,12 %, fibra bruta 18,20 %, gordura bruta 0,05 %, cinzas brutas 0,03 %<\/div>\n<h6>Modo de utiliza\u00e7\u00e3o:<\/h6>\n<div>&#8211; 1 c\u00e1psula administrada diretamente no bico<\/div>\n<div>&#8211; Durante a reprodu\u00e7\u00e3o: diariamente desde 8 dias antes do acasalamento at\u00e9 ao segundo ovo<\/div>\n<div>&#8211; Durante a \u00e9poca de corridas: 2 c\u00e1psulas por semana<\/div>\n<div>&#8211; Pombos jovens em crescimento: 1 c\u00e1psula por dia<\/div>\n<div><i>Dica: tamb\u00e9m pode ser usado em pombos mais velhos para estimular a fertilidade<\/i><\/div>\n<h6>NOTAS: LER AS INSTRU\u00c7\u00d5ES ANTES DE USAR.<\/h6>\n<div>&#8211; Guardar em local seco, longe da luz solar direta, entre 0\u201330 \u00b0C<\/div>\n<div>&#8211; Prazo ap\u00f3s abertura: 1 ano<\/div>\n<div>&#8211; Lote e validade: ver embalagem<\/div>\n<div>&#8211; Apenas para uso veterin\u00e1rio. N\u00e3o usar em animais destinados ao consumo humano<\/div>\n<div>&#8211; Manter fora do alcance das crian\u00e7as<\/div>\n<h6>Conte\u00fado:<\/h6>\n<div>300 c\u00e1psulas, produto diet\u00e9tico para aves<\/div>\n<\/div>\n","protected":false},"excerpt":{"rendered":"<p>As c\u00e1psulas de \u00f3leo de f\u00edgado de bacalhau s\u00e3o uma fonte natural de vitaminas A e D3, enriquecidas com vitamina E extra&hellip;<\/p>\n","protected":false},"featured_media":15451,"template":"","meta":[],"product_cat":[326],"product_tag":[],"class_list":{"0":"post-15450","1":"product","2":"type-product","3":"status-publish","4":"has-post-thumbnail","6":"product_cat-suplementos-para-pombos","8":"first","9":"instock","10":"shipping-taxable","11":"product-type-simple"},"_links":{"self":[{"href":"https:\/\/care4bird.nl\/pt-pt\/wp-json\/wp\/v2\/product\/15450","targetHints":{"allow":["GET"]}}],"collection":[{"href":"https:\/\/care4bird.nl\/pt-pt\/wp-json\/wp\/v2\/product"}],"about":[{"href":"https:\/\/care4bird.nl\/pt-pt\/wp-json\/wp\/v2\/types\/product"}],"wp:featuredmedia":[{"embeddable":true,"href":"https:\/\/care4bird.nl\/pt-pt\/wp-json\/wp\/v2\/media\/15451"}],"wp:attachment":[{"href":"https:\/\/care4bird.nl\/pt-pt\/wp-json\/wp\/v2\/media?parent=15450"}],"wp:term":[{"taxonomy":"product_cat","embeddable":true,"href":"https:\/\/care4bird.nl\/pt-pt\/wp-json\/wp\/v2\/product_cat?post=15450"},{"taxonomy":"product_tag","embeddable":true,"href":"https:\/\/care4bird.nl\/pt-pt\/wp-json\/wp\/v2\/product_tag?post=15450"}],"curies":[{"name":"wp","href":"https:\/\/api.w.org\/{rel}","templated":true}]}}