{"id":15456,"date":"2025-11-03T11:17:18","date_gmt":"2025-11-03T11:17:18","guid":{"rendered":"https:\/\/care4bird.nl\/product\/protein-mix\/"},"modified":"2026-04-16T11:11:14","modified_gmt":"2026-04-16T11:11:14","slug":"protein-mix","status":"publish","type":"product","link":"https:\/\/care4bird.nl\/pt-pt\/produto\/protein-mix\/","title":{"rendered":"Protein Mix"},"content":{"rendered":"<div>\n<h6>Indica\u00e7\u00e3o:<\/h6>\n<\/div>\n<div>Esta forma pura cont\u00e9m 65% de prote\u00edna em peso. Estas prote\u00ednas ajudam a prevenir a degrada\u00e7\u00e3o muscular e a fornecer reservas de glicog\u00e9nio durante o treino e os voos. Ao mesmo tempo, estas prote\u00ednas constituem uma importante fonte de amino\u00e1cidos essenciais e amino\u00e1cidos de cadeia ramificada, como valina, leucina e isoleucina. Estes amino\u00e1cidos est\u00e3o presentes principalmente nos m\u00fasculos e, durante esfor\u00e7os intensos, as c\u00e9lulas musculares podem converter rapidamente estes tr\u00eas amino\u00e1cidos em energia. Os amino\u00e1cidos essenciais n\u00e3o podem ser sintetizados pelo organismo e devem ser fornecidos na dieta. As fontes de prote\u00edna que cont\u00eam todos os amino\u00e1cidos essenciais s\u00e3o chamadas prote\u00ednas completas. PROTEIN MIX \u00e9 uma prote\u00edna completa e ajuda a fornecer todos os amino\u00e1cidos essenciais \u00e0s aves. A necessidade de prote\u00edna depende da idade das aves, da esta\u00e7\u00e3o e do desempenho exigido.<\/div>\n<h6>Dosagem:<\/h6>\n<div>Dosagem geral (misturado com iogurte): Durante a \u00e9poca de corridas para uma recupera\u00e7\u00e3o r\u00e1pida e grandes reservas de energia: 20 gramas por quilo de alimento humedecido, imediatamente ap\u00f3s o regresso a casa durante 3 dias consecutivos.<\/div>\n<div>Durante a \u00e9poca de corridas para uma recupera\u00e7\u00e3o r\u00e1pida, grande energia e reservas elevadas: 20 gramas por quilo de alimento humedecido, imediatamente ap\u00f3s o regresso a casa durante 3 dias consecutivos.<\/div>\n<div>Durante a muda para penas saud\u00e1veis e fortes: 20 gramas por quilo de alimento humedecido, duas vezes por semana.<\/div>\n<div>Durante a reprodu\u00e7\u00e3o para crias bem desenvolvidas: 20 gramas por quilo de alimento humedecido, duas vezes por semana. Uma colher doseadora cheia corresponde a cerca de 20 g de produto.<\/div>\n<h6>Conte\u00fado:<\/h6>\n<div>500 g produto alimentar para pombos desportivos.<\/div>\n","protected":false},"excerpt":{"rendered":"<p>Indica\u00e7\u00e3o: Esta forma pura cont\u00e9m 65% de prote\u00edna em peso. Estas prote\u00ednas ajudam a prevenir a degrada\u00e7\u00e3o muscular e a fornecer reservas&hellip;<\/p>\n","protected":false},"featured_media":15457,"template":"","meta":[],"product_cat":[325,326],"product_tag":[],"class_list":{"0":"post-15456","1":"product","2":"type-product","3":"status-publish","4":"has-post-thumbnail","6":"product_cat-suplementos-para-aves","7":"product_cat-suplementos-para-pombos","9":"first","10":"instock","11":"shipping-taxable","12":"product-type-simple"},"_links":{"self":[{"href":"https:\/\/care4bird.nl\/pt-pt\/wp-json\/wp\/v2\/product\/15456","targetHints":{"allow":["GET"]}}],"collection":[{"href":"https:\/\/care4bird.nl\/pt-pt\/wp-json\/wp\/v2\/product"}],"about":[{"href":"https:\/\/care4bird.nl\/pt-pt\/wp-json\/wp\/v2\/types\/product"}],"wp:featuredmedia":[{"embeddable":true,"href":"https:\/\/care4bird.nl\/pt-pt\/wp-json\/wp\/v2\/media\/15457"}],"wp:attachment":[{"href":"https:\/\/care4bird.nl\/pt-pt\/wp-json\/wp\/v2\/media?parent=15456"}],"wp:term":[{"taxonomy":"product_cat","embeddable":true,"href":"https:\/\/care4bird.nl\/pt-pt\/wp-json\/wp\/v2\/product_cat?post=15456"},{"taxonomy":"product_tag","embeddable":true,"href":"https:\/\/care4bird.nl\/pt-pt\/wp-json\/wp\/v2\/product_tag?post=15456"}],"curies":[{"name":"wp","href":"https:\/\/api.w.org\/{rel}","templated":true}]}}