{"id":15463,"date":"2025-11-03T11:16:18","date_gmt":"2025-11-03T11:16:18","guid":{"rendered":"https:\/\/care4bird.nl\/product\/fast-form\/"},"modified":"2026-04-16T11:14:05","modified_gmt":"2026-04-16T11:14:05","slug":"fast-form","status":"publish","type":"product","link":"https:\/\/care4bird.nl\/pt-pt\/produto\/fast-form\/","title":{"rendered":"Fast Form"},"content":{"rendered":"<div>\n<h6>Indica\u00e7\u00e3o:<\/h6>\n<\/div>\n<div>Para melhorar o desempenho e desinfetar a \u00e1gua de bebida. Pombos de alto desempenho n\u00e3o podem ser alimentados apenas com gr\u00e3os e \u00e1gua; as aves estar\u00e3o em \u00f3tima forma com FASTFORM!<\/div>\n<h6>Dosagem:<\/h6>\n<div>\nPara melhorar o desempenho durante o per\u00edodo de corridas: diariamente 5 ml por 2-3 litros (2 ml\/litro) de \u00e1gua de bebida limpa. Em dias muito quentes, aumentar a quantidade de \u00e1gua para 5 litros. No dia do voo, dar apenas \u00e1gua limpa! Durante a reprodu\u00e7\u00e3o e a muda: 5 ml por 5 litros (1 ml\/litro) de \u00e1gua de bebida limpa 1-2 vezes por semana.\n<\/div>\n<div>\nPara desinfetar a \u00e1gua dos bebedouros durante o resto do ano: uma vez por semana 5 ml por 5 litros (1 ml\/litro) de \u00e1gua de bebida. Agitar bem antes de usar!\n<\/div>\n<div>\n<b>Importante:<\/b> n\u00e3o utilizar recipientes galvanizados ou de cobre. Podem ser utilizados recipientes de a\u00e7o inoxid\u00e1vel.\n<\/div>\n<h6>Composi\u00e7\u00e3o (por 1000 ml de produto):<\/h6>\n<div>\nSulfato de cobalto(II) 7H2O 60 mg<br \/>\nIodeto de pot\u00e1ssio 90.000 mg<br \/>\nMolibdato de s\u00f3dio 2H2O 20 mg<br \/>\nCitrato de am\u00f3nio f\u00e9rrico 50.000 mg\n<\/div>\n<h4>Notas<\/h4>\n<div>\n&#8211; Conservar em local seco, protegido da luz solar direta, entre 0 e 30 \u00b0C.<br \/>\n&#8211; Prazo de validade ap\u00f3s abertura: um (1) ano.<br \/>\n&#8211; N\u00ba do lote e data de validade: ver embalagem.<br \/>\n&#8211; Manter fora do alcance das crian\u00e7as.<br \/>\n&#8211; Apenas para uso animal. N\u00e3o utilizar em animais destinados ao consumo humano.\n<\/div>\n","protected":false},"excerpt":{"rendered":"<p>Indica\u00e7\u00e3o: Para melhorar o desempenho e desinfetar a \u00e1gua de bebida. Pombos de alto desempenho n\u00e3o podem ser alimentados apenas com gr\u00e3os&hellip;<\/p>\n","protected":false},"featured_media":15464,"template":"","meta":[],"product_cat":[326],"product_tag":[],"class_list":{"0":"post-15463","1":"product","2":"type-product","3":"status-publish","4":"has-post-thumbnail","6":"product_cat-suplementos-para-pombos","8":"first","9":"instock","10":"shipping-taxable","11":"product-type-simple"},"_links":{"self":[{"href":"https:\/\/care4bird.nl\/pt-pt\/wp-json\/wp\/v2\/product\/15463","targetHints":{"allow":["GET"]}}],"collection":[{"href":"https:\/\/care4bird.nl\/pt-pt\/wp-json\/wp\/v2\/product"}],"about":[{"href":"https:\/\/care4bird.nl\/pt-pt\/wp-json\/wp\/v2\/types\/product"}],"wp:featuredmedia":[{"embeddable":true,"href":"https:\/\/care4bird.nl\/pt-pt\/wp-json\/wp\/v2\/media\/15464"}],"wp:attachment":[{"href":"https:\/\/care4bird.nl\/pt-pt\/wp-json\/wp\/v2\/media?parent=15463"}],"wp:term":[{"taxonomy":"product_cat","embeddable":true,"href":"https:\/\/care4bird.nl\/pt-pt\/wp-json\/wp\/v2\/product_cat?post=15463"},{"taxonomy":"product_tag","embeddable":true,"href":"https:\/\/care4bird.nl\/pt-pt\/wp-json\/wp\/v2\/product_tag?post=15463"}],"curies":[{"name":"wp","href":"https:\/\/api.w.org\/{rel}","templated":true}]}}