{"id":15468,"date":"2025-11-03T11:15:22","date_gmt":"2025-11-03T11:15:22","guid":{"rendered":"https:\/\/care4bird.nl\/product\/wonder-care\/"},"modified":"2026-04-16T11:15:42","modified_gmt":"2026-04-16T11:15:42","slug":"wonder-care","status":"publish","type":"product","link":"https:\/\/care4bird.nl\/pt-pt\/produto\/wonder-care\/","title":{"rendered":"Wonder Care"},"content":{"rendered":"<div>\nPara a melhoria da sa\u00fade intestinal e a preven\u00e7\u00e3o de infe\u00e7\u00f5es bacterianas.<\/p>\n<p>Wonder Care tem efeitos positivos que muitos outros produtos n\u00e3o t\u00eam. \u00c9 eficaz contra infe\u00e7\u00f5es bacterianas, E. coli, Salmonella, mas tamb\u00e9m contra problemas de infe\u00e7\u00f5es por adenov\u00edrus. Wonder Care melhora a microflora do est\u00f4mago e previne a infe\u00e7\u00e3o por bact\u00e9rias ent\u00e9ricas nos pombos, o que \u00e9 muito importante ap\u00f3s corridas exaustivas e stress.\n<\/p><\/div>\n<h6>Dosagem e instru\u00e7\u00f5es de utiliza\u00e7\u00e3o:<\/h6>\n<div>Per\u00edodo de reprodu\u00e7\u00e3o e pombos jovens para um crescimento forte:<\/div>\n<div>1,5 ml \/ 1 l de \u00e1gua: 1-2 vezes por semana<\/div>\n<div>\u00c9poca de corridas:<\/div>\n<div>&#8211; No dia seguinte \u00e0 chegada: 1 ml \/ 1 l de \u00e1gua<\/div>\n<div>&#8211; No dia anterior ao envio: 1 ml \/ 1 l de \u00e1gua<\/div>\n<div>Muda e per\u00edodo de inverno: 1,5 ml \/ 1 l de \u00e1gua: 1-2 vezes por semana<\/div>\n","protected":false},"excerpt":{"rendered":"<p>Para a melhoria da sa\u00fade intestinal e a preven\u00e7\u00e3o de infe\u00e7\u00f5es bacterianas. Wonder Care tem efeitos positivos que muitos outros produtos n\u00e3o&hellip;<\/p>\n","protected":false},"featured_media":15153,"template":"","meta":[],"product_cat":[326],"product_tag":[],"class_list":{"0":"post-15468","1":"product","2":"type-product","3":"status-publish","4":"has-post-thumbnail","6":"product_cat-suplementos-para-pombos","8":"first","9":"instock","10":"shipping-taxable","11":"product-type-simple"},"_links":{"self":[{"href":"https:\/\/care4bird.nl\/pt-pt\/wp-json\/wp\/v2\/product\/15468","targetHints":{"allow":["GET"]}}],"collection":[{"href":"https:\/\/care4bird.nl\/pt-pt\/wp-json\/wp\/v2\/product"}],"about":[{"href":"https:\/\/care4bird.nl\/pt-pt\/wp-json\/wp\/v2\/types\/product"}],"wp:featuredmedia":[{"embeddable":true,"href":"https:\/\/care4bird.nl\/pt-pt\/wp-json\/wp\/v2\/media\/15153"}],"wp:attachment":[{"href":"https:\/\/care4bird.nl\/pt-pt\/wp-json\/wp\/v2\/media?parent=15468"}],"wp:term":[{"taxonomy":"product_cat","embeddable":true,"href":"https:\/\/care4bird.nl\/pt-pt\/wp-json\/wp\/v2\/product_cat?post=15468"},{"taxonomy":"product_tag","embeddable":true,"href":"https:\/\/care4bird.nl\/pt-pt\/wp-json\/wp\/v2\/product_tag?post=15468"}],"curies":[{"name":"wp","href":"https:\/\/api.w.org\/{rel}","templated":true}]}}