{"id":15472,"date":"2025-11-03T11:15:11","date_gmt":"2025-11-03T11:15:11","guid":{"rendered":"https:\/\/care4bird.nl\/product\/carni-form\/"},"modified":"2026-04-16T11:16:33","modified_gmt":"2026-04-16T11:16:33","slug":"carni-form","status":"publish","type":"product","link":"https:\/\/care4bird.nl\/pt-pt\/produto\/carni-form\/","title":{"rendered":"Carni Form"},"content":{"rendered":"<div>\nEsta combina\u00e7\u00e3o tem um papel central no metabolismo dos l\u00edpidos dos pombos. O pombo recebe a quantidade necess\u00e1ria de L-carnitina. Al\u00e9m disso, o produto cont\u00e9m magn\u00e9sio e sel\u00e9nio para uma melhor fun\u00e7\u00e3o muscular.\n<\/div>\n<h6>Dosagem<\/h6>\n<div>\nCarni-Form pode ser administrado atrav\u00e9s da \u00e1gua de bebida ou da comida:\n<\/div>\n<div>&#8211; 10 ml por litro de \u00e1gua de bebida<\/div>\n<div>&#8211; ou 15 ml por 1 kg de alimento<\/div>\n<div>&#8211; Administrar para proteger os m\u00fasculos pelo menos 14 dias antes do primeiro voo, ou antes do in\u00edcio das provas de competi\u00e7\u00e3o, diariamente<\/div>\n<div>&#8211; Durante a \u00e9poca de corridas entre voos: 1 a 5 dias por semana<\/div>\n<h6>Composi\u00e7\u00e3o:<\/h6>\n<div>L-Carnitina &#8211; 150 000 mg<\/div>\n<div>Cloreto de magn\u00e9sio &#8211; 50 000 mg<\/div>\n<div>Selenito de s\u00f3dio &#8211; 70 mg<\/div>\n<div>Conservante &#8211; 7000 mg<\/div>\n","protected":false},"excerpt":{"rendered":"<p>Esta combina\u00e7\u00e3o tem um papel central no metabolismo dos l\u00edpidos dos pombos. O pombo recebe a quantidade necess\u00e1ria de L-carnitina. Al\u00e9m disso,&hellip;<\/p>\n","protected":false},"featured_media":15473,"template":"","meta":[],"product_cat":[326],"product_tag":[],"class_list":{"0":"post-15472","1":"product","2":"type-product","3":"status-publish","4":"has-post-thumbnail","6":"product_cat-suplementos-para-pombos","8":"first","9":"instock","10":"shipping-taxable","11":"product-type-simple"},"_links":{"self":[{"href":"https:\/\/care4bird.nl\/pt-pt\/wp-json\/wp\/v2\/product\/15472","targetHints":{"allow":["GET"]}}],"collection":[{"href":"https:\/\/care4bird.nl\/pt-pt\/wp-json\/wp\/v2\/product"}],"about":[{"href":"https:\/\/care4bird.nl\/pt-pt\/wp-json\/wp\/v2\/types\/product"}],"wp:featuredmedia":[{"embeddable":true,"href":"https:\/\/care4bird.nl\/pt-pt\/wp-json\/wp\/v2\/media\/15473"}],"wp:attachment":[{"href":"https:\/\/care4bird.nl\/pt-pt\/wp-json\/wp\/v2\/media?parent=15472"}],"wp:term":[{"taxonomy":"product_cat","embeddable":true,"href":"https:\/\/care4bird.nl\/pt-pt\/wp-json\/wp\/v2\/product_cat?post=15472"},{"taxonomy":"product_tag","embeddable":true,"href":"https:\/\/care4bird.nl\/pt-pt\/wp-json\/wp\/v2\/product_tag?post=15472"}],"curies":[{"name":"wp","href":"https:\/\/api.w.org\/{rel}","templated":true}]}}