{"id":15481,"date":"2025-11-03T11:14:27","date_gmt":"2025-11-03T11:14:27","guid":{"rendered":"https:\/\/care4bird.nl\/product\/energy-mix\/"},"modified":"2026-04-16T11:18:42","modified_gmt":"2026-04-16T11:18:42","slug":"energy-mix","status":"publish","type":"product","link":"https:\/\/care4bird.nl\/pt-pt\/produto\/energy-mix\/","title":{"rendered":"Energy Mix"},"content":{"rendered":"<h6>Mistura energ\u00e9tica com creatina e carnitina.<\/h6>\n<div>\nEnergy Mix melhora a resist\u00eancia dos seus pombos. Para uma musculatura de alto desempenho. Energy Mix promove uma recupera\u00e7\u00e3o mais r\u00e1pida ap\u00f3s o esfor\u00e7o.\n<\/div>\n<h6>Dosagem:<\/h6>\n<div>\n1 colher doseadora (12,5 g) por 1 l de \u00e1gua de bebida ou 1 kg de alimento\n<\/div>\n<div>Antes do voo: 2 dias consecutivos<\/div>\n<div>Ao regressar a casa: 1 dia<\/div>\n<h6>Composi\u00e7\u00e3o:<\/h6>\n<div class=\"separator\">\n<a href=\"https:\/\/blogger.googleusercontent.com\/img\/b\/R29vZ2xl\/AVvXsEinZnxGHEvWyAoLHJO8gwn2RmFmXd7W5mzsNBXRGuW0JC_nj-f6LDa_nceKJVowWxFKn1d2D6QtfXsocQfoPvBztRN2C2k7pQzjkEr7cszJ35-vM2XDClwYrqi8j6nh36VAGRDaNXMwYvr4\/s1600\/composition_energy_mix1.jpg\" target=\"_blank\" rel=\"noopener\"><br \/>\n<img decoding=\"async\" src=\"https:\/\/blogger.googleusercontent.com\/img\/b\/R29vZ2xl\/AVvXsEinZnxGHEvWyAoLHJO8gwn2RmFmXd7W5mzsNBXRGuW0JC_nj-f6LDa_nceKJVowWxFKn1d2D6QtfXsocQfoPvBztRN2C2k7pQzjkEr7cszJ35-vM2XDClwYrqi8j6nh36VAGRDaNXMwYvr4\/s320\/composition_energy_mix1.jpg\" width=\"320\" height=\"147\" border=\"0\" data-original-height=\"426\" data-original-width=\"922\" \/><br \/>\n<\/a>\n<\/div>\n<h6>Embalagem:<\/h6>\n<div>Frasco PVC de 650 g<\/div>\n","protected":false},"excerpt":{"rendered":"<p>Mistura energ\u00e9tica com creatina e carnitina. Energy Mix melhora a resist\u00eancia dos seus pombos. Para uma musculatura de alto desempenho. Energy Mix&hellip;<\/p>\n","protected":false},"featured_media":15482,"template":"","meta":[],"product_cat":[326],"product_tag":[],"class_list":{"0":"post-15481","1":"product","2":"type-product","3":"status-publish","4":"has-post-thumbnail","6":"product_cat-suplementos-para-pombos","8":"first","9":"instock","10":"shipping-taxable","11":"product-type-simple"},"_links":{"self":[{"href":"https:\/\/care4bird.nl\/pt-pt\/wp-json\/wp\/v2\/product\/15481","targetHints":{"allow":["GET"]}}],"collection":[{"href":"https:\/\/care4bird.nl\/pt-pt\/wp-json\/wp\/v2\/product"}],"about":[{"href":"https:\/\/care4bird.nl\/pt-pt\/wp-json\/wp\/v2\/types\/product"}],"wp:featuredmedia":[{"embeddable":true,"href":"https:\/\/care4bird.nl\/pt-pt\/wp-json\/wp\/v2\/media\/15482"}],"wp:attachment":[{"href":"https:\/\/care4bird.nl\/pt-pt\/wp-json\/wp\/v2\/media?parent=15481"}],"wp:term":[{"taxonomy":"product_cat","embeddable":true,"href":"https:\/\/care4bird.nl\/pt-pt\/wp-json\/wp\/v2\/product_cat?post=15481"},{"taxonomy":"product_tag","embeddable":true,"href":"https:\/\/care4bird.nl\/pt-pt\/wp-json\/wp\/v2\/product_tag?post=15481"}],"curies":[{"name":"wp","href":"https:\/\/api.w.org\/{rel}","templated":true}]}}