{"id":15487,"date":"2025-11-03T11:13:35","date_gmt":"2025-11-03T11:13:35","guid":{"rendered":"https:\/\/care4bird.nl\/product\/energy-oil\/"},"modified":"2026-04-16T11:20:18","modified_gmt":"2026-04-16T11:20:18","slug":"energy-oil","status":"publish","type":"product","link":"https:\/\/care4bird.nl\/pt-pt\/produto\/energy-oil\/","title":{"rendered":"Energy Oil"},"content":{"rendered":"<h6>\u00d3leo energ\u00e9tico com 10 \u00f3leos diferentes ricos em \u00f3mega 3 e \u00f3mega 6<\/h6>\n<div>\nEnergy Oil \u00e9 uma fonte de alta energia. Ideal para construir a condi\u00e7\u00e3o geral e fornecer as gorduras necess\u00e1rias durante os voos.\n<\/div>\n<ul>\n<li>Fornecedor de energia ideal.<\/li>\n<\/ul>\n<ul>\n<li>Ajuda a construir a condi\u00e7\u00e3o f\u00edsica.<\/li>\n<\/ul>\n<ul>\n<li>Ajuda a promover a resist\u00eancia natural.<\/li>\n<\/ul>\n<h6>Dosagem<\/h6>\n<div>\nAdicionar uma tampa (15 ml) de Care 4 Birds Energy Oil a 1 kg de alimento.\n<\/div>\n<div><b>\u00c9poca de corridas:<\/b> uma ou duas vezes por semana.<\/div>\n<div><b>Corridas de longa dist\u00e2ncia:<\/b> duas vezes por semana.<\/div>\n<div><b>Pombos jovens:<\/b> uma ou duas vezes por semana.<\/div>\n<div><b>Per\u00edodo de muda:<\/b> duas vezes por semana.<\/div>\n<div><b>Per\u00edodo de reprodu\u00e7\u00e3o:<\/b> uma ou duas vezes por semana.<\/div>\n<div>N\u00e3o misturar este produto com \u00e1gua!<\/div>\n<h6>Composi\u00e7\u00e3o:<\/h6>\n<div>\nLecitina (alimenta os m\u00fasculos e o sistema nervoso) ; \u00d3leo de salm\u00e3o (rico em \u00e1cidos gordos para resist\u00eancia) ; \u00d3leo de g\u00e9rmen de milho (impulsionador de energia) ; \u00d3leo de linha\u00e7a (para fertilidade e crescimento muscular) ; \u00d3leo de amendoim (para condi\u00e7\u00e3o muscular ideal) ; \u00d3leo de c\u00e2nhamo (melhora energia e forma) ; \u00d3leo de g\u00e9rmen de trigo (vitamina E natural) ; \u00d3leo de soja (liberta\u00e7\u00e3o m\u00e1xima de energia) ; \u00d3leo de cominho preto (para sa\u00fade e condi\u00e7\u00e3o ideal) ; \u00d3leo de borragem (refor\u00e7a o metabolismo e a imunidade natural)\n<\/div>\n","protected":false},"excerpt":{"rendered":"<p>\u00d3leo energ\u00e9tico com 10 \u00f3leos diferentes ricos em \u00f3mega 3 e \u00f3mega 6 Energy Oil \u00e9 uma fonte de alta energia. Ideal&hellip;<\/p>\n","protected":false},"featured_media":15488,"template":"","meta":[],"product_cat":[326],"product_tag":[],"class_list":{"0":"post-15487","1":"product","2":"type-product","3":"status-publish","4":"has-post-thumbnail","6":"product_cat-suplementos-para-pombos","8":"first","9":"instock","10":"shipping-taxable","11":"product-type-simple"},"_links":{"self":[{"href":"https:\/\/care4bird.nl\/pt-pt\/wp-json\/wp\/v2\/product\/15487","targetHints":{"allow":["GET"]}}],"collection":[{"href":"https:\/\/care4bird.nl\/pt-pt\/wp-json\/wp\/v2\/product"}],"about":[{"href":"https:\/\/care4bird.nl\/pt-pt\/wp-json\/wp\/v2\/types\/product"}],"wp:featuredmedia":[{"embeddable":true,"href":"https:\/\/care4bird.nl\/pt-pt\/wp-json\/wp\/v2\/media\/15488"}],"wp:attachment":[{"href":"https:\/\/care4bird.nl\/pt-pt\/wp-json\/wp\/v2\/media?parent=15487"}],"wp:term":[{"taxonomy":"product_cat","embeddable":true,"href":"https:\/\/care4bird.nl\/pt-pt\/wp-json\/wp\/v2\/product_cat?post=15487"},{"taxonomy":"product_tag","embeddable":true,"href":"https:\/\/care4bird.nl\/pt-pt\/wp-json\/wp\/v2\/product_tag?post=15487"}],"curies":[{"name":"wp","href":"https:\/\/api.w.org\/{rel}","templated":true}]}}