{"id":15493,"date":"2025-11-03T11:13:33","date_gmt":"2025-11-03T11:13:33","guid":{"rendered":"https:\/\/care4bird.nl\/product\/entero-care\/"},"modified":"2026-04-16T11:25:06","modified_gmt":"2026-04-16T11:25:06","slug":"entero-care","status":"publish","type":"product","link":"https:\/\/care4bird.nl\/pt-pt\/produto\/entero-care\/","title":{"rendered":"Entero Care"},"content":{"rendered":"<h6>Probi\u00f3tico para pombos<\/h6>\n<div>\nEsta mistura probi\u00f3tica contendo bact\u00e9rias de \u00e1cido l\u00e1ctico naturais garante um bom equil\u00edbrio da flora intestinal. As bact\u00e9rias adaptam-se ao trato intestinal e criam um ambiente \u00e1cido. Para obter um produto ideal, tamb\u00e9m foram adicionadas vitaminas e minerais.<br \/>\nEntero Care deve ser administrado de prefer\u00eancia:\n<\/div>\n<div>&#8211; Ap\u00f3s vacina\u00e7\u00f5es e tratamentos medicamentosos<\/div>\n<div>&#8211; Quando existem problemas na flora intestinal e nas fezes<\/div>\n<div>&#8211; Durante per\u00edodos de stress (primeiros voos, voos de pombos jovens)<\/div>\n<div>&#8211; Ap\u00f3s o regresso a casa para acelerar a recupera\u00e7\u00e3o<\/div>\n<h6>Dosagem e instru\u00e7\u00f5es de utiliza\u00e7\u00e3o:<\/h6>\n<div>\n1 colher doseadora (10 g) por 1 litro de \u00e1gua ou 1 colher doseadora inclu\u00edda por 1 kg de alimento, durante 2 dias consecutivos.\n<\/div>\n<div>Entero Care pode ser administrado todas as semanas.<\/div>\n","protected":false},"excerpt":{"rendered":"<p>Probi\u00f3tico para pombos Esta mistura probi\u00f3tica contendo bact\u00e9rias de \u00e1cido l\u00e1ctico naturais garante um bom equil\u00edbrio da flora intestinal. As bact\u00e9rias adaptam-se&hellip;<\/p>\n","protected":false},"featured_media":15494,"template":"","meta":[],"product_cat":[325,326],"product_tag":[],"class_list":{"0":"post-15493","1":"product","2":"type-product","3":"status-publish","4":"has-post-thumbnail","6":"product_cat-suplementos-para-aves","7":"product_cat-suplementos-para-pombos","9":"first","10":"instock","11":"shipping-taxable","12":"product-type-simple"},"_links":{"self":[{"href":"https:\/\/care4bird.nl\/pt-pt\/wp-json\/wp\/v2\/product\/15493","targetHints":{"allow":["GET"]}}],"collection":[{"href":"https:\/\/care4bird.nl\/pt-pt\/wp-json\/wp\/v2\/product"}],"about":[{"href":"https:\/\/care4bird.nl\/pt-pt\/wp-json\/wp\/v2\/types\/product"}],"wp:featuredmedia":[{"embeddable":true,"href":"https:\/\/care4bird.nl\/pt-pt\/wp-json\/wp\/v2\/media\/15494"}],"wp:attachment":[{"href":"https:\/\/care4bird.nl\/pt-pt\/wp-json\/wp\/v2\/media?parent=15493"}],"wp:term":[{"taxonomy":"product_cat","embeddable":true,"href":"https:\/\/care4bird.nl\/pt-pt\/wp-json\/wp\/v2\/product_cat?post=15493"},{"taxonomy":"product_tag","embeddable":true,"href":"https:\/\/care4bird.nl\/pt-pt\/wp-json\/wp\/v2\/product_tag?post=15493"}],"curies":[{"name":"wp","href":"https:\/\/api.w.org\/{rel}","templated":true}]}}