{"id":15499,"date":"2025-11-03T11:12:48","date_gmt":"2025-11-03T11:12:48","guid":{"rendered":"https:\/\/care4bird.nl\/product\/glucovit\/"},"modified":"2026-04-16T11:26:34","modified_gmt":"2026-04-16T11:26:34","slug":"glucovit","status":"publish","type":"product","link":"https:\/\/care4bird.nl\/pt-pt\/produto\/glucovit\/","title":{"rendered":"Glucovit"},"content":{"rendered":"<h6>GLUCOVIT GLUCOSE + VITAMINAS pode ser combinado na \u00e1gua de bebida com CARELYT.<\/h6>\n<h6>Dosagem<\/h6>\n<div>Adicionar \u00e0 \u00e1gua de bebida.<\/div>\n<div><b>Per\u00edodo de muda \/ inverno:<\/b> uma vez por semana, 2 colheres de sopa em 2 litros (aprox. 40 pombos)<\/div>\n<div><b>Per\u00edodo de reprodu\u00e7\u00e3o:<\/b> duas vezes por semana, 2 colheres de sopa em 2 litros (aprox. 40 pombos)<\/div>\n<div><b>Pombos jovens em crescimento:<\/b> 5 dias consecutivos<\/div>\n<div><b>\u00c9poca de corridas:<\/b> duas vezes por semana, 2 colheres de sopa em 2 litros (aprox. 40 pombos)<\/div>\n<div>Para longas dist\u00e2ncias, at\u00e9 3 vezes por semana, 3 colheres por 2 litros de \u00e1gua de bebida<\/div>\n<div>Tamb\u00e9m \u00e9 poss\u00edvel adicionar GLUCOVIT ao alimento dos pombos na mesma dosagem (\u00b1 40 pombos uma vez por dia).<\/div>\n<div>Primeiro humedecer o gr\u00e3o antes de misturar com GLUCOVIT.<\/div>\n<h6>F\u00f3rmula<\/h6>\n<div>Vit. A 6000 i.e.<\/div>\n<div>Vit. D3 1200 i.e.<\/div>\n<div>Vit. E 20 mg<\/div>\n<div>Vit. C 10 mg<\/div>\n<div>Vit. K3 1,5 mg<\/div>\n<div>Vit. B1 280 mg<\/div>\n<div>Vit. B2 400 mg<\/div>\n<div>Nicotinamida 30 mg<\/div>\n<div>\u00c1cido pantot\u00e9nico 10 mg<\/div>\n<div>Colina 100 mg<\/div>\n<div>Oligoelementos<\/div>\n<div>Dextrose q.s. para 1000 g<\/div>\n","protected":false},"excerpt":{"rendered":"<p>GLUCOVIT GLUCOSE + VITAMINAS pode ser combinado na \u00e1gua de bebida com CARELYT. Dosagem Adicionar \u00e0 \u00e1gua de bebida. Per\u00edodo de muda&hellip;<\/p>\n","protected":false},"featured_media":15500,"template":"","meta":[],"product_cat":[326],"product_tag":[],"class_list":{"0":"post-15499","1":"product","2":"type-product","3":"status-publish","4":"has-post-thumbnail","6":"product_cat-suplementos-para-pombos","8":"first","9":"instock","10":"shipping-taxable","11":"product-type-simple"},"_links":{"self":[{"href":"https:\/\/care4bird.nl\/pt-pt\/wp-json\/wp\/v2\/product\/15499","targetHints":{"allow":["GET"]}}],"collection":[{"href":"https:\/\/care4bird.nl\/pt-pt\/wp-json\/wp\/v2\/product"}],"about":[{"href":"https:\/\/care4bird.nl\/pt-pt\/wp-json\/wp\/v2\/types\/product"}],"wp:featuredmedia":[{"embeddable":true,"href":"https:\/\/care4bird.nl\/pt-pt\/wp-json\/wp\/v2\/media\/15500"}],"wp:attachment":[{"href":"https:\/\/care4bird.nl\/pt-pt\/wp-json\/wp\/v2\/media?parent=15499"}],"wp:term":[{"taxonomy":"product_cat","embeddable":true,"href":"https:\/\/care4bird.nl\/pt-pt\/wp-json\/wp\/v2\/product_cat?post=15499"},{"taxonomy":"product_tag","embeddable":true,"href":"https:\/\/care4bird.nl\/pt-pt\/wp-json\/wp\/v2\/product_tag?post=15499"}],"curies":[{"name":"wp","href":"https:\/\/api.w.org\/{rel}","templated":true}]}}