{"id":15505,"date":"2025-11-03T11:12:01","date_gmt":"2025-11-03T11:12:01","guid":{"rendered":"https:\/\/care4bird.nl\/product\/carelyt\/"},"modified":"2026-04-16T11:29:06","modified_gmt":"2026-04-16T11:29:06","slug":"carelyt","status":"publish","type":"product","link":"https:\/\/care4bird.nl\/pt-pt\/produto\/carelyt\/","title":{"rendered":"Carelyt"},"content":{"rendered":"<h6>Indica\u00e7\u00e3o :<\/h6>\n<div>Sal de voo para pombos de corrida<\/div>\n<div>CARELYT regula o equil\u00edbrio \u00e1cido e h\u00eddrico das suas aves. Acelera a recupera\u00e7\u00e3o dos pombos ap\u00f3s voos longos. Devolve rapidamente os pombos \u00e0 sua melhor forma.<\/div>\n<h6>Dosagem :<\/h6>\n<div>Instru\u00e7\u00f5es de utiliza\u00e7\u00e3o :<\/div>\n<div>Quando os pombos regressam dos voos est\u00e3o muito sedentos. D\u00ea primeiro \u00e1gua limpa e fresca.<\/div>\n<div>Ap\u00f3s 2 horas, forne\u00e7a novamente \u00e1gua fresca misturada com CARELYT.<\/div>\n<div>Dissolver 25 g de CARELYT (1 colher de sopa) em 2 litros de \u00e1gua de bebida e deixar \u00e0 disposi\u00e7\u00e3o durante 24 horas.<\/div>\n<div>Depois retirar e continuar com \u00e1gua fresca normal.<\/div>\n<div>CARELYT pode ser usado em combina\u00e7\u00e3o com a maioria dos medicamentos para pombos de corrida.<\/div>\n<h6>Conte\u00fado<\/h6>\n<div>600 g<\/div>\n","protected":false},"excerpt":{"rendered":"<p>Indica\u00e7\u00e3o : Sal de voo para pombos de corrida CARELYT regula o equil\u00edbrio \u00e1cido e h\u00eddrico das suas aves. Acelera a recupera\u00e7\u00e3o&hellip;<\/p>\n","protected":false},"featured_media":15506,"template":"","meta":[],"product_cat":[326],"product_tag":[],"class_list":{"0":"post-15505","1":"product","2":"type-product","3":"status-publish","4":"has-post-thumbnail","6":"product_cat-suplementos-para-pombos","8":"first","9":"instock","10":"shipping-taxable","11":"product-type-simple"},"_links":{"self":[{"href":"https:\/\/care4bird.nl\/pt-pt\/wp-json\/wp\/v2\/product\/15505","targetHints":{"allow":["GET"]}}],"collection":[{"href":"https:\/\/care4bird.nl\/pt-pt\/wp-json\/wp\/v2\/product"}],"about":[{"href":"https:\/\/care4bird.nl\/pt-pt\/wp-json\/wp\/v2\/types\/product"}],"wp:featuredmedia":[{"embeddable":true,"href":"https:\/\/care4bird.nl\/pt-pt\/wp-json\/wp\/v2\/media\/15506"}],"wp:attachment":[{"href":"https:\/\/care4bird.nl\/pt-pt\/wp-json\/wp\/v2\/media?parent=15505"}],"wp:term":[{"taxonomy":"product_cat","embeddable":true,"href":"https:\/\/care4bird.nl\/pt-pt\/wp-json\/wp\/v2\/product_cat?post=15505"},{"taxonomy":"product_tag","embeddable":true,"href":"https:\/\/care4bird.nl\/pt-pt\/wp-json\/wp\/v2\/product_tag?post=15505"}],"curies":[{"name":"wp","href":"https:\/\/api.w.org\/{rel}","templated":true}]}}