{"id":15511,"date":"2025-11-03T11:11:31","date_gmt":"2025-11-03T11:11:31","guid":{"rendered":"https:\/\/care4bird.nl\/product\/probiocare\/"},"modified":"2026-04-16T11:32:21","modified_gmt":"2026-04-16T11:32:21","slug":"probiocare","status":"publish","type":"product","link":"https:\/\/care4bird.nl\/pt-pt\/produto\/probiocare\/","title":{"rendered":"ProbioCare"},"content":{"rendered":"<h6>Probi\u00f3ticos e prebi\u00f3ticos para regenera\u00e7\u00e3o da flora intestinal<\/h6>\n<div>\nCombina\u00e7\u00e3o probi\u00f3tica-prebi\u00f3tica para regenera\u00e7\u00e3o e melhoria da flora intestinal. ProbioCare cont\u00e9m uma combina\u00e7\u00e3o especial de diferentes probi\u00f3ticos e prebi\u00f3ticos que atuam em sinergia para melhorar a regula\u00e7\u00e3o intestinal. ProbioCare \u00e9 uma excelente escolha:\n<\/div>\n<div>\n&#8211; ap\u00f3s administra\u00e7\u00e3o de antibi\u00f3ticos<br \/>\n&#8211; ap\u00f3s vacina\u00e7\u00f5es<br \/>\n&#8211; como refor\u00e7o imunit\u00e1rio ap\u00f3s provas de voo<br \/>\n&#8211; ap\u00f3s exposi\u00e7\u00f5es\n<\/div>\n<div>\nA indigest\u00e3o \u00e9 um sinal de v\u00e1rios microrganismos patog\u00e9nicos e endoparasitas. Em muitos casos, observa-se em voos intensos e na reprodu\u00e7\u00e3o.<br \/>\nProbioCare cont\u00e9m uma combina\u00e7\u00e3o especial de v\u00e1rios probi\u00f3ticos em forma microencapsulada, bem como uma combina\u00e7\u00e3o \u00fanica de hidratos de carbono que regulam a flora intestinal.\n<\/div>\n<div>\nDiferentes bact\u00e9rias apoiam-se mutuamente na capacidade de colonizar ativamente o intestino delgado do pombo. Desta forma ajudam os processos digestivos, produzem nutrientes essenciais que estabilizam a flora intestinal e refor\u00e7am o sistema imunit\u00e1rio.\n<\/div>\n<div>\nEstas bact\u00e9rias probi\u00f3ticas suprimem bact\u00e9rias patog\u00e9nicas como Salmonella, E. coli, Staphylococcus, Streptococcus, bem como infe\u00e7\u00f5es f\u00fangicas como Candida, coccidiose e tricomon\u00edase.\n<\/div>\n<div>\nEste \u00e9 um m\u00e9todo muito eficaz para prevenir doen\u00e7as intestinais e regenerar rapidamente a flora intestinal. A aplica\u00e7\u00e3o regular de ProbioCare aumenta as defesas naturais e melhora o apetite. Os pombos t\u00eam mais energia durante os voos.\n<\/div>\n<div>\nA utiliza\u00e7\u00e3o de ProbioCare reduz significativamente a fase de recupera\u00e7\u00e3o.\n<\/div>\n<h6>Dosagem<\/h6>\n<div>1 colher doseadora (12,5 g) por 1 kg de alimento, duas vezes por semana (dose para 25 pombos)<\/div>\n","protected":false},"excerpt":{"rendered":"<p>Probi\u00f3ticos e prebi\u00f3ticos para regenera\u00e7\u00e3o da flora intestinal Combina\u00e7\u00e3o probi\u00f3tica-prebi\u00f3tica para regenera\u00e7\u00e3o e melhoria da flora intestinal. ProbioCare cont\u00e9m uma combina\u00e7\u00e3o especial&hellip;<\/p>\n","protected":false},"featured_media":15512,"template":"","meta":[],"product_cat":[325,326],"product_tag":[],"class_list":{"0":"post-15511","1":"product","2":"type-product","3":"status-publish","4":"has-post-thumbnail","6":"product_cat-suplementos-para-aves","7":"product_cat-suplementos-para-pombos","9":"first","10":"instock","11":"shipping-taxable","12":"product-type-simple"},"_links":{"self":[{"href":"https:\/\/care4bird.nl\/pt-pt\/wp-json\/wp\/v2\/product\/15511","targetHints":{"allow":["GET"]}}],"collection":[{"href":"https:\/\/care4bird.nl\/pt-pt\/wp-json\/wp\/v2\/product"}],"about":[{"href":"https:\/\/care4bird.nl\/pt-pt\/wp-json\/wp\/v2\/types\/product"}],"wp:featuredmedia":[{"embeddable":true,"href":"https:\/\/care4bird.nl\/pt-pt\/wp-json\/wp\/v2\/media\/15512"}],"wp:attachment":[{"href":"https:\/\/care4bird.nl\/pt-pt\/wp-json\/wp\/v2\/media?parent=15511"}],"wp:term":[{"taxonomy":"product_cat","embeddable":true,"href":"https:\/\/care4bird.nl\/pt-pt\/wp-json\/wp\/v2\/product_cat?post=15511"},{"taxonomy":"product_tag","embeddable":true,"href":"https:\/\/care4bird.nl\/pt-pt\/wp-json\/wp\/v2\/product_tag?post=15511"}],"curies":[{"name":"wp","href":"https:\/\/api.w.org\/{rel}","templated":true}]}}