{"id":15516,"date":"2025-11-03T11:11:16","date_gmt":"2025-11-03T11:11:16","guid":{"rendered":"https:\/\/care4bird.nl\/product\/herbal-care\/"},"modified":"2026-04-16T11:33:31","modified_gmt":"2026-04-16T11:33:31","slug":"herbal-care","status":"publish","type":"product","link":"https:\/\/care4bird.nl\/pt-pt\/produto\/herbal-care\/","title":{"rendered":"Herbal Care"},"content":{"rendered":"<h6>Tintura de plantas com \u00e1cidos org\u00e2nicos adicionados, vitaminas, minerais e oligoelementos<\/h6>\n<div>\nHerbal Care \u00e9 um produto totalmente natural que fornece uma base forte tanto durante a \u00e9poca de voo como na \u00e9poca de repouso. O produto \u00e9 uma tintura de plantas com \u00e1cidos org\u00e2nicos adicionados e \u00e9 rico em vitaminas, minerais e oligoelementos, muito eficazes contra problemas gastrointestinais. Herbal Care melhora a condi\u00e7\u00e3o dos seus pombos, aumenta a resist\u00eancia e promove uma recupera\u00e7\u00e3o mais r\u00e1pida ap\u00f3s o esfor\u00e7o. Herbal Care aumenta a fertilidade e torna os pombos jovens mais resistentes.\n<\/div>\n<h6>Dosagem<\/h6>\n<div>10 ml de Herbal Care em 1 litro de \u00e1gua de bebida<\/div>\n<div>&#8211; Durante a muda: uma a duas vezes por semana<\/div>\n<div>&#8211; Durante a \u00e9poca de competi\u00e7\u00e3o: uma a duas vezes por semana<\/div>\n<div>&#8211; Pombos jovens: tr\u00eas a quatro vezes por semana<\/div>\n<div>&#8211; \u00c9poca de reprodu\u00e7\u00e3o: duas vezes por semana<\/div>\n<div>Agitar bem antes de usar!<\/div>\n<h6>Conselhos<\/h6>\n<div>Antes do in\u00edcio da \u00e9poca de competi\u00e7\u00e3o: tratamento profil\u00e1tico durante 7 a 10 dias.<\/div>\n<h6>Composi\u00e7\u00e3o<\/h6>\n<div>Tintura de plantas de raiz de ginseng, equin\u00e1cea p\u00farpura, cent\u00e1urea-menor, folha de mirtilo (Vaccinium myrtillus), casca de salgueiro, algas marinhas, raiz de aipo selvagem, Satureja hortensis, canela, a\u00e7afr\u00e3o (Crocus sativus); concentrado de sabugueiro (Sambucus nigra); concentrado de mirtilo; \u00e1cido c\u00edtrico; vinagre de ma\u00e7\u00e3; glucose<\/div>\n","protected":false},"excerpt":{"rendered":"<p>Tintura de plantas com \u00e1cidos org\u00e2nicos adicionados, vitaminas, minerais e oligoelementos Herbal Care \u00e9 um produto totalmente natural que fornece uma base&hellip;<\/p>\n","protected":false},"featured_media":14946,"template":"","meta":[],"product_cat":[325,326],"product_tag":[],"class_list":{"0":"post-15516","1":"product","2":"type-product","3":"status-publish","4":"has-post-thumbnail","6":"product_cat-suplementos-para-aves","7":"product_cat-suplementos-para-pombos","9":"first","10":"instock","11":"shipping-taxable","12":"product-type-simple"},"_links":{"self":[{"href":"https:\/\/care4bird.nl\/pt-pt\/wp-json\/wp\/v2\/product\/15516","targetHints":{"allow":["GET"]}}],"collection":[{"href":"https:\/\/care4bird.nl\/pt-pt\/wp-json\/wp\/v2\/product"}],"about":[{"href":"https:\/\/care4bird.nl\/pt-pt\/wp-json\/wp\/v2\/types\/product"}],"wp:featuredmedia":[{"embeddable":true,"href":"https:\/\/care4bird.nl\/pt-pt\/wp-json\/wp\/v2\/media\/14946"}],"wp:attachment":[{"href":"https:\/\/care4bird.nl\/pt-pt\/wp-json\/wp\/v2\/media?parent=15516"}],"wp:term":[{"taxonomy":"product_cat","embeddable":true,"href":"https:\/\/care4bird.nl\/pt-pt\/wp-json\/wp\/v2\/product_cat?post=15516"},{"taxonomy":"product_tag","embeddable":true,"href":"https:\/\/care4bird.nl\/pt-pt\/wp-json\/wp\/v2\/product_tag?post=15516"}],"curies":[{"name":"wp","href":"https:\/\/api.w.org\/{rel}","templated":true}]}}