{"id":15523,"date":"2025-11-03T11:10:18","date_gmt":"2025-11-03T11:10:18","guid":{"rendered":"https:\/\/care4bird.nl\/product\/caresol\/"},"modified":"2026-04-17T06:40:28","modified_gmt":"2026-04-17T06:40:28","slug":"caresol","status":"publish","type":"product","link":"https:\/\/care4bird.nl\/pt-pt\/produto\/caresol\/","title":{"rendered":"Caresol"},"content":{"rendered":"<h6>Indica\u00e7\u00e3o:<\/h6>\n<p>A combina\u00e7\u00e3o \u00fanica de eletr\u00f3litos e minerais (pot\u00e1ssio, s\u00f3dio, magn\u00e9sio), baseada na glicose como fonte de energia, ajuda a acelerar o processo de recupera\u00e7\u00e3o. Hidrata e apoia as aves em per\u00edodos de temperaturas extremas, durante o transporte ou em exposi\u00e7\u00f5es. Fornece energia e eletr\u00f3litos para ajudar as aves na recupera\u00e7\u00e3o ap\u00f3s doen\u00e7a, stress ou grande esfor\u00e7o. Aumenta o vigor e a vitalidade das aves em exposi\u00e7\u00e3o ou \u00e0 venda. A solu\u00e7\u00e3o preparada pode ser administrada diretamente em situa\u00e7\u00f5es de emerg\u00eancia para fornecer energia de a\u00e7\u00e3o r\u00e1pida.<\/p>\n<h6>Posologia e modo de utiliza\u00e7\u00e3o:<\/h6>\n<div>\n<div>POSOLOGIA \u00c9POCA DE CRIA\u00c7\u00c3O: para filhotes fortes e com bom crescimento: aproximadamente 25 ml em 1 litro de \u00e1gua durante 5 dias consecutivos, come\u00e7ando quando tiverem cerca de 1 semana de idade.<\/div>\n<div>POSOLOGIA \u00c9POCA DE CORRIDAS: 2-3 vezes por semana, 15 ml por litro de \u00e1gua.<\/div>\n<div>AP\u00d3S GRANDE ESFOR\u00c7O (\u00e9poca de corridas) Ap\u00f3s o regresso dos pombos, forne\u00e7a primeiro \u00e1gua limpa e depois adicione CARESOL \u00e0 \u00e1gua de bebida. 15 ml (1\/2 tampa doseadora) por litro de \u00e1gua.<\/div>\n<\/div>\n<h6>Notas:<\/h6>\n<div>\n<div>\u2022 Agitar bem antes de usar!<\/div>\n<div>\u2022 Manter fora do alcance das crian\u00e7as.<\/div>\n<div>\u2022 Apenas para administra\u00e7\u00e3o oral em animais n\u00e3o destinados ao consumo humano.<\/div>\n<div>\u2022 Armazenar em local seco, longe da luz solar direta e entre 0 e 30 \u00b0C.<\/div>\n<div>\u2022 Validade: ver embalagem.<\/div>\n<div>\u2022 Conte\u00fado: 500 ml suplemento alimentar para pombos<\/div>\n<\/div>\n","protected":false},"excerpt":{"rendered":"<p>Indica\u00e7\u00e3o: A combina\u00e7\u00e3o \u00fanica de eletr\u00f3litos e minerais (pot\u00e1ssio, s\u00f3dio, magn\u00e9sio), baseada na glicose como fonte de energia, ajuda a acelerar o&hellip;<\/p>\n","protected":false},"featured_media":15524,"template":"","meta":[],"product_cat":[325,326],"product_tag":[],"class_list":{"0":"post-15523","1":"product","2":"type-product","3":"status-publish","4":"has-post-thumbnail","6":"product_cat-suplementos-para-aves","7":"product_cat-suplementos-para-pombos","9":"first","10":"instock","11":"shipping-taxable","12":"product-type-simple"},"_links":{"self":[{"href":"https:\/\/care4bird.nl\/pt-pt\/wp-json\/wp\/v2\/product\/15523","targetHints":{"allow":["GET"]}}],"collection":[{"href":"https:\/\/care4bird.nl\/pt-pt\/wp-json\/wp\/v2\/product"}],"about":[{"href":"https:\/\/care4bird.nl\/pt-pt\/wp-json\/wp\/v2\/types\/product"}],"wp:featuredmedia":[{"embeddable":true,"href":"https:\/\/care4bird.nl\/pt-pt\/wp-json\/wp\/v2\/media\/15524"}],"wp:attachment":[{"href":"https:\/\/care4bird.nl\/pt-pt\/wp-json\/wp\/v2\/media?parent=15523"}],"wp:term":[{"taxonomy":"product_cat","embeddable":true,"href":"https:\/\/care4bird.nl\/pt-pt\/wp-json\/wp\/v2\/product_cat?post=15523"},{"taxonomy":"product_tag","embeddable":true,"href":"https:\/\/care4bird.nl\/pt-pt\/wp-json\/wp\/v2\/product_tag?post=15523"}],"curies":[{"name":"wp","href":"https:\/\/api.w.org\/{rel}","templated":true}]}}