{"id":15529,"date":"2025-11-03T11:08:49","date_gmt":"2025-11-03T11:08:49","guid":{"rendered":"https:\/\/care4bird.nl\/product\/fly-forma-drops\/"},"modified":"2026-04-17T06:41:13","modified_gmt":"2026-04-17T06:41:13","slug":"fly-forma-drops","status":"publish","type":"product","link":"https:\/\/care4bird.nl\/pt-pt\/produto\/fly-forma-drops\/","title":{"rendered":"Fly forma drops"},"content":{"rendered":"<h6>Indica\u00e7\u00e3o:<\/h6>\n<div>Para a limpeza dos olhos. A irrita\u00e7\u00e3o dos olhos e dos canais lacrimais pode afetar a orienta\u00e7\u00e3o e causar desempenho de voo insatisfat\u00f3rio.<\/div>\n<div>desempenho, resultando em resultados dececionantes.<\/div>\n<h6>F\u00d3RMULA:<\/h6>\n<div>Extrato herbal (Melilotus officinalis, Euphrasia, Plantago lanceolata) e proteinato de prata.<\/div>\n<h6>Cont\u00e9m:<\/h6>\n<div>30 ml de produto de tratamento para pombos de corrida e ornamentais<\/div>\n<h6>POSOLOGIA e INSTRU\u00c7\u00d5ES DE UTILIZA\u00c7\u00c3O:<\/h6>\n<div>Usar 1 a 2 gotas por olho. Agitar antes de usar!<\/div>\n<h6>COMO UTILIZAR:<\/h6>\n<div>Pombos de corrida: Uma gota em cada olho e narina antes e ap\u00f3s o voo.<\/div>\n<div>Se os pombos estiverem em boas condi\u00e7\u00f5es, a gota desaparecer\u00e1 quase imediatamente.<\/div>\n","protected":false},"excerpt":{"rendered":"<p>Indica\u00e7\u00e3o: Para a limpeza dos olhos. A irrita\u00e7\u00e3o dos olhos e dos canais lacrimais pode afetar a orienta\u00e7\u00e3o e causar desempenho de&hellip;<\/p>\n","protected":false},"featured_media":15530,"template":"","meta":[],"product_cat":[326],"product_tag":[],"class_list":{"0":"post-15529","1":"product","2":"type-product","3":"status-publish","4":"has-post-thumbnail","6":"product_cat-suplementos-para-pombos","8":"first","9":"instock","10":"shipping-taxable","11":"product-type-simple"},"_links":{"self":[{"href":"https:\/\/care4bird.nl\/pt-pt\/wp-json\/wp\/v2\/product\/15529","targetHints":{"allow":["GET"]}}],"collection":[{"href":"https:\/\/care4bird.nl\/pt-pt\/wp-json\/wp\/v2\/product"}],"about":[{"href":"https:\/\/care4bird.nl\/pt-pt\/wp-json\/wp\/v2\/types\/product"}],"wp:featuredmedia":[{"embeddable":true,"href":"https:\/\/care4bird.nl\/pt-pt\/wp-json\/wp\/v2\/media\/15530"}],"wp:attachment":[{"href":"https:\/\/care4bird.nl\/pt-pt\/wp-json\/wp\/v2\/media?parent=15529"}],"wp:term":[{"taxonomy":"product_cat","embeddable":true,"href":"https:\/\/care4bird.nl\/pt-pt\/wp-json\/wp\/v2\/product_cat?post=15529"},{"taxonomy":"product_tag","embeddable":true,"href":"https:\/\/care4bird.nl\/pt-pt\/wp-json\/wp\/v2\/product_tag?post=15529"}],"curies":[{"name":"wp","href":"https:\/\/api.w.org\/{rel}","templated":true}]}}