{"id":15535,"date":"2025-11-03T11:08:27","date_gmt":"2025-11-03T11:08:27","guid":{"rendered":"https:\/\/care4bird.nl\/product\/carechol\/"},"modified":"2026-04-17T06:42:02","modified_gmt":"2026-04-17T06:42:02","slug":"carechol","status":"publish","type":"product","link":"https:\/\/care4bird.nl\/pt-pt\/produto\/carechol\/","title":{"rendered":"Carechol"},"content":{"rendered":"<h6>Indica\u00e7\u00e3o:<\/h6>\n<p>A metionina e a colina s\u00e3o amino\u00e1cidos sulfurados essenciais que protegem o f\u00edgado e os rins, combatem a degenera\u00e7\u00e3o gordurosa do f\u00edgado e asseguram o transporte de gorduras para as c\u00e9lulas, essencial para o bom funcionamento do sistema nervoso. Contribuem para um crescimento ideal nos pombos jovens e s\u00e3o tamb\u00e9m muito importantes durante o per\u00edodo de muda. Tudo isto torna o Carechol um produto que pode ser administrado durante todo o ano.<\/p>\n<h6>Posologia:<\/h6>\n<p>Durante a muda:<br \/>\n10 ml por 1 l de \u00e1gua de bebida por kg de alimento, duas vezes por semana<\/p>\n<p>Durante a \u00e9poca de voo:<br \/>\n10 ml por 1 l de \u00e1gua de bebida por kg de alimento, uma vez por semana<\/p>\n<p>Como tratamento:<br \/>\n10 ml por 1 l de \u00e1gua de bebida por kg de alimento, durante 5 dias consecutivos<\/p>\n<h6>Embalagem:<\/h6>\n<p>1000 ml de l\u00edquido oral para tratamento de pombos e aves de gaiola de 300 at\u00e9 3000 gramas de peso vivo.<\/p>\n<h6>Composi\u00e7\u00e3o:<\/h6>\n<p>Metionina: 1 % ; Colina: 15 % ; Glicose: 60 % ; Ingredientes inativos q.s.p. 100 %<\/p>\n","protected":false},"excerpt":{"rendered":"<p>Indica\u00e7\u00e3o: A metionina e a colina s\u00e3o amino\u00e1cidos sulfurados essenciais que protegem o f\u00edgado e os rins, combatem a degenera\u00e7\u00e3o gordurosa do&hellip;<\/p>\n","protected":false},"featured_media":15536,"template":"","meta":[],"product_cat":[325,326],"product_tag":[],"class_list":{"0":"post-15535","1":"product","2":"type-product","3":"status-publish","4":"has-post-thumbnail","6":"product_cat-suplementos-para-aves","7":"product_cat-suplementos-para-pombos","9":"first","10":"instock","11":"shipping-taxable","12":"product-type-simple"},"_links":{"self":[{"href":"https:\/\/care4bird.nl\/pt-pt\/wp-json\/wp\/v2\/product\/15535","targetHints":{"allow":["GET"]}}],"collection":[{"href":"https:\/\/care4bird.nl\/pt-pt\/wp-json\/wp\/v2\/product"}],"about":[{"href":"https:\/\/care4bird.nl\/pt-pt\/wp-json\/wp\/v2\/types\/product"}],"wp:featuredmedia":[{"embeddable":true,"href":"https:\/\/care4bird.nl\/pt-pt\/wp-json\/wp\/v2\/media\/15536"}],"wp:attachment":[{"href":"https:\/\/care4bird.nl\/pt-pt\/wp-json\/wp\/v2\/media?parent=15535"}],"wp:term":[{"taxonomy":"product_cat","embeddable":true,"href":"https:\/\/care4bird.nl\/pt-pt\/wp-json\/wp\/v2\/product_cat?post=15535"},{"taxonomy":"product_tag","embeddable":true,"href":"https:\/\/care4bird.nl\/pt-pt\/wp-json\/wp\/v2\/product_tag?post=15535"}],"curies":[{"name":"wp","href":"https:\/\/api.w.org\/{rel}","templated":true}]}}