{"id":15541,"date":"2025-11-03T11:07:01","date_gmt":"2025-11-03T11:07:01","guid":{"rendered":"https:\/\/care4bird.nl\/product\/caremin\/"},"modified":"2026-04-17T06:42:53","modified_gmt":"2026-04-17T06:42:53","slug":"caremin","status":"publish","type":"product","link":"https:\/\/care4bird.nl\/pt-pt\/produto\/caremin\/","title":{"rendered":"Caremin"},"content":{"rendered":"<h6>Indica\u00e7\u00e3o:<\/h6>\n<p>CAREMIN contribui para uma boa sa\u00fade e ajuda a fortalecer o sistema imunit\u00e1rio em pombos jovens e adultos! CAREMIN pode ser administrado durante todo o ano, mas \u00e9 indispens\u00e1vel em per\u00edodos de maior exig\u00eancia, como durante a reprodu\u00e7\u00e3o, a \u00e9poca de voo, a muda e ap\u00f3s tratamentos com antibi\u00f3ticos ou imuniza\u00e7\u00e3o.<br \/>\nPode ser administrado na \u00e1gua de bebida ou sobre o alimento.<\/p>\n<h6><b><\/b>Posologia<\/h6>\n<p>10 ml por 1 litro de \u00e1gua de bebida ou 15 ml por quilo de alimento. 2 vezes por semana.<br \/>\nAgitar antes de usar!<\/p>\n<h6>Embalagem<\/h6>\n<p>1000 ml de l\u00edquido oral para tratamento de pombos e aves de gaiola de 300 at\u00e9 3000 gramas de peso vivo<\/p>\n<p>Composi\u00e7\u00e3o<b><\/b><i><\/i><u><\/u><br \/>\nVitamina A        6250.000 UI<br \/>\nVitamina D3      1250.000 UI<br \/>\nVitamina B1                375 mg<br \/>\nVitamina B2               313 mg<br \/>\nVitamina B6               500 mg<br \/>\nVitamina B12      125.000 mcg<br \/>\nVitamina B3             5.000 mg<br \/>\nVitamina C                5.000 mg<br \/>\nVitamina E                2.500 mg<br \/>\nVitamina K3                750 mg<br \/>\n\u00c1cido f\u00f3lico               13 mg<br \/>\nPantotenato de c\u00e1lcio 1.625 mg<br \/>\nL-Arginina                 400 mg<br \/>\n\u00c1cido L-asp\u00e1rtico      1.800 mg<br \/>\nGlicina                      340 mg<br \/>\nLeucina                   1.700 mg<br \/>\nLisina                     1.560 mg<br \/>\nMetionina                 360 mg<br \/>\nTirosina                     520 mg<br \/>\nValina                        960 mg<br \/>\nIngredientes inativos q.s.p. 1.000 ml<\/p>\n<p>Manter fora do alcance das crian\u00e7as.<br \/>\nApenas para administra\u00e7\u00e3o oral em animais n\u00e3o destinados ao consumo humano.<br \/>\nArmazenar em local seco, longe da luz solar direta e entre 0 e 30\u00b0C.<br \/>\nValidade: ver embalagem.<\/p>\n","protected":false},"excerpt":{"rendered":"<p>Indica\u00e7\u00e3o: CAREMIN contribui para uma boa sa\u00fade e ajuda a fortalecer o sistema imunit\u00e1rio em pombos jovens e adultos! CAREMIN pode ser&hellip;<\/p>\n","protected":false},"featured_media":15542,"template":"","meta":[],"product_cat":[325,326],"product_tag":[],"class_list":{"0":"post-15541","1":"product","2":"type-product","3":"status-publish","4":"has-post-thumbnail","6":"product_cat-suplementos-para-aves","7":"product_cat-suplementos-para-pombos","9":"first","10":"instock","11":"shipping-taxable","12":"product-type-simple"},"_links":{"self":[{"href":"https:\/\/care4bird.nl\/pt-pt\/wp-json\/wp\/v2\/product\/15541","targetHints":{"allow":["GET"]}}],"collection":[{"href":"https:\/\/care4bird.nl\/pt-pt\/wp-json\/wp\/v2\/product"}],"about":[{"href":"https:\/\/care4bird.nl\/pt-pt\/wp-json\/wp\/v2\/types\/product"}],"wp:featuredmedia":[{"embeddable":true,"href":"https:\/\/care4bird.nl\/pt-pt\/wp-json\/wp\/v2\/media\/15542"}],"wp:attachment":[{"href":"https:\/\/care4bird.nl\/pt-pt\/wp-json\/wp\/v2\/media?parent=15541"}],"wp:term":[{"taxonomy":"product_cat","embeddable":true,"href":"https:\/\/care4bird.nl\/pt-pt\/wp-json\/wp\/v2\/product_cat?post=15541"},{"taxonomy":"product_tag","embeddable":true,"href":"https:\/\/care4bird.nl\/pt-pt\/wp-json\/wp\/v2\/product_tag?post=15541"}],"curies":[{"name":"wp","href":"https:\/\/api.w.org\/{rel}","templated":true}]}}