{"id":15547,"date":"2025-11-03T11:06:31","date_gmt":"2025-11-03T11:06:31","guid":{"rendered":"https:\/\/care4bird.nl\/product\/bathsalt\/"},"modified":"2026-04-17T06:43:43","modified_gmt":"2026-04-17T06:43:43","slug":"bathsalt","status":"publish","type":"product","link":"https:\/\/care4bird.nl\/pt-pt\/produto\/bathsalt\/","title":{"rendered":"Bathsalt"},"content":{"rendered":"<p><i>Sais de banho ideais para pombos<\/i><\/p>\n<p>Recomendado para todas as esta\u00e7\u00f5es e especialmente durante a muda.<\/p>\n<ul>\n<li>Tornam as penas mais flex\u00edveis<\/li>\n<li>Estimula a muda do penugem e remove escamas da pele<\/li>\n<li>Penas mais fortes<\/li>\n<li>Relaxa os m\u00fasculos<\/li>\n<li>Remove escamas da pele sem afetar a condi\u00e7\u00e3o dos pombos.<\/li>\n<\/ul>\n<h6>Posologia<\/h6>\n<p>1 colher doseadora cheia (20 g) para 10 l de \u00e1gua, uma ou duas vezes por semana.<br \/>\nEspecialmente durante a \u00e9poca de muda: 2 banhos por semana.<\/p>\n","protected":false},"excerpt":{"rendered":"<p>Sais de banho ideais para pombos Recomendado para todas as esta\u00e7\u00f5es e especialmente durante a muda. Tornam as penas mais flex\u00edveis Estimula&hellip;<\/p>\n","protected":false},"featured_media":15548,"template":"","meta":[],"product_cat":[326],"product_tag":[],"class_list":{"0":"post-15547","1":"product","2":"type-product","3":"status-publish","4":"has-post-thumbnail","6":"product_cat-suplementos-para-pombos","8":"first","9":"instock","10":"shipping-taxable","11":"product-type-simple"},"_links":{"self":[{"href":"https:\/\/care4bird.nl\/pt-pt\/wp-json\/wp\/v2\/product\/15547","targetHints":{"allow":["GET"]}}],"collection":[{"href":"https:\/\/care4bird.nl\/pt-pt\/wp-json\/wp\/v2\/product"}],"about":[{"href":"https:\/\/care4bird.nl\/pt-pt\/wp-json\/wp\/v2\/types\/product"}],"wp:featuredmedia":[{"embeddable":true,"href":"https:\/\/care4bird.nl\/pt-pt\/wp-json\/wp\/v2\/media\/15548"}],"wp:attachment":[{"href":"https:\/\/care4bird.nl\/pt-pt\/wp-json\/wp\/v2\/media?parent=15547"}],"wp:term":[{"taxonomy":"product_cat","embeddable":true,"href":"https:\/\/care4bird.nl\/pt-pt\/wp-json\/wp\/v2\/product_cat?post=15547"},{"taxonomy":"product_tag","embeddable":true,"href":"https:\/\/care4bird.nl\/pt-pt\/wp-json\/wp\/v2\/product_tag?post=15547"}],"curies":[{"name":"wp","href":"https:\/\/api.w.org\/{rel}","templated":true}]}}