{"id":15552,"date":"2025-11-03T11:03:01","date_gmt":"2025-11-03T11:03:01","guid":{"rendered":"https:\/\/care4bird.nl\/product\/orni-super-mix\/"},"modified":"2026-04-17T06:44:35","modified_gmt":"2026-04-17T06:44:35","slug":"orni-super-mix","status":"publish","type":"product","link":"https:\/\/care4bird.nl\/pt-pt\/produto\/orni-super-mix\/","title":{"rendered":"Orni Super Mix"},"content":{"rendered":"<div>\n<h6>Indica\u00e7\u00e3o:<\/h6>\n<p>Ornitose, Micoplasmose, problemas respirat\u00f3rios e cancro.<\/p>\n<\/div>\n<h6>Sintomas:<\/h6>\n<div>Arrancar penas, co\u00e7ar a cabe\u00e7a, garganta vermelha, bocejos, inflama\u00e7\u00e3o da terceira p\u00e1lpebra (especialmente em pombos jovens), narizes sujos, carne azulada, cabe\u00e7as inchadas, constipa\u00e7\u00e3o num olho, olhos h\u00famidos, muco.<\/div>\n<h6>Posologia:<\/h6>\n<div><i>ORNI SUPER MIX P\u00d3<\/i><br \/>\nPreven\u00e7\u00e3o: 1 colher doseadora (=5 g) para 2 litros de \u00e1gua de bebida durante 1 ou 2 dias a cada 2 semanas,<\/div>\n<div>de prefer\u00eancia come\u00e7ando no dia ap\u00f3s a corrida.<\/div>\n<div>Como tratamento: 1 colher doseadora (=5 g) para 2 litros de \u00e1gua de bebida durante 5-7 dias consecutivos.<\/div>\n<div>Este tratamento pode ser repetido se necess\u00e1rio ap\u00f3s alguns dias.<\/div>\n<div>Misturar bem antes de usar!<\/div>\n<div>Orni Super Mix \u00e9 um p\u00f3 sol\u00favel em \u00e1gua que tamb\u00e9m pode ser administrado na ra\u00e7\u00e3o.<\/div>\n<div>\n<p>Colher doseadora 1+5 g inclu\u00edda.<\/p>\n<p><i>ORNI SUPER MIX COMPRIMIDOS<\/i><br \/>\nPreventivo: 1 comprimido por pombo (400-500 g de peso corporal) durante 1-2 dias consecutivos.<br \/>\nCurativo: 1 comprimido por pombo (400-500 g de peso corporal) durante 3-5 dias consecutivos, ou conforme prescri\u00e7\u00e3o veterin\u00e1ria.<\/p>\n<\/div>\n<h6>Cont\u00e9m:<\/h6>\n<p><i>ORNI SUPER MIX P\u00d3<\/i><br \/>\nDoxiciclina Hiclato 6%, Espiramicina Adipato 10%, Metronidazol 10%, Bromexina HCl 2%, Ingredientes inativos q.s.p. 100 g.<\/p>\n<p><i>ORNI SUPER MIX COMPRIMIDOS<\/i><br \/>\n<i>Doxiciclina Hiclato <\/i><i>102 mg\/g; Espiramicina Adipato <\/i><i>80 mg\/g; Metronidazol <\/i><i>100 mg\/g; Bromexina HCl <\/i><i>20 mg\/g<\/i><\/p>\n","protected":false},"excerpt":{"rendered":"<p>Indica\u00e7\u00e3o: Ornitose, Micoplasmose, problemas respirat\u00f3rios e cancro. Sintomas: Arrancar penas, co\u00e7ar a cabe\u00e7a, garganta vermelha, bocejos, inflama\u00e7\u00e3o da terceira p\u00e1lpebra (especialmente em&hellip;<\/p>\n","protected":false},"featured_media":15138,"template":"","meta":[],"product_cat":[324],"product_tag":[],"class_list":{"0":"post-15552","1":"product","2":"type-product","3":"status-publish","4":"has-post-thumbnail","6":"product_cat-medicamentos-para-pombos","8":"first","9":"instock","10":"shipping-taxable","11":"product-type-simple"},"_links":{"self":[{"href":"https:\/\/care4bird.nl\/pt-pt\/wp-json\/wp\/v2\/product\/15552","targetHints":{"allow":["GET"]}}],"collection":[{"href":"https:\/\/care4bird.nl\/pt-pt\/wp-json\/wp\/v2\/product"}],"about":[{"href":"https:\/\/care4bird.nl\/pt-pt\/wp-json\/wp\/v2\/types\/product"}],"wp:featuredmedia":[{"embeddable":true,"href":"https:\/\/care4bird.nl\/pt-pt\/wp-json\/wp\/v2\/media\/15138"}],"wp:attachment":[{"href":"https:\/\/care4bird.nl\/pt-pt\/wp-json\/wp\/v2\/media?parent=15552"}],"wp:term":[{"taxonomy":"product_cat","embeddable":true,"href":"https:\/\/care4bird.nl\/pt-pt\/wp-json\/wp\/v2\/product_cat?post=15552"},{"taxonomy":"product_tag","embeddable":true,"href":"https:\/\/care4bird.nl\/pt-pt\/wp-json\/wp\/v2\/product_tag?post=15552"}],"curies":[{"name":"wp","href":"https:\/\/api.w.org\/{rel}","templated":true}]}}