{"id":15558,"date":"2025-11-03T11:00:43","date_gmt":"2025-11-03T11:00:43","guid":{"rendered":"https:\/\/care4bird.nl\/product\/respiratory-broncho-mix\/"},"modified":"2026-04-17T06:45:24","modified_gmt":"2026-04-17T06:45:24","slug":"respiratory-broncho-mix","status":"publish","type":"product","link":"https:\/\/care4bird.nl\/pt-pt\/produto\/respiratory-broncho-mix\/","title":{"rendered":"Respiratory Broncho Mix"},"content":{"rendered":"<div>\n<h6>Indica\u00e7\u00e3o:<\/h6>\n<\/div>\n<div>O sistema respirat\u00f3rio pode ser infetado por Chlamydia, Mycoplasma, bact\u00e9rias (especialmente E. coli), fungos e v\u00edrus. Por isso, esta mistura cont\u00e9m v\u00e1rios ingredientes ativos.<\/div>\n<h6>Sintomas:<\/h6>\n<div>Espirros, diminui\u00e7\u00e3o do voo no pombal, perdas em corridas, secre\u00e7\u00e3o nos olhos e narinas, cera e seios inchados, alongamento do pesco\u00e7o e degluti\u00e7\u00e3o, bocejos, fezes verdes viscosas.<\/div>\n<h6>Posologia:<\/h6>\n<div><i>RESPIRATORY BRONCHO MIX P\u00d3<\/i><\/div>\n<div>Preven\u00e7\u00e3o: 1 colher doseadora (=5 g) para 2 litros de \u00e1gua de bebida durante 1 ou 2 dias a cada 2 semanas,<\/div>\n<div>de prefer\u00eancia come\u00e7ando no dia ap\u00f3s a corrida.<\/div>\n<div>Como tratamento: 1 colher doseadora (=5 g) para 2 litros de \u00e1gua de bebida durante 5-7 dias consecutivos.<\/div>\n<div>Este tratamento pode ser repetido se necess\u00e1rio ap\u00f3s alguns dias.<\/div>\n<div>Misturar bem antes de usar!<\/div>\n<div>Respiratory Broncho Mix \u00e9 um p\u00f3 sol\u00favel em \u00e1gua que tamb\u00e9m pode ser administrado na ra\u00e7\u00e3o.<\/div>\n<div>\n<p>Colher doseadora 1+5 g inclu\u00edda.<\/p>\n<p><i>RESPIRATORY BRONCHO COMPRIMIDOS<\/i><\/p>\n<\/div>\n<p>Preventivo: 1 comprimido por pombo (400-500 g de peso corporal) durante 1-2 dias consecutivos.<br \/>\nCurativo: 1 comprimido por pombo (400-500 g de peso corporal) durante 3-5 dias consecutivos, ou conforme prescri\u00e7\u00e3o veterin\u00e1ria.<\/p>\n<h6>Cont\u00e9m:<\/h6>\n<p><i>RESPIRATORY BRONCHO MIX P\u00d3<\/i><br \/>\nEritromicina Thioc 3,5%, Neomicina Sulf. 1,0%, Estreptomicina Sulf. 3,5%, Futaltadona HCl 6,0%, Oxitetraciclina HCl 5,0%, Vitaminas,<br \/>\nIngredientes inativos q.s.p. 100 g.<\/p>\n<p><i>RESPIRATORY BRONCHO COMPRIMIDOS<\/i><br \/>\nLincomicina 250 mg\/g ; Espectinomicina 75 mg\/g<\/p>\n","protected":false},"excerpt":{"rendered":"<p>Indica\u00e7\u00e3o: O sistema respirat\u00f3rio pode ser infetado por Chlamydia, Mycoplasma, bact\u00e9rias (especialmente E. coli), fungos e v\u00edrus. Por isso, esta mistura cont\u00e9m&hellip;<\/p>\n","protected":false},"featured_media":15139,"template":"","meta":[],"product_cat":[324],"product_tag":[],"class_list":{"0":"post-15558","1":"product","2":"type-product","3":"status-publish","4":"has-post-thumbnail","6":"product_cat-medicamentos-para-pombos","8":"first","9":"instock","10":"shipping-taxable","11":"product-type-simple"},"_links":{"self":[{"href":"https:\/\/care4bird.nl\/pt-pt\/wp-json\/wp\/v2\/product\/15558","targetHints":{"allow":["GET"]}}],"collection":[{"href":"https:\/\/care4bird.nl\/pt-pt\/wp-json\/wp\/v2\/product"}],"about":[{"href":"https:\/\/care4bird.nl\/pt-pt\/wp-json\/wp\/v2\/types\/product"}],"wp:featuredmedia":[{"embeddable":true,"href":"https:\/\/care4bird.nl\/pt-pt\/wp-json\/wp\/v2\/media\/15139"}],"wp:attachment":[{"href":"https:\/\/care4bird.nl\/pt-pt\/wp-json\/wp\/v2\/media?parent=15558"}],"wp:term":[{"taxonomy":"product_cat","embeddable":true,"href":"https:\/\/care4bird.nl\/pt-pt\/wp-json\/wp\/v2\/product_cat?post=15558"},{"taxonomy":"product_tag","embeddable":true,"href":"https:\/\/care4bird.nl\/pt-pt\/wp-json\/wp\/v2\/product_tag?post=15558"}],"curies":[{"name":"wp","href":"https:\/\/api.w.org\/{rel}","templated":true}]}}