{"id":15564,"date":"2025-11-03T11:00:07","date_gmt":"2025-11-03T11:00:07","guid":{"rendered":"https:\/\/care4bird.nl\/product\/worm-care\/"},"modified":"2026-04-17T06:46:21","modified_gmt":"2026-04-17T06:46:21","slug":"worm-care","status":"publish","type":"product","link":"https:\/\/care4bird.nl\/pt-pt\/produto\/worm-care\/","title":{"rendered":"Worm Care"},"content":{"rendered":"<div>\n<h6>Indica\u00e7\u00e3o:<\/h6>\n<p>Infesta\u00e7\u00f5es por vermes capilares e redondos em pombos (Capillaria spp e Ascaridia spp)<\/p>\n<\/div>\n<h6>Sintomas:<\/h6>\n<div>As aves perdem peso. Pombos fortemente infestados geralmente apresentam condi\u00e7\u00e3o geral debilitada e tornam-se let\u00e1rgicos e ap\u00e1ticos, com plumagem opaca e eri\u00e7ada e fezes de consist\u00eancia vari\u00e1vel.<\/div>\n<h6>Posologia:<\/h6>\n<div><i>WORM CARE P\u00d3<\/i><br \/>\n5 g para 2 L de \u00e1gua de bebida (40 pombos), durante 1 ou 2 dias. Os pombos n\u00e3o devem ser desparasitados durante a cria\u00e7\u00e3o dos filhotes ou durante a muda principal. Repetir o tratamento ap\u00f3s 10-12 dias.<br \/>\nWorm Care \u00e9 um p\u00f3 sol\u00favel em \u00e1gua que tamb\u00e9m pode ser administrado na ra\u00e7\u00e3o.<\/div>\n<div><i>WORM CARE COMPRIMIDOS<\/i><br \/>\n1 comprimido por pombo (400-500 g de peso corporal) durante 1 dia. Repetir o tratamento ap\u00f3s 10-12 dias.<\/div>\n<h6>Cont\u00e9m:<\/h6>\n<p><i>WORM CARE P\u00d3<\/i><br \/>\nLevamisol HCl 16%, Ingredientes inativos q.s.p. 100 g.<\/p>\n<p><i>WORM CARE COMPRIMIDOS<\/i><br \/>\nFlubendazol 66,7 mg\/g<\/p>\n","protected":false},"excerpt":{"rendered":"<p>Indica\u00e7\u00e3o: Infesta\u00e7\u00f5es por vermes capilares e redondos em pombos (Capillaria spp e Ascaridia spp) Sintomas: As aves perdem peso. Pombos fortemente infestados&hellip;<\/p>\n","protected":false},"featured_media":15140,"template":"","meta":[],"product_cat":[324],"product_tag":[],"class_list":{"0":"post-15564","1":"product","2":"type-product","3":"status-publish","4":"has-post-thumbnail","6":"product_cat-medicamentos-para-pombos","8":"first","9":"instock","10":"shipping-taxable","11":"product-type-simple"},"_links":{"self":[{"href":"https:\/\/care4bird.nl\/pt-pt\/wp-json\/wp\/v2\/product\/15564","targetHints":{"allow":["GET"]}}],"collection":[{"href":"https:\/\/care4bird.nl\/pt-pt\/wp-json\/wp\/v2\/product"}],"about":[{"href":"https:\/\/care4bird.nl\/pt-pt\/wp-json\/wp\/v2\/types\/product"}],"wp:featuredmedia":[{"embeddable":true,"href":"https:\/\/care4bird.nl\/pt-pt\/wp-json\/wp\/v2\/media\/15140"}],"wp:attachment":[{"href":"https:\/\/care4bird.nl\/pt-pt\/wp-json\/wp\/v2\/media?parent=15564"}],"wp:term":[{"taxonomy":"product_cat","embeddable":true,"href":"https:\/\/care4bird.nl\/pt-pt\/wp-json\/wp\/v2\/product_cat?post=15564"},{"taxonomy":"product_tag","embeddable":true,"href":"https:\/\/care4bird.nl\/pt-pt\/wp-json\/wp\/v2\/product_tag?post=15564"}],"curies":[{"name":"wp","href":"https:\/\/api.w.org\/{rel}","templated":true}]}}