{"id":15570,"date":"2025-11-03T10:59:27","date_gmt":"2025-11-03T10:59:27","guid":{"rendered":"https:\/\/care4bird.nl\/product\/ronidazole\/"},"modified":"2026-04-17T06:47:08","modified_gmt":"2026-04-17T06:47:08","slug":"ronidazole","status":"publish","type":"product","link":"https:\/\/care4bird.nl\/pt-pt\/produto\/ronidazole\/","title":{"rendered":"Ronidazole"},"content":{"rendered":"<div>\n<h6>Indica\u00e7\u00e3o:<\/h6>\n<p>Canker (Tricomon\u00edase, Hexamit\u00edase). O Ronidazol 10% \u00e9 um produto especialmente eficaz contra infe\u00e7\u00f5es causadas por tricom\u00f3nadas e hexamitas em pombos. Durante a \u00e9poca de corridas, s\u00e3o necess\u00e1rios tratamentos regulares para estas infe\u00e7\u00f5es. As aves jovens com infe\u00e7\u00f5es intestinais graves causadas por hexamitas s\u00e3o mais suscet\u00edveis a infe\u00e7\u00f5es desagrad\u00e1veis por E. coli. A margem de seguran\u00e7a \u00e9 consider\u00e1vel, incluindo para animais jovens.<\/p>\n<\/div>\n<h6>Sintomas:<\/h6>\n<div>Perda de condi\u00e7\u00e3o, m\u00e1 digest\u00e3o, fezes anormais, inflama\u00e7\u00e3o da mucosa do papo, complica\u00e7\u00f5es com ornitose, pequenas \u00e1reas brancas a amareladas na cavidade oral<\/div>\n<h6>Posologia:<\/h6>\n<div><i>RONIDAZOL 10% P\u00d3<\/i><br \/>\nPreven\u00e7\u00e3o: 2 colheres doseadoras (=2 g) \/1 litro de \u00e1gua de bebida durante 1 ou 2 dias, a cada 2 semanas,<\/div>\n<div>de prefer\u00eancia come\u00e7ando no dia ap\u00f3s a corrida.<\/div>\n<div>Como tratamento durante a \u00e9poca de corridas: 2 colheres doseadoras (=2 g) \/1 litro de \u00e1gua de bebida durante<\/div>\n<div>5-7 dias consecutivos. Este tratamento pode ser repetido se necess\u00e1rio ap\u00f3s alguns dias. Misturar bem antes de usar!<\/div>\n<div>O Ronidazol \u00e9 um p\u00f3 sol\u00favel em \u00e1gua, que tamb\u00e9m pode ser administrado na ra\u00e7\u00e3o.<\/div>\n<div>\n<p>Colher doseadora 1+5 g inclu\u00edda.<\/p>\n<p><i>RONI 15% COMPRIMIDOS<\/i><br \/>\nPreventivo: 1 comprimido por pombo (400-500 g de peso corporal) durante 1-2 dias consecutivos.<br \/>\nCurativo: 1 comprimido por pombo (400-500 g de peso corporal) durante 3-5 dias consecutivos, ou conforme prescri\u00e7\u00e3o veterin\u00e1ria.<\/p>\n<\/div>\n<h6>Cont\u00e9m:<\/h6>\n<div><i>RONIDAZOL 10% P\u00d3<\/i><br \/>\nRonidazol 10%, ingredientes inativos q.s.p. 100 g.<i>RONI 15% COMPRIMIDOS<\/i><br \/>\nRonidazol 150 mg\/g<\/div>\n","protected":false},"excerpt":{"rendered":"<p>Indica\u00e7\u00e3o: Canker (Tricomon\u00edase, Hexamit\u00edase). O Ronidazol 10% \u00e9 um produto especialmente eficaz contra infe\u00e7\u00f5es causadas por tricom\u00f3nadas e hexamitas em pombos. Durante&hellip;<\/p>\n","protected":false},"featured_media":15141,"template":"","meta":[],"product_cat":[324],"product_tag":[],"class_list":{"0":"post-15570","1":"product","2":"type-product","3":"status-publish","4":"has-post-thumbnail","6":"product_cat-medicamentos-para-pombos","8":"first","9":"instock","10":"shipping-taxable","11":"product-type-simple"},"_links":{"self":[{"href":"https:\/\/care4bird.nl\/pt-pt\/wp-json\/wp\/v2\/product\/15570","targetHints":{"allow":["GET"]}}],"collection":[{"href":"https:\/\/care4bird.nl\/pt-pt\/wp-json\/wp\/v2\/product"}],"about":[{"href":"https:\/\/care4bird.nl\/pt-pt\/wp-json\/wp\/v2\/types\/product"}],"wp:featuredmedia":[{"embeddable":true,"href":"https:\/\/care4bird.nl\/pt-pt\/wp-json\/wp\/v2\/media\/15141"}],"wp:attachment":[{"href":"https:\/\/care4bird.nl\/pt-pt\/wp-json\/wp\/v2\/media?parent=15570"}],"wp:term":[{"taxonomy":"product_cat","embeddable":true,"href":"https:\/\/care4bird.nl\/pt-pt\/wp-json\/wp\/v2\/product_cat?post=15570"},{"taxonomy":"product_tag","embeddable":true,"href":"https:\/\/care4bird.nl\/pt-pt\/wp-json\/wp\/v2\/product_tag?post=15570"}],"curies":[{"name":"wp","href":"https:\/\/api.w.org\/{rel}","templated":true}]}}