{"id":15577,"date":"2025-11-03T10:58:02","date_gmt":"2025-11-03T10:58:02","guid":{"rendered":"https:\/\/care4bird.nl\/product\/caremycin\/"},"modified":"2026-04-17T06:47:59","modified_gmt":"2026-04-17T06:47:59","slug":"caremycin","status":"publish","type":"product","link":"https:\/\/care4bird.nl\/pt-pt\/produto\/caremycin\/","title":{"rendered":"Caremycin"},"content":{"rendered":"<h6>Indica\u00e7\u00e3o:<\/h6>\n<p>Salmonelose (paratifo), E. coli, infe\u00e7\u00f5es bacterianas comuns<\/p>\n<h6>Posologia<\/h6>\n<p>Preven\u00e7\u00e3o: 5 g de Caremycin para 5 litros de \u00e1gua de bebida ou 1 saqueta para 25 litros de \u00e1gua de bebida durante 4-5 dias consecutivos.<\/p>\n<p>Tratamento: 5 g de Caremycin para 2,5 litros de \u00e1gua de bebida ou 1 saqueta para 12,5 litros de \u00e1gua de bebida durante 4-5 dias consecutivos. Durante a \u00e9poca de corridas: no dia da chegada: 5 g de Cefamycin para 2,5 litros de \u00e1gua de bebida ou 1 saqueta para 12,5 litros de \u00e1gua de bebida durante 1-2 dias consecutivos.<\/p>\n<p>&nbsp;<\/p>\n<h6>Intera\u00e7\u00f5es: desconhecidas<\/h6>\n<h6>Contraindica\u00e7\u00f5es: administra\u00e7\u00e3o com bromexina e sobredosagem<\/h6>\n<h6>Conselhos de utiliza\u00e7\u00e3o :<\/h6>\n<ul>\n<li>Colocar os animais doentes em quarentena<\/li>\n<li>Tratar todos os animais, n\u00e3o apenas os doentes<\/li>\n<li>Misturar a dose recomendada na \u00e1gua de bebida<\/li>\n<li>Garantir que n\u00e3o h\u00e1 outra fonte de \u00e1gua dispon\u00edvel durante o tratamento<\/li>\n<li>Ap\u00f3s o tratamento, administrar Care 4 Birds MULTIVIT MIX (no dia seguinte ao \u00faltimo dia do tratamento)<\/li>\n<li>Desinfetar os pombais com Care 4 Birds LOFT CLEANER<\/li>\n<li>N\u00e3o administrar no dia do envio<\/li>\n<li>Em caso de d\u00favida ou problemas persistentes, consultar um especialista<\/li>\n<\/ul>\n<h6>NOTAS: LER AS INSTRU\u00c7\u00d5ES ANTES DE USAR.<\/h6>\n<ul>\n<li>Cont\u00e9m 25 g de medicamento veterin\u00e1rio para aves<\/li>\n<li>Armazenar em local seco, ao abrigo da luz solar direta, entre 0 e 30 \u00b0C<\/li>\n<li>Conserva\u00e7\u00e3o limitada ap\u00f3s abertura<\/li>\n<li>Manter fora do alcance das crian\u00e7as<\/li>\n<li>Apenas para tratamento animal. N\u00e3o destinado a animais produtores de alimentos para consumo humano<\/li>\n<li>Evitar o contacto do medicamento com as m\u00e3os<\/li>\n<li>O medicamento veterin\u00e1rio \u00e9 comercializado ao abrigo do regime de isen\u00e7\u00e3o para pequenos animais<\/li>\n<\/ul>\n<h6>Cont\u00e9m por 25 g :<\/h6>\n<p>Clortetraciclina HCl 3,125 g ; Furaltadona HCl 3,125 g ; Cloranfenicol 2,000 g<\/p>\n","protected":false},"excerpt":{"rendered":"<p>Indica\u00e7\u00e3o: Salmonelose (paratifo), E. coli, infe\u00e7\u00f5es bacterianas comuns Posologia Preven\u00e7\u00e3o: 5 g de Caremycin para 5 litros de \u00e1gua de bebida ou&hellip;<\/p>\n","protected":false},"featured_media":15578,"template":"","meta":[],"product_cat":[324],"product_tag":[],"class_list":{"0":"post-15577","1":"product","2":"type-product","3":"status-publish","4":"has-post-thumbnail","6":"product_cat-medicamentos-para-pombos","8":"first","9":"instock","10":"shipping-taxable","11":"product-type-simple"},"_links":{"self":[{"href":"https:\/\/care4bird.nl\/pt-pt\/wp-json\/wp\/v2\/product\/15577","targetHints":{"allow":["GET"]}}],"collection":[{"href":"https:\/\/care4bird.nl\/pt-pt\/wp-json\/wp\/v2\/product"}],"about":[{"href":"https:\/\/care4bird.nl\/pt-pt\/wp-json\/wp\/v2\/types\/product"}],"wp:featuredmedia":[{"embeddable":true,"href":"https:\/\/care4bird.nl\/pt-pt\/wp-json\/wp\/v2\/media\/15578"}],"wp:attachment":[{"href":"https:\/\/care4bird.nl\/pt-pt\/wp-json\/wp\/v2\/media?parent=15577"}],"wp:term":[{"taxonomy":"product_cat","embeddable":true,"href":"https:\/\/care4bird.nl\/pt-pt\/wp-json\/wp\/v2\/product_cat?post=15577"},{"taxonomy":"product_tag","embeddable":true,"href":"https:\/\/care4bird.nl\/pt-pt\/wp-json\/wp\/v2\/product_tag?post=15577"}],"curies":[{"name":"wp","href":"https:\/\/api.w.org\/{rel}","templated":true}]}}