{"id":15583,"date":"2025-11-03T10:57:19","date_gmt":"2025-11-03T10:57:19","guid":{"rendered":"https:\/\/care4bird.nl\/product\/tricho-magic\/"},"modified":"2026-04-17T06:57:09","modified_gmt":"2026-04-17T06:57:09","slug":"tricho-magic","status":"publish","type":"product","link":"https:\/\/care4bird.nl\/pt-pt\/produto\/tricho-magic\/","title":{"rendered":"Tricho Magic"},"content":{"rendered":"<div>\n<h6>Indica\u00e7\u00e3o:<\/h6>\n<p>Canker (Tricomon\u00edase, Hexamit\u00edase). Tricho Magic \u00e9 um produto especialmente eficaz contra infe\u00e7\u00f5es causadas por tricom\u00f3nadas e hexamitas em pombos. Durante a \u00e9poca de corridas, s\u00e3o necess\u00e1rios tratamentos regulares para estas infe\u00e7\u00f5es. As aves jovens com infe\u00e7\u00f5es intestinais graves causadas por hexamitas s\u00e3o mais suscet\u00edveis a uma infe\u00e7\u00e3o desagrad\u00e1vel por E. coli. A margem de seguran\u00e7a \u00e9 consider\u00e1vel<\/p>\n<\/div>\n<div>incluindo para animais jovens.<\/div>\n<h6>Sintomas:<\/h6>\n<div>Falta de condi\u00e7\u00e3o, maus resultados em corridas, subst\u00e2ncia amarela na garganta e no bico, excesso de muco, garganta vermelha, aumento do consumo de \u00e1gua (&#8220;ninhos h\u00famidos&#8221;).<\/div>\n<h6>Posologia:<\/h6>\n<div><i>TRICHO MAGIC P\u00d3<\/i><br \/>\nPreven\u00e7\u00e3o: 2 colheres doseadoras (=2 g) \/1 litro de \u00e1gua de bebida durante 1 ou 2 dias, a cada 2 semanas, de prefer\u00eancia come\u00e7ando no dia ap\u00f3s a corrida.<\/div>\n<div>Como tratamento durante a \u00e9poca de corridas: 2 colheres doseadoras (=2 g) \/1 litro de \u00e1gua de bebida durante<\/div>\n<div>5-7 dias consecutivos. Este tratamento pode ser repetido se necess\u00e1rio ap\u00f3s alguns dias. Misturar bem antes de usar!<\/div>\n<div>Tricho Magic \u00e9 um p\u00f3 sol\u00favel em \u00e1gua, que tamb\u00e9m pode ser administrado na ra\u00e7\u00e3o.<\/div>\n<div>\n<p>Colher doseadora 1+5 g inclu\u00edda.<\/p>\n<p><i>TRICHO MAGIC COMPRIMIDOS<\/i><br \/>\nPreventivo: 1 comprimido por pombo (400-500 g de peso corporal) durante 1-2 dias consecutivos.<br \/>\nCurativo: 1 comprimido por pombo (400-500 g de peso corporal) durante 3-5 dias consecutivos, ou conforme prescri\u00e7\u00e3o veterin\u00e1ria.<\/p>\n<\/div>\n<h6>Cont\u00e9m:<\/h6>\n<div><i>TRICHO MAGIC P\u00d3<\/i><br \/>\nRonidazol 8%, Metronidazol 10%, Ingredientes inativos q.s.p. 100 g.<i>TRICHO MAGIC COMPRIMIDOS<\/i><br \/>\nCarnidazol 40 mg\/g<\/div>\n","protected":false},"excerpt":{"rendered":"<p>Indica\u00e7\u00e3o: Canker (Tricomon\u00edase, Hexamit\u00edase). Tricho Magic \u00e9 um produto especialmente eficaz contra infe\u00e7\u00f5es causadas por tricom\u00f3nadas e hexamitas em pombos. Durante a&hellip;<\/p>\n","protected":false},"featured_media":15143,"template":"","meta":[],"product_cat":[324],"product_tag":[],"class_list":{"0":"post-15583","1":"product","2":"type-product","3":"status-publish","4":"has-post-thumbnail","6":"product_cat-medicamentos-para-pombos","8":"first","9":"instock","10":"shipping-taxable","11":"product-type-simple"},"_links":{"self":[{"href":"https:\/\/care4bird.nl\/pt-pt\/wp-json\/wp\/v2\/product\/15583","targetHints":{"allow":["GET"]}}],"collection":[{"href":"https:\/\/care4bird.nl\/pt-pt\/wp-json\/wp\/v2\/product"}],"about":[{"href":"https:\/\/care4bird.nl\/pt-pt\/wp-json\/wp\/v2\/types\/product"}],"wp:featuredmedia":[{"embeddable":true,"href":"https:\/\/care4bird.nl\/pt-pt\/wp-json\/wp\/v2\/media\/15143"}],"wp:attachment":[{"href":"https:\/\/care4bird.nl\/pt-pt\/wp-json\/wp\/v2\/media?parent=15583"}],"wp:term":[{"taxonomy":"product_cat","embeddable":true,"href":"https:\/\/care4bird.nl\/pt-pt\/wp-json\/wp\/v2\/product_cat?post=15583"},{"taxonomy":"product_tag","embeddable":true,"href":"https:\/\/care4bird.nl\/pt-pt\/wp-json\/wp\/v2\/product_tag?post=15583"}],"curies":[{"name":"wp","href":"https:\/\/api.w.org\/{rel}","templated":true}]}}