{"id":15589,"date":"2025-11-03T10:55:55","date_gmt":"2025-11-03T10:55:55","guid":{"rendered":"https:\/\/care4bird.nl\/product\/fungi-stop\/"},"modified":"2026-04-17T06:58:02","modified_gmt":"2026-04-17T06:58:02","slug":"fungi-stop","status":"publish","type":"product","link":"https:\/\/care4bird.nl\/pt-pt\/produto\/fungi-stop\/","title":{"rendered":"Fungi Stop"},"content":{"rendered":"<div>\n<h6>Indica\u00e7\u00e3o:<\/h6>\n<p>A import\u00e2ncia para os colomb\u00f3filos \u00e9 que alguns tipos de fungos gostam de crescer nos cereais. A m\u00e1 higiene tamb\u00e9m pode favorecer a propaga\u00e7\u00e3o de leveduras. A maioria das aves saud\u00e1veis n\u00e3o ser\u00e1 afetada, mas aves mais velhas, doentes ou sob stress desenvolvem geralmente infe\u00e7\u00f5es por leveduras. Estas infe\u00e7\u00f5es secund\u00e1rias aumentam o stress no sistema imunit\u00e1rio j\u00e1 sobrecarregado e interferem no processo de recupera\u00e7\u00e3o.<\/p>\n<\/div>\n<h6>Sintomas:<\/h6>\n<div>As aves arrepiam as penas, falta de apetite, v\u00f3mitos, papo inchado, dificuldades respirat\u00f3rias, frequentemente associadas a diarreia<\/div>\n<h6>Posologia:<\/h6>\n<div><i>FUNGI STOP P\u00d3<\/i><br \/>\nDose alimentar: aves em geral: 5 g \/ 500 g de alimento, duas vezes por dia, durante 5 a 7 dias.<\/div>\n<div>Dose na \u00e1gua de bebida: aves em geral: 5 g \/ 1 L de \u00e1gua de bebida, duas vezes por dia, durante 5 a 7 dias.<\/div>\n<div>Misturar bem antes de usar!<\/div>\n<div>Para preven\u00e7\u00e3o, fornecer \u00e1cido c\u00edtrico 5 ml por 1 litro de \u00e1gua de bebida diariamente.<\/div>\n<div>\n<p>Colher doseadora 1+5 g inclu\u00edda.<\/p>\n<p><i>FUNGI STOP COMPRIMIDOS<\/i><br \/>\nCurativo: 1 comprimido por pombo (400-500 g de peso corporal) durante 3-5 dias consecutivos, ou conforme prescri\u00e7\u00e3o veterin\u00e1ria.<\/p>\n<\/div>\n<h6>Cont\u00e9m:<\/h6>\n<p><i>FUNGI STOP P\u00d3<\/i><br \/>\n200.000 UI de Nistatina por grama. Ingredientes inativos q.s.p. 100 g.<\/p>\n<p><i>FUNGI STOP COMPRIMIDOS<\/i><br \/>\nCetoconazol 75 mg\/g<\/p>\n","protected":false},"excerpt":{"rendered":"<p>Indica\u00e7\u00e3o: A import\u00e2ncia para os colomb\u00f3filos \u00e9 que alguns tipos de fungos gostam de crescer nos cereais. A m\u00e1 higiene tamb\u00e9m pode&hellip;<\/p>\n","protected":false},"featured_media":15144,"template":"","meta":[],"product_cat":[324],"product_tag":[],"class_list":{"0":"post-15589","1":"product","2":"type-product","3":"status-publish","4":"has-post-thumbnail","6":"product_cat-medicamentos-para-pombos","8":"first","9":"instock","10":"shipping-taxable","11":"product-type-simple"},"_links":{"self":[{"href":"https:\/\/care4bird.nl\/pt-pt\/wp-json\/wp\/v2\/product\/15589","targetHints":{"allow":["GET"]}}],"collection":[{"href":"https:\/\/care4bird.nl\/pt-pt\/wp-json\/wp\/v2\/product"}],"about":[{"href":"https:\/\/care4bird.nl\/pt-pt\/wp-json\/wp\/v2\/types\/product"}],"wp:featuredmedia":[{"embeddable":true,"href":"https:\/\/care4bird.nl\/pt-pt\/wp-json\/wp\/v2\/media\/15144"}],"wp:attachment":[{"href":"https:\/\/care4bird.nl\/pt-pt\/wp-json\/wp\/v2\/media?parent=15589"}],"wp:term":[{"taxonomy":"product_cat","embeddable":true,"href":"https:\/\/care4bird.nl\/pt-pt\/wp-json\/wp\/v2\/product_cat?post=15589"},{"taxonomy":"product_tag","embeddable":true,"href":"https:\/\/care4bird.nl\/pt-pt\/wp-json\/wp\/v2\/product_tag?post=15589"}],"curies":[{"name":"wp","href":"https:\/\/api.w.org\/{rel}","templated":true}]}}