{"id":15595,"date":"2025-11-03T10:54:21","date_gmt":"2025-11-03T10:54:21","guid":{"rendered":"https:\/\/care4bird.nl\/product\/combi-mix\/"},"modified":"2026-04-17T06:58:57","modified_gmt":"2026-04-17T06:58:57","slug":"combi-mix","status":"publish","type":"product","link":"https:\/\/care4bird.nl\/pt-pt\/produto\/combi-mix\/","title":{"rendered":"Combi Mix"},"content":{"rendered":"<div>\n<h6>Indica\u00e7\u00e3o:<\/h6>\n<p>Combi Mix 4 em 1 \u00e9 muito adequado para o tratamento de tricomon\u00edase, hexamit\u00edase, coccidiose e muco na garganta. Durante a \u00e9poca de corridas, \u00e9 importante que as aves estejam em condi\u00e7\u00e3o \u00f3tima para que nada impe\u00e7a o seu desempenho. Combi Mix 4 em 1 ajuda a atingir este objetivo e pode ser administrado tanto de forma preventiva como curativa.<\/p>\n<\/div>\n<h6>Sintomas:<\/h6>\n<div>Falta de condi\u00e7\u00e3o, digest\u00e3o perturbada, fezes achatadas e aquosas. A garganta dos pombos cont\u00e9m mais muco do que o normal e apresenta cor avermelhada, pequenas \u00e1reas brancas a amareladas na cavidade oral, problemas respirat\u00f3rios.<\/div>\n<h6>Posologia:<\/h6>\n<div><i>COMBI MIX 4 EM 1 P\u00d3<\/i><br \/>\nPreven\u00e7\u00e3o: 1 colher doseadora (=5 g) para 2 litros de \u00e1gua de bebida durante 1 ou 2 dias a cada 2 semanas, de prefer\u00eancia come\u00e7ando no dia ap\u00f3s a corrida. Misturar bem antes de usar!<\/div>\n<div>Como tratamento: 1 colher doseadora (=5 g) para 2 litros de \u00e1gua de bebida durante 5-7 dias consecutivos.<\/div>\n<div>Este tratamento pode ser repetido se necess\u00e1rio ap\u00f3s alguns dias.<\/div>\n<div>Combi Mix 4 em 1 \u00e9 um p\u00f3 sol\u00favel em \u00e1gua que tamb\u00e9m pode ser administrado na ra\u00e7\u00e3o.<\/div>\n<div>\n<p>Colher doseadora 1+5 g inclu\u00edda.<\/p>\n<p><i>COMBI COMPRIMIDOS<\/i><br \/>\nPreventivo: 1 comprimido por pombo (400-500 g de peso corporal) durante 1-2 dias consecutivos.<br \/>\nCurativo: 1 comprimido por pombo (400-500 g de peso corporal) durante 3-5 dias consecutivos, ou conforme prescri\u00e7\u00e3o veterin\u00e1ria.<\/p>\n<\/div>\n<h6>Cont\u00e9m :<\/h6>\n<p><i>COMBI MIX P\u00d3 :<\/i><br \/>\nAmpr\u00f3lio 10%, Secnidazol 15%, ingredientes inativos q.s.p. 100 g.<\/p>\n<p>COMBI COMPRIMIDOS<br \/>\nCloridrato de Ampr\u00f3lio 96 mg\/g ; Cloridrato de Dimetridazol 50 mg\/g<\/p>\n","protected":false},"excerpt":{"rendered":"<p>Indica\u00e7\u00e3o: Combi Mix 4 em 1 \u00e9 muito adequado para o tratamento de tricomon\u00edase, hexamit\u00edase, coccidiose e muco na garganta. Durante a&hellip;<\/p>\n","protected":false},"featured_media":15145,"template":"","meta":[],"product_cat":[324],"product_tag":[],"class_list":{"0":"post-15595","1":"product","2":"type-product","3":"status-publish","4":"has-post-thumbnail","6":"product_cat-medicamentos-para-pombos","8":"first","9":"instock","10":"shipping-taxable","11":"product-type-simple"},"_links":{"self":[{"href":"https:\/\/care4bird.nl\/pt-pt\/wp-json\/wp\/v2\/product\/15595","targetHints":{"allow":["GET"]}}],"collection":[{"href":"https:\/\/care4bird.nl\/pt-pt\/wp-json\/wp\/v2\/product"}],"about":[{"href":"https:\/\/care4bird.nl\/pt-pt\/wp-json\/wp\/v2\/types\/product"}],"wp:featuredmedia":[{"embeddable":true,"href":"https:\/\/care4bird.nl\/pt-pt\/wp-json\/wp\/v2\/media\/15145"}],"wp:attachment":[{"href":"https:\/\/care4bird.nl\/pt-pt\/wp-json\/wp\/v2\/media?parent=15595"}],"wp:term":[{"taxonomy":"product_cat","embeddable":true,"href":"https:\/\/care4bird.nl\/pt-pt\/wp-json\/wp\/v2\/product_cat?post=15595"},{"taxonomy":"product_tag","embeddable":true,"href":"https:\/\/care4bird.nl\/pt-pt\/wp-json\/wp\/v2\/product_tag?post=15595"}],"curies":[{"name":"wp","href":"https:\/\/api.w.org\/{rel}","templated":true}]}}