{"id":15608,"date":"2025-11-03T10:52:08","date_gmt":"2025-11-03T10:52:08","guid":{"rendered":"https:\/\/care4bird.nl\/product\/eye-drops\/"},"modified":"2026-04-17T07:00:42","modified_gmt":"2026-04-17T07:00:42","slug":"eye-drops","status":"publish","type":"product","link":"https:\/\/care4bird.nl\/pt-pt\/produto\/eye-drops\/","title":{"rendered":"Eye drops"},"content":{"rendered":"<div>\n<h6>Posologia<\/h6>\n<\/div>\n<div>todos os tipos de infe\u00e7\u00f5es; doen\u00e7as oculares ou auriculares causadas por bact\u00e9rias Gram + e &#8211;<\/div>\n<h6>Posologia<\/h6>\n<div>1-2 gotas ou conforme prescri\u00e7\u00e3o veterin\u00e1ria<\/div>\n<h6>Tratamento<\/h6>\n<div>\n<p>1-2 vezes por dia at\u00e9 surgir melhoria, ou conforme prescri\u00e7\u00e3o veterin\u00e1ria<\/p>\n<\/div>\n<div><b>O PRODUTO CONT\u00c9M UM ESTEROIDE.<\/b><\/div>\n<h6>F\u00f3rmula<\/h6>\n<div>cont\u00e9m: Fosfato de prednisolona s\u00f3dica 55 mg\/g, Sulfato de neomicina 50 mg\/g<\/div>\n<h6>Conte\u00fado :<\/h6>\n<div>10 ml de medicamento veterin\u00e1rio para aves<\/div>\n","protected":false},"excerpt":{"rendered":"<p>Posologia todos os tipos de infe\u00e7\u00f5es; doen\u00e7as oculares ou auriculares causadas por bact\u00e9rias Gram + e &#8211; Posologia 1-2 gotas ou conforme&hellip;<\/p>\n","protected":false},"featured_media":15609,"template":"","meta":[],"product_cat":[324],"product_tag":[],"class_list":{"0":"post-15608","1":"product","2":"type-product","3":"status-publish","4":"has-post-thumbnail","6":"product_cat-medicamentos-para-pombos","8":"first","9":"instock","10":"shipping-taxable","11":"product-type-simple"},"_links":{"self":[{"href":"https:\/\/care4bird.nl\/pt-pt\/wp-json\/wp\/v2\/product\/15608","targetHints":{"allow":["GET"]}}],"collection":[{"href":"https:\/\/care4bird.nl\/pt-pt\/wp-json\/wp\/v2\/product"}],"about":[{"href":"https:\/\/care4bird.nl\/pt-pt\/wp-json\/wp\/v2\/types\/product"}],"wp:featuredmedia":[{"embeddable":true,"href":"https:\/\/care4bird.nl\/pt-pt\/wp-json\/wp\/v2\/media\/15609"}],"wp:attachment":[{"href":"https:\/\/care4bird.nl\/pt-pt\/wp-json\/wp\/v2\/media?parent=15608"}],"wp:term":[{"taxonomy":"product_cat","embeddable":true,"href":"https:\/\/care4bird.nl\/pt-pt\/wp-json\/wp\/v2\/product_cat?post=15608"},{"taxonomy":"product_tag","embeddable":true,"href":"https:\/\/care4bird.nl\/pt-pt\/wp-json\/wp\/v2\/product_tag?post=15608"}],"curies":[{"name":"wp","href":"https:\/\/api.w.org\/{rel}","templated":true}]}}