{"id":15613,"date":"2025-11-03T10:51:24","date_gmt":"2025-11-03T10:51:24","guid":{"rendered":"https:\/\/care4bird.nl\/product\/general-care\/"},"modified":"2026-04-17T07:01:30","modified_gmt":"2026-04-17T07:01:30","slug":"general-care","status":"publish","type":"product","link":"https:\/\/care4bird.nl\/pt-pt\/produto\/general-care\/","title":{"rendered":"General Care"},"content":{"rendered":"<div>\n<h6>Indica\u00e7\u00e3o:<\/h6>\n<p>Canker (tricomon\u00edase, hexamit\u00edase), paratifo, E. coli e infe\u00e7\u00f5es bacterianas em geral.<\/p>\n<\/div>\n<h6>Sintomas:<\/h6>\n<div>Perda de peso e de condi\u00e7\u00e3o geral, fezes viscosas e verdes, articula\u00e7\u00f5es das patas e asas inchadas, ovos inf\u00e9rteis, por vezes tor\u00e7\u00e3o da cabe\u00e7a para o lado, doen\u00e7a do pombo jovem, morte s\u00fabita.<\/div>\n<h6>Posologia:<\/h6>\n<div><i>GENERAL CARE P\u00d3<\/i><br \/>\nPreven\u00e7\u00e3o: 1 colher doseadora (=5 g) para 2 litros de \u00e1gua de bebida durante 1 ou 2 dias a cada 2 semanas, de prefer\u00eancia come\u00e7ando no dia ap\u00f3s a corrida.<\/div>\n<div>Como tratamento: 1 colher doseadora (=5 g) para 2 litros de \u00e1gua de bebida durante 5-7 dias consecutivos.<\/div>\n<div>Este tratamento pode ser repetido se necess\u00e1rio ap\u00f3s alguns dias. Misturar bem antes de usar!<\/div>\n<div>General Care \u00e9 um p\u00f3 sol\u00favel em \u00e1gua que tamb\u00e9m pode ser administrado na ra\u00e7\u00e3o.<\/div>\n<div>\n<p>Colher doseadora 1+5 g inclu\u00edda.<\/p>\n<p><i>GENERAL CARE COMPRIMIDOS<\/i><br \/>\nPreventivo: 1 comprimido por pombo (400-500 g de peso corporal) durante 1-2 dias consecutivos.<br \/>\nCurativo: 1 comprimido por pombo (400-500 g de peso corporal) durante 3-5 dias consecutivos, ou conforme prescri\u00e7\u00e3o veterin\u00e1ria.<\/p>\n<\/div>\n<h6>Cont\u00e9m :<\/h6>\n<div><i>GENERAL CARE P\u00d3 :<\/i><br \/>\nFuraltadona HCl 12%, Metronidazol 20%, Clortetraciclina HCl 10%, ingredientes inativos q.s.p. 100 g.<i>GENERAL CARE COMPRIMIDOS<\/i><br \/>\nFuraltadona HCl 75 mg\/g ; Ronidazol 25 mg\/g<\/div>\n","protected":false},"excerpt":{"rendered":"<p>Indica\u00e7\u00e3o: Canker (tricomon\u00edase, hexamit\u00edase), paratifo, E. coli e infe\u00e7\u00f5es bacterianas em geral. Sintomas: Perda de peso e de condi\u00e7\u00e3o geral, fezes viscosas&hellip;<\/p>\n","protected":false},"featured_media":15148,"template":"","meta":[],"product_cat":[324],"product_tag":[],"class_list":{"0":"post-15613","1":"product","2":"type-product","3":"status-publish","4":"has-post-thumbnail","6":"product_cat-medicamentos-para-pombos","8":"first","9":"instock","10":"shipping-taxable","11":"product-type-simple"},"_links":{"self":[{"href":"https:\/\/care4bird.nl\/pt-pt\/wp-json\/wp\/v2\/product\/15613","targetHints":{"allow":["GET"]}}],"collection":[{"href":"https:\/\/care4bird.nl\/pt-pt\/wp-json\/wp\/v2\/product"}],"about":[{"href":"https:\/\/care4bird.nl\/pt-pt\/wp-json\/wp\/v2\/types\/product"}],"wp:featuredmedia":[{"embeddable":true,"href":"https:\/\/care4bird.nl\/pt-pt\/wp-json\/wp\/v2\/media\/15148"}],"wp:attachment":[{"href":"https:\/\/care4bird.nl\/pt-pt\/wp-json\/wp\/v2\/media?parent=15613"}],"wp:term":[{"taxonomy":"product_cat","embeddable":true,"href":"https:\/\/care4bird.nl\/pt-pt\/wp-json\/wp\/v2\/product_cat?post=15613"},{"taxonomy":"product_tag","embeddable":true,"href":"https:\/\/care4bird.nl\/pt-pt\/wp-json\/wp\/v2\/product_tag?post=15613"}],"curies":[{"name":"wp","href":"https:\/\/api.w.org\/{rel}","templated":true}]}}