{"id":15627,"date":"2025-11-03T10:49:34","date_gmt":"2025-11-03T10:49:34","guid":{"rendered":"https:\/\/care4bird.nl\/product\/eye-cream\/"},"modified":"2026-04-17T07:07:21","modified_gmt":"2026-04-17T07:07:21","slug":"eye-cream","status":"publish","type":"product","link":"https:\/\/care4bird.nl\/pt-pt\/produto\/eye-cream\/","title":{"rendered":"Eye cream"},"content":{"rendered":"<div>\n<h6>Indica\u00e7\u00e3o<\/h6>\n<\/div>\n<div>todos os tipos de infe\u00e7\u00f5es; doen\u00e7as oculares ou auriculares complicadas por rea\u00e7\u00f5es al\u00e9rgicas.<\/div>\n<h6>Posologia<\/h6>\n<div>uma pequena quantidade \u00e0 volta do olho ou da orelha, ou conforme prescri\u00e7\u00e3o veterin\u00e1ria<\/div>\n<h6>Tratamento<\/h6>\n<div>1-2 vezes por dia at\u00e9 surgir melhoria, ou conforme prescri\u00e7\u00e3o veterin\u00e1ria<\/div>\n<h6><b>O PRODUTO CONT\u00c9M ESTEROIDES, N\u00c3O UTILIZAR ANTES DAS CORRIDAS.<\/b><\/h6>\n<h6>F\u00f3rmula<\/h6>\n<div>Cont\u00e9m: Oxitetraciclina HCl 5,4 mg\/g, Sulfato de polimixina B 1,27 mg\/g,<\/div>\n<div>Hidrocortisona micronizada 1,5 mg\/g (fornecido em tubo de 5 g)<\/div>\n<h6>Conte\u00fado :<\/h6>\n<div>5 g de medicamento veterin\u00e1rio para aves<\/div>\n","protected":false},"excerpt":{"rendered":"<p>Indica\u00e7\u00e3o todos os tipos de infe\u00e7\u00f5es; doen\u00e7as oculares ou auriculares complicadas por rea\u00e7\u00f5es al\u00e9rgicas. Posologia uma pequena quantidade \u00e0 volta do olho&hellip;<\/p>\n","protected":false},"featured_media":15629,"template":"","meta":[],"product_cat":[324],"product_tag":[],"class_list":{"0":"post-15627","1":"product","2":"type-product","3":"status-publish","4":"has-post-thumbnail","6":"product_cat-medicamentos-para-pombos","8":"first","9":"instock","10":"shipping-taxable","11":"product-type-simple"},"_links":{"self":[{"href":"https:\/\/care4bird.nl\/pt-pt\/wp-json\/wp\/v2\/product\/15627","targetHints":{"allow":["GET"]}}],"collection":[{"href":"https:\/\/care4bird.nl\/pt-pt\/wp-json\/wp\/v2\/product"}],"about":[{"href":"https:\/\/care4bird.nl\/pt-pt\/wp-json\/wp\/v2\/types\/product"}],"wp:featuredmedia":[{"embeddable":true,"href":"https:\/\/care4bird.nl\/pt-pt\/wp-json\/wp\/v2\/media\/15629"}],"wp:attachment":[{"href":"https:\/\/care4bird.nl\/pt-pt\/wp-json\/wp\/v2\/media?parent=15627"}],"wp:term":[{"taxonomy":"product_cat","embeddable":true,"href":"https:\/\/care4bird.nl\/pt-pt\/wp-json\/wp\/v2\/product_cat?post=15627"},{"taxonomy":"product_tag","embeddable":true,"href":"https:\/\/care4bird.nl\/pt-pt\/wp-json\/wp\/v2\/product_tag?post=15627"}],"curies":[{"name":"wp","href":"https:\/\/api.w.org\/{rel}","templated":true}]}}