{"id":15637,"date":"2025-11-03T10:44:11","date_gmt":"2025-11-03T10:44:11","guid":{"rendered":"https:\/\/care4bird.nl\/product\/endo-ecto-drops\/"},"modified":"2026-04-17T07:08:56","modified_gmt":"2026-04-17T07:08:56","slug":"endo-ecto-drops","status":"publish","type":"product","link":"https:\/\/care4bird.nl\/pt-pt\/produto\/endo-ecto-drops\/","title":{"rendered":"Endo-ecto drops"},"content":{"rendered":"<h6>Indica\u00e7\u00e3o:<\/h6>\n<div>Para preven\u00e7\u00e3o e tratamento de piolhos, \u00e1caros e infesta\u00e7\u00f5es por vermes.<\/div>\n<h6>CONTRAINDICA\u00c7\u00d5ES:<\/h6>\n<div>Sobredosagem, n\u00e3o tratar durante a muda e aves com menos de 14 dias.<\/div>\n<h6>INTERA\u00c7\u00d5ES:<\/h6>\n<div>Nesta dosagem n\u00e3o conhecidas<\/div>\n<h6>COMPOSI\u00c7\u00c3O:<\/h6>\n<div>Ivermectina 0,3%, ingredientes inativos q.s.<\/div>\n<div>at\u00e9 10 ml.<\/div>\n<h6>CONT\u00c9M:<\/h6>\n<div>10 ml de l\u00edquido para tratamento local (conta-gotas) de pombos e aves de 250 at\u00e9 3000 gramas de peso vivo.<\/div>\n<h6>Posologia:<\/h6>\n<div>No pesco\u00e7o, sobre a pele nua: 1 gota por 200 g de peso vivo, 2 gotas por 500 g de peso vivo<\/div>\n<div>Se necess\u00e1rio, repetir o tratamento ap\u00f3s 4-6 semanas ou conforme prescri\u00e7\u00e3o veterin\u00e1ria.<\/div>\n<div>Dose para a \u00e1gua de banho: 40 gotas para 10 litros de \u00e1gua de banho.<\/div>\n","protected":false},"excerpt":{"rendered":"<p>Indica\u00e7\u00e3o: Para preven\u00e7\u00e3o e tratamento de piolhos, \u00e1caros e infesta\u00e7\u00f5es por vermes. CONTRAINDICA\u00c7\u00d5ES: Sobredosagem, n\u00e3o tratar durante a muda e aves com&hellip;<\/p>\n","protected":false},"featured_media":15639,"template":"","meta":[],"product_cat":[324],"product_tag":[],"class_list":{"0":"post-15637","1":"product","2":"type-product","3":"status-publish","4":"has-post-thumbnail","6":"product_cat-medicamentos-para-pombos","8":"first","9":"instock","10":"shipping-taxable","11":"product-type-simple"},"_links":{"self":[{"href":"https:\/\/care4bird.nl\/pt-pt\/wp-json\/wp\/v2\/product\/15637","targetHints":{"allow":["GET"]}}],"collection":[{"href":"https:\/\/care4bird.nl\/pt-pt\/wp-json\/wp\/v2\/product"}],"about":[{"href":"https:\/\/care4bird.nl\/pt-pt\/wp-json\/wp\/v2\/types\/product"}],"wp:featuredmedia":[{"embeddable":true,"href":"https:\/\/care4bird.nl\/pt-pt\/wp-json\/wp\/v2\/media\/15639"}],"wp:attachment":[{"href":"https:\/\/care4bird.nl\/pt-pt\/wp-json\/wp\/v2\/media?parent=15637"}],"wp:term":[{"taxonomy":"product_cat","embeddable":true,"href":"https:\/\/care4bird.nl\/pt-pt\/wp-json\/wp\/v2\/product_cat?post=15637"},{"taxonomy":"product_tag","embeddable":true,"href":"https:\/\/care4bird.nl\/pt-pt\/wp-json\/wp\/v2\/product_tag?post=15637"}],"curies":[{"name":"wp","href":"https:\/\/api.w.org\/{rel}","templated":true}]}}