{"id":15365,"date":"2025-11-03T11:38:17","date_gmt":"2025-11-03T11:38:17","guid":{"rendered":"https:\/\/care4bird.nl\/product\/intestinal-2\/"},"modified":"2026-04-16T09:40:46","modified_gmt":"2026-04-16T09:40:46","slug":"intestinal-2","status":"publish","type":"product","link":"https:\/\/care4bird.nl\/sv\/produkt\/intestinal-2\/","title":{"rendered":"Intestinal"},"content":{"rendered":"<div>\n<h6>Indikation:<\/h6>\n<p>Bakteriella mag-tarminfektioner s\u00e5som Staphylococcus, Streptococcus och Enterococcus hos f\u00e5glar.\n<\/p><\/div>\n<h6>Symtom:<\/h6>\n<div>\u2022 Tydliga f\u00f6r\u00e4ndringar i beteende och utseende<\/div>\n<div>\u2022 Rufsiga och uppburrade fj\u00e4drar<\/div>\n<div>\u2022 R\u00f6da, rinnande \u00f6gon, n\u00e4sfl\u00f6de<\/div>\n<div>\u2022 Diarr\u00e9<\/div>\n<div>\u2022 Onormal eller sv\u00e5r andning<\/div>\n<div>\u2022 Minskad aptit och sitter l\u00e5gt p\u00e5 pinnen<\/div>\n<h6>Dosering<\/h6>\n<div>Som normal behandling: tills\u00e4tt 5 g i 2 L ljummet dricksvatten i 3\u20135 dagar.<\/div>\n<div>Vid allvarliga infektioner: f\u00f6rl\u00e4ng behandlingen till 5\u20137 dagar i f\u00f6ljd. Behandlingen kan<\/div>\n<div>upprepas vid behov efter n\u00e5gra dagar. M\u00e5ttsked 1+5 g ing\u00e5r.<\/div>\n<h6>Interaktion(er): inga k\u00e4nda.<\/h6>\n<h6>Kontraindikation(er): \u00f6verdosering.<\/h6>\n<h6>R\u00e5d f\u00f6r anv\u00e4ndning:<\/h6>\n<p>Isolera sjuka f\u00e5glar (temperatur 28\u201333 \u00baC, d\u00e4mpat ljus).<br \/>\nVid behandling av sjuka djur, ge \u00e4ven f\u00f6rebyggande behandling till \u00f6vriga f\u00e5glar.<br \/>\nS\u00e4kerst\u00e4ll att f\u00e5glarna f\u00e5r i sig r\u00e4tt m\u00e4ngd medicin; undvik annat vatten eller foder utan medicin.<br \/>\nGe glukos och MULTIVIT MIX under behandlingen.<br \/>\nVid allvarliga tillst\u00e5nd rekommenderas f\u00f6rl\u00e4ngd behandling.<br \/>\nSe till att milj\u00f6n desinficeras noggrant.<br \/>\nOm snabb f\u00f6rb\u00e4ttring uteblir, kontakta expert.<\/p>\n<h6>OBS: L\u00c4S INSTRUKTIONERNA F\u00d6RE ANV\u00c4NDNING.<\/h6>\n<p>F\u00f6rvara torrt, skyddat fr\u00e5n direkt solljus, mellan 0\u201330 \u00b0C.<br \/>\nH\u00e5llbarhet efter \u00f6ppning: ett (1) \u00e5r.<br \/>\nBatchnummer och utg\u00e5ngsdatum: se f\u00f6rpackning.<br \/>\nUndvik kontakt med l\u00e4kemedlet med h\u00e4nderna.<br \/>\nF\u00f6rvaras utom r\u00e4ckh\u00e5ll f\u00f6r barn.<br \/>\nEndast f\u00f6r veterin\u00e4rt bruk. Ej f\u00f6r djur avsedda f\u00f6r livsmedelsproduktion.<br \/>\nKassera tom f\u00f6rpackning och rester med hush\u00e5llsavfall.<br \/>\nDetta veterin\u00e4rmedel marknadsf\u00f6rs enligt undantagsregler f\u00f6r sm\u00e5djur.<\/p>\n<h6>Inneh\u00e5ller:<\/h6>\n<p>Trimetoprim 4 %, Sulfadiazin Natrium 20 %, inaktiva ingredienser q.s. till 100 g<\/p>\n<h6>VIKTIGT<\/h6>\n<p>En l\u00e4tt h\u00e4rdning av pulvret kan f\u00f6rekomma med tiden. Detta p\u00e5verkar inte produktens kvalitet eller effektivitet.<\/p>\n","protected":false},"excerpt":{"rendered":"<p>Indikation: Bakteriella mag-tarminfektioner s\u00e5som Staphylococcus, Streptococcus och Enterococcus hos f\u00e5glar. Symtom: \u2022 Tydliga f\u00f6r\u00e4ndringar i beteende och utseende \u2022 Rufsiga och uppburrade&hellip;<\/p>\n","protected":false},"featured_media":15366,"template":"","meta":[],"product_cat":[327],"product_tag":[],"class_list":{"0":"post-15365","1":"product","2":"type-product","3":"status-publish","4":"has-post-thumbnail","6":"product_cat-lakemedel-for-faglar","8":"first","9":"instock","10":"shipping-taxable","11":"product-type-simple"},"_links":{"self":[{"href":"https:\/\/care4bird.nl\/sv\/wp-json\/wp\/v2\/product\/15365","targetHints":{"allow":["GET"]}}],"collection":[{"href":"https:\/\/care4bird.nl\/sv\/wp-json\/wp\/v2\/product"}],"about":[{"href":"https:\/\/care4bird.nl\/sv\/wp-json\/wp\/v2\/types\/product"}],"wp:featuredmedia":[{"embeddable":true,"href":"https:\/\/care4bird.nl\/sv\/wp-json\/wp\/v2\/media\/15366"}],"wp:attachment":[{"href":"https:\/\/care4bird.nl\/sv\/wp-json\/wp\/v2\/media?parent=15365"}],"wp:term":[{"taxonomy":"product_cat","embeddable":true,"href":"https:\/\/care4bird.nl\/sv\/wp-json\/wp\/v2\/product_cat?post=15365"},{"taxonomy":"product_tag","embeddable":true,"href":"https:\/\/care4bird.nl\/sv\/wp-json\/wp\/v2\/product_tag?post=15365"}],"curies":[{"name":"wp","href":"https:\/\/api.w.org\/{rel}","templated":true}]}}