{"id":15371,"date":"2025-11-03T11:34:48","date_gmt":"2025-11-03T11:34:48","guid":{"rendered":"https:\/\/care4bird.nl\/product\/salmo-mix\/"},"modified":"2026-04-16T09:43:38","modified_gmt":"2026-04-16T09:43:38","slug":"salmo-mix","status":"publish","type":"product","link":"https:\/\/care4bird.nl\/sv\/produkt\/salmo-mix\/","title":{"rendered":"Salmo-mix"},"content":{"rendered":"<h6>Indikation:<\/h6>\n<div>Salmonellos, kolibacillos (svettsjuka) och vanliga bakteriella infektioner hos f\u00e5glar.<\/div>\n<h6>Symtom:<\/h6>\n<div>SYMtom VID BAKTERIELLA INFEKTIONER I ALLM\u00c4NHET:<\/div>\n<div>YTTERLIGARE SYMTOM VID KOLIBACILLOS (SVETTSJUKA):<\/div>\n<div>\u2022 Tydliga f\u00f6r\u00e4ndringar i beteende och utseende<\/div>\n<div>\u2022 Rufsiga och matta fj\u00e4drar<\/div>\n<div>\u2022 Diarr\u00e9<\/div>\n<div>\u2022 Onormal eller sv\u00e5r andning<\/div>\n<div>\u2022 Minskad aptit och sitter l\u00e5gt p\u00e5 sittpinnen<\/div>\n<div>\u2022 Insidan av bon smutsas av gul diarr\u00e9 fr\u00e5n ungar<\/div>\n<div>\u2022 H\u00e4mmad tillv\u00e4xt hos ungar<\/div>\n<div>\u2022 \u00d6kad d\u00f6dlighet under de f\u00f6rsta levnadsdagarna.<\/div>\n<div>Salmonellos \u00e4r vanligare under fuktiga perioder av \u00e5ret, i utomhusvolj\u00e4rer n\u00e4r god hygien inte uppr\u00e4tth\u00e5lls. Kontakt med m\u00f6ss eller vilda f\u00e5glars avf\u00f6ring \u00e4r en smittk\u00e4lla.<\/div>\n<h6>Dosering:<\/h6>\n<div>DOSERING: SOM NORMAL BEHANDLING tills\u00e4tt 5 g till 1 liter dricksvatten i 5\u20137 dagar i f\u00f6ljd.<\/div>\n<div>VID SALMONELLOS ELLER KOLIBACILLOS (SVETTSJUKA) upprepa behandlingen efter 2 dagar.<\/div>\n<div>M\u00e4tsked 1+5 g ing\u00e5r.<\/div>\n<div>Interaktion(er): inga k\u00e4nda.<\/div>\n<div>Kontraindikation(er): \u00f6verdosering.<\/div>\n<h6>Anv\u00e4ndningsr\u00e5d:<\/h6>\n<div>Isolera sjuka f\u00e5glar (temperatur 28\u201333 \u00baC, d\u00e4mpat ljus).<\/div>\n<div>Ge f\u00f6rebyggande behandling till \u00f6vriga f\u00e5glar.<\/div>\n<div>Se till att f\u00e5glarna f\u00e5r i sig r\u00e4tt m\u00e4ngd medicin; undvik omedicinerat vatten eller foder.<\/div>\n<div>Ge glukos och MULTIVIT MIX under behandlingen.<\/div>\n<div>Vid allvarliga fall rekommenderas l\u00e4ngre behandling.<\/div>\n<div>Se till att desinficera utrymmet noggrant.<\/div>\n<div>Om snabb f\u00f6rb\u00e4ttring uteblir, kontakta expert.<\/div>\n<h6>OBS: L\u00c4S INSTRUKTIONERNA F\u00d6RE ANV\u00c4NDNING.<\/h6>\n<div>F\u00f6rvaras torrt, skyddat fr\u00e5n direkt solljus, mellan 0\u201330 \u00b0C.<\/div>\n<div>H\u00e5llbarhet efter \u00f6ppning: ett (1) \u00e5r.<\/div>\n<div>Batchnummer och utg\u00e5ngsdatum: se f\u00f6rpackning.<\/div>\n<div>Undvik kontakt med h\u00e4nderna.<\/div>\n<div>F\u00f6rvaras utom r\u00e4ckh\u00e5ll f\u00f6r barn.<\/div>\n<div>Endast f\u00f6r veterin\u00e4rt bruk. Ej f\u00f6r djur avsedda f\u00f6r livsmedelsproduktion.<\/div>\n<div>Kassera rester med hush\u00e5llsavfall.<\/div>\n<div>Denna veterin\u00e4rprodukt marknadsf\u00f6rs enligt undantagsregler f\u00f6r sm\u00e5djur.<\/div>\n<h6>Inneh\u00e5ller:<\/h6>\n<div>Furaltadon HCl 12,8 %, Kloramfenikol 8 %, Klorotetracyklin HCl 12,5 %, hj\u00e4lp\u00e4mnen upp till 100 g<\/div>\n","protected":false},"excerpt":{"rendered":"<p>Indikation: Salmonellos, kolibacillos (svettsjuka) och vanliga bakteriella infektioner hos f\u00e5glar. Symtom: SYMtom VID BAKTERIELLA INFEKTIONER I ALLM\u00c4NHET: YTTERLIGARE SYMTOM VID KOLIBACILLOS (SVETTSJUKA):&hellip;<\/p>\n","protected":false},"featured_media":15372,"template":"","meta":[],"product_cat":[327],"product_tag":[],"class_list":{"0":"post-15371","1":"product","2":"type-product","3":"status-publish","4":"has-post-thumbnail","6":"product_cat-lakemedel-for-faglar","8":"first","9":"instock","10":"shipping-taxable","11":"product-type-simple"},"_links":{"self":[{"href":"https:\/\/care4bird.nl\/sv\/wp-json\/wp\/v2\/product\/15371","targetHints":{"allow":["GET"]}}],"collection":[{"href":"https:\/\/care4bird.nl\/sv\/wp-json\/wp\/v2\/product"}],"about":[{"href":"https:\/\/care4bird.nl\/sv\/wp-json\/wp\/v2\/types\/product"}],"wp:featuredmedia":[{"embeddable":true,"href":"https:\/\/care4bird.nl\/sv\/wp-json\/wp\/v2\/media\/15372"}],"wp:attachment":[{"href":"https:\/\/care4bird.nl\/sv\/wp-json\/wp\/v2\/media?parent=15371"}],"wp:term":[{"taxonomy":"product_cat","embeddable":true,"href":"https:\/\/care4bird.nl\/sv\/wp-json\/wp\/v2\/product_cat?post=15371"},{"taxonomy":"product_tag","embeddable":true,"href":"https:\/\/care4bird.nl\/sv\/wp-json\/wp\/v2\/product_tag?post=15371"}],"curies":[{"name":"wp","href":"https:\/\/api.w.org\/{rel}","templated":true}]}}