{"id":15378,"date":"2025-11-03T11:34:46","date_gmt":"2025-11-03T11:34:46","guid":{"rendered":"https:\/\/care4bird.nl\/product\/worm-mix\/"},"modified":"2026-04-16T09:44:53","modified_gmt":"2026-04-16T09:44:53","slug":"worm-mix","status":"publish","type":"product","link":"https:\/\/care4bird.nl\/sv\/produkt\/worm-mix\/","title":{"rendered":"Worm-mix"},"content":{"rendered":"<div>\n<h6>Indikation:<\/h6>\n<\/div>\n<div>F\u00f6r f\u00f6rebyggande och behandling av rundmask- och h\u00e5rmaskinfektioner hos f\u00e5glar.<\/div>\n<h6>Symtom:<\/h6>\n<div>AV TARMMASKAR<\/div>\n<div><\/div>\n<div>\u2022 Viktminskning<\/div>\n<div>\u2022 F\u00f6rs\u00e4mrat allm\u00e4ntillst\u00e5nd<\/div>\n<div>\u2022 \u00d6kad mottaglighet f\u00f6r andra sjukdomar<\/div>\n<h6>N\u00c4R SKA DU BEHANDLA DINA DJUR:<\/h6>\n<div>\u2022 Som rutin, efter ruggning<\/div>\n<div>\u2022 N\u00e4r du k\u00f6per nya f\u00e5glar<\/div>\n<div>\u2022 Vid maskinfektion<\/div>\n<h6>Dosering:<\/h6>\n<div>DOSERING: SOM ALLM\u00c4N BEHANDLING F\u00d6R F\u00c5GLAR:<\/div>\n<div>1 g per 500 g kroppsvikt \/ 5 g per 2500 g kroppsvikt i 2 p\u00e5 varandra f\u00f6ljande dagar<\/div>\n<div>Ge Worm-mix med fodret eller i dricksvattnet.<\/div>\n<div>Upprepa behandlingen efter 10\u201312 dagar.<\/div>\n<div>M\u00e4tsked 1+5 g ing\u00e5r<\/div>\n<h6>Interaktion(er): inga k\u00e4nda.<\/h6>\n<h6>Kontraindikation(er): \u00f6verdosering: anv\u00e4nd inte produkten under<\/h6>\n<div>parning, utfodring av ungar, ruggning av stora fj\u00e4drar eller till f\u00e5glar yngre \u00e4n 14 dagar.<\/div>\n<h6>Anv\u00e4ndningsr\u00e5d:<\/h6>\n<div>Isolera sjuka f\u00e5glar (temperatur 28\u201333 \u00baC, d\u00e4mpat ljus).<\/div>\n<div>Ge f\u00f6rebyggande behandling till \u00f6vriga f\u00e5glar.<\/div>\n<div>Se till att f\u00e5glarna f\u00e5r i sig r\u00e4tt m\u00e4ngd medicin; undvik omedicinerat vatten eller foder.<\/div>\n<div>Ge glukos och MULTIVIT MIX under behandlingen.<\/div>\n<div>Vid allvarliga fall rekommenderas l\u00e4ngre behandling.<\/div>\n<div>Se till att desinficera utrymmet noggrant.<\/div>\n<div>Om snabb f\u00f6rb\u00e4ttring uteblir, kontakta expert.<\/div>\n<h6>OBS: L\u00c4S INSTRUKTIONERNA F\u00d6RE ANV\u00c4NDNING.<\/h6>\n<div>F\u00f6rvaras torrt, skyddat fr\u00e5n direkt solljus, mellan 0\u201330 \u00b0C.<\/div>\n<div>H\u00e5llbarhet efter \u00f6ppning: ett (1) \u00e5r.<\/div>\n<div>Batchnummer och utg\u00e5ngsdatum: se f\u00f6rpackning.<\/div>\n<div>Undvik kontakt med h\u00e4nderna.<\/div>\n<div>F\u00f6rvaras utom r\u00e4ckh\u00e5ll f\u00f6r barn.<\/div>\n<div>Endast f\u00f6r veterin\u00e4rt bruk. Ej f\u00f6r djur avsedda f\u00f6r livsmedelsproduktion.<\/div>\n<div>Kassera rester med hush\u00e5llsavfall.<\/div>\n<div>Denna veterin\u00e4rprodukt marknadsf\u00f6rs enligt undantagsregler f\u00f6r sm\u00e5djur.<\/div>\n<h6>Inneh\u00e5ller:<\/h6>\n<div>Levamisol HCl 2%, hj\u00e4lp\u00e4mnen upp till 100 g<\/div>\n","protected":false},"excerpt":{"rendered":"<p>Indikation: F\u00f6r f\u00f6rebyggande och behandling av rundmask- och h\u00e5rmaskinfektioner hos f\u00e5glar. Symtom: AV TARMMASKAR \u2022 Viktminskning \u2022 F\u00f6rs\u00e4mrat allm\u00e4ntillst\u00e5nd \u2022 \u00d6kad mottaglighet&hellip;<\/p>\n","protected":false},"featured_media":15379,"template":"","meta":[],"product_cat":[327],"product_tag":[],"class_list":{"0":"post-15378","1":"product","2":"type-product","3":"status-publish","4":"has-post-thumbnail","6":"product_cat-lakemedel-for-faglar","8":"first","9":"instock","10":"shipping-taxable","11":"product-type-simple"},"_links":{"self":[{"href":"https:\/\/care4bird.nl\/sv\/wp-json\/wp\/v2\/product\/15378","targetHints":{"allow":["GET"]}}],"collection":[{"href":"https:\/\/care4bird.nl\/sv\/wp-json\/wp\/v2\/product"}],"about":[{"href":"https:\/\/care4bird.nl\/sv\/wp-json\/wp\/v2\/types\/product"}],"wp:featuredmedia":[{"embeddable":true,"href":"https:\/\/care4bird.nl\/sv\/wp-json\/wp\/v2\/media\/15379"}],"wp:attachment":[{"href":"https:\/\/care4bird.nl\/sv\/wp-json\/wp\/v2\/media?parent=15378"}],"wp:term":[{"taxonomy":"product_cat","embeddable":true,"href":"https:\/\/care4bird.nl\/sv\/wp-json\/wp\/v2\/product_cat?post=15378"},{"taxonomy":"product_tag","embeddable":true,"href":"https:\/\/care4bird.nl\/sv\/wp-json\/wp\/v2\/product_tag?post=15378"}],"curies":[{"name":"wp","href":"https:\/\/api.w.org\/{rel}","templated":true}]}}