{"id":15384,"date":"2025-11-03T11:33:19","date_gmt":"2025-11-03T11:33:19","guid":{"rendered":"https:\/\/care4bird.nl\/product\/fungi-mix\/"},"modified":"2026-04-16T09:47:02","modified_gmt":"2026-04-16T09:47:02","slug":"fungi-mix","status":"publish","type":"product","link":"https:\/\/care4bird.nl\/sv\/produkt\/fungi-mix\/","title":{"rendered":"Fungi-mix"},"content":{"rendered":"<div>\n<h6>Indication:<\/h6>\n<\/div>\n<div>Svampinfektioner s\u00e5som candidiasis, moniliasis och aspergillos hos f\u00e5glar.<\/div>\n<div>J\u00e4stsvampar finns \u00f6verallt i milj\u00f6n, inklusive i f\u00f6rst\u00f6rd mat. D\u00e4rf\u00f6r b\u00f6r f\u00e4rska frukter och gr\u00f6nsaker inte l\u00e4mnas l\u00e4nge i buren. Under sommaren kan mat bli d\u00e5lig p\u00e5 bara n\u00e5gra timmar. D\u00e5lig hygien kan ocks\u00e5 sprida j\u00e4stinfektioner. Otillr\u00e4cklig sterilisering av utrustning, d\u00e5lig reng\u00f6ring av burar eller att inte tv\u00e4tta h\u00e4nderna kan sprida infektionen. De flesta friska f\u00e5glar p\u00e5verkas inte. \u00c4ldre, nykl\u00e4ckta, sjuka och stressade f\u00e5glar utvecklar ofta sekund\u00e4ra j\u00e4stinfektioner. Dessa sekund\u00e4ra infektioner<\/div>\n<div>belastar det redan f\u00f6rsvagade immunf\u00f6rsvaret och f\u00f6rsv\u00e5rar l\u00e4kningen.<\/div>\n<h6>Symptoms:<\/h6>\n<div>\u2022 Ruggiga fj\u00e4drar<\/div>\n<div>\u2022 D\u00e5lig aptit<\/div>\n<div>\u2022 Kr\u00e4kningar<\/div>\n<div>\u2022 Svullen kr\u00e4va<\/div>\n<div>\u2022 Andningssv\u00e5righeter<\/div>\n<div>\u2022 Ofta tillsammans med diarr\u00e9.<\/div>\n<h6>Dosage:<\/h6>\n<p>Dos mjukfoder: f\u00e5glar i allm\u00e4nhet: 5 g \/ 500 g mjukfoder, tv\u00e5 g\u00e5nger dagligen i 5\u20137 dagar<br \/>\nDos dricksvatten: f\u00e5glar i allm\u00e4nhet: 5 g \/ 1 L vatten, tv\u00e5 g\u00e5nger dagligen i 5\u20137 dagar. (blanda v\u00e4l f\u00f6re anv\u00e4ndning!) Nystatin kan blandas i fodret men \u00e4r mer effektivt om det ges rent ca 30 minuter f\u00f6re utfodring. Detta ger tid att t\u00e4cka kr\u00e4van och angripa Candida. F\u00f6r f\u00f6rebyggande, tills\u00e4tt citronsyra 5 ml per liter vatten dagligen. M\u00e4tsked 1+5 g ing\u00e5r.<\/p>\n<p>Interaction(s): ok\u00e4nda.<\/p>\n<p>Kontraindikation(er): \u00f6verdosering.<\/p>\n<h6>Advice for use:<\/h6>\n<p>Isolera sjuka f\u00e5glar (temperatur 28\u201333 \u00baC, d\u00e4mpad belysning).<br \/>\nBehandla \u00e4ven \u00f6vriga f\u00e5glar f\u00f6rebyggande.<br \/>\nSe till att r\u00e4tt dos intas; undvik omedicinerat vatten\/foder.<br \/>\nGe glukos och MULTIVIT MIX under behandlingen.<br \/>\nVid allvarliga fall, f\u00f6rl\u00e4ng behandlingen.<br \/>\nDesinficera milj\u00f6n noggrant.<br \/>\nOm snabb f\u00f6rb\u00e4ttring uteblir, kontakta expert.<\/p>\n<h6>NOTES: READ INSTRUCTIONS BEFORE USE.<\/h6>\n<p>F\u00f6rvaras torrt, skyddat fr\u00e5n solljus, mellan 0\u201330 \u00b0C<br \/>\nH\u00e5llbarhet efter \u00f6ppning: ett (1) \u00e5r.<br \/>\nBatchnummer och utg\u00e5ngsdatum: se f\u00f6rpackning.<br \/>\nUndvik kontakt med h\u00e4nderna.<br \/>\nF\u00f6rvaras o\u00e5tkomligt f\u00f6r barn.<br \/>\nEndast f\u00f6r djur. Ej f\u00f6r livsmedelsproducerande djur.<br \/>\nKassera f\u00f6rpackning och rester i hush\u00e5llsavfall.<br \/>\nVeterin\u00e4rprodukt enligt sm\u00e5djursregelverk.<\/p>\n<h6>Contains:<\/h6>\n<p>100 g Nystatin (200.000 IE\/gram)<\/p>\n","protected":false},"excerpt":{"rendered":"<p>Indication: Svampinfektioner s\u00e5som candidiasis, moniliasis och aspergillos hos f\u00e5glar. J\u00e4stsvampar finns \u00f6verallt i milj\u00f6n, inklusive i f\u00f6rst\u00f6rd mat. D\u00e4rf\u00f6r b\u00f6r f\u00e4rska frukter&hellip;<\/p>\n","protected":false},"featured_media":15385,"template":"","meta":[],"product_cat":[327],"product_tag":[],"class_list":{"0":"post-15384","1":"product","2":"type-product","3":"status-publish","4":"has-post-thumbnail","6":"product_cat-lakemedel-for-faglar","8":"first","9":"instock","10":"shipping-taxable","11":"product-type-simple"},"_links":{"self":[{"href":"https:\/\/care4bird.nl\/sv\/wp-json\/wp\/v2\/product\/15384","targetHints":{"allow":["GET"]}}],"collection":[{"href":"https:\/\/care4bird.nl\/sv\/wp-json\/wp\/v2\/product"}],"about":[{"href":"https:\/\/care4bird.nl\/sv\/wp-json\/wp\/v2\/types\/product"}],"wp:featuredmedia":[{"embeddable":true,"href":"https:\/\/care4bird.nl\/sv\/wp-json\/wp\/v2\/media\/15385"}],"wp:attachment":[{"href":"https:\/\/care4bird.nl\/sv\/wp-json\/wp\/v2\/media?parent=15384"}],"wp:term":[{"taxonomy":"product_cat","embeddable":true,"href":"https:\/\/care4bird.nl\/sv\/wp-json\/wp\/v2\/product_cat?post=15384"},{"taxonomy":"product_tag","embeddable":true,"href":"https:\/\/care4bird.nl\/sv\/wp-json\/wp\/v2\/product_tag?post=15384"}],"curies":[{"name":"wp","href":"https:\/\/api.w.org\/{rel}","templated":true}]}}