{"id":15391,"date":"2025-11-03T11:31:54","date_gmt":"2025-11-03T11:31:54","guid":{"rendered":"https:\/\/care4bird.nl\/product\/protozoal-mix\/"},"modified":"2026-04-16T09:47:52","modified_gmt":"2026-04-16T09:47:52","slug":"protozoal-mix","status":"publish","type":"product","link":"https:\/\/care4bird.nl\/sv\/produkt\/protozoal-mix\/","title":{"rendered":"Protozoal-mix"},"content":{"rendered":"<div>\n<div>\n<h6>Indication:<\/h6>\n<\/div>\n<div>Protozoinfektioner: trichomoniasis (canker), giardiasis<\/div>\n<\/div>\n<div>\n<div>och Cochlosoma hos f\u00e5glar.<\/div>\n<\/div>\n<h6>Symptoms:<\/h6>\n<div>\n<div>\u2022 Trichomoniasis: viktminskning, uppst\u00f6tningar, torkad saliv runt n\u00e4bben<\/div>\n<\/div>\n<div>\n<div>\u2022 Giardiasis: diarr\u00e9 och vissa d\u00f6dsfall.<\/div>\n<\/div>\n<div>\n<div>\u2022 Cochlosomos: hos ungar, uttorkning och svaghet med gul diarr\u00e9.<\/div>\n<\/div>\n<div>\n<div>Hos finkar uppf\u00f6dda av bengaliska finkar, som fungerar som asymtomatiska b\u00e4rare.<\/div>\n<\/div>\n<div>\n<div>Symtomen \u00e4r mest allvarliga hos ungar mellan 10 dagar och 6 veckor. Infektionen kan spridas via kontaminering av avf\u00f6ring, foder och vatten.<\/div>\n<\/div>\n<h6>Dosage<\/h6>\n<div>DOSERING: Trichomoniasis och giardiasis: tills\u00e4tt 5 g till 1 liter dricksvatten<\/div>\n<div>i 5\u20137 p\u00e5 varandra f\u00f6ljande dagar.<\/div>\n<div>Papegoja: 1 g till 1 liter dricksvatten i 5\u20137 dagar.<\/div>\n<div>DOSERING: Cochlosomos: tills\u00e4tt 5 g till 1 liter dricksvatten eller 500 g mjukt foder<\/div>\n<div>i 5 dagar. Upprepa behandlingen varje m\u00e5nad i 6 m\u00e5nader.<\/div>\n<div>M\u00e5ttsked 1+5 g ing\u00e5r.<\/div>\n<h6>Interaction(s): ok\u00e4nda.<\/h6>\n<h6>Contra-indication(s): \u00f6verdosering.<\/h6>\n<h6>Advice for use:<\/h6>\n<p>Isolera sjuka f\u00e5glar (temperatur 28\u201333 \u00baC, d\u00e4mpat ljus).<br \/>\nBehandla \u00e4ven \u00f6vriga f\u00e5glar f\u00f6rebyggande.<br \/>\nS\u00e4kerst\u00e4ll att f\u00e5glarna f\u00e5r i sig r\u00e4tt m\u00e4ngd; undvik omedicinerat vatten eller foder.<br \/>\nGe glukos och MULTIVIT MIX under behandlingen.<br \/>\nVid allvarliga fall, f\u00f6rl\u00e4ng behandlingen.<br \/>\nSe till att desinficera milj\u00f6n noggrant.<br \/>\nOm ingen snabb f\u00f6rb\u00e4ttring sker, kontakta expert<\/p>\n<h6>NOTES: READ INSTRUCTIONS BEFORE USE.<\/h6>\n<p>H\u00e5llbarhet efter \u00f6ppning: ett (1) \u00e5r.<br \/>\nBatchnummer och utg\u00e5ngsdatum: se f\u00f6rpackning.<br \/>\nUndvik kontakt med l\u00e4kemedlet.<br \/>\nF\u00f6rvaras o\u00e5tkomligt f\u00f6r barn.<br \/>\nEndast f\u00f6r djur. Ej f\u00f6r livsmedelsproducerande djur<br \/>\nKassera f\u00f6rpackning och rester i hush\u00e5llsavfall.<br \/>\nDenna veterin\u00e4rprodukt marknadsf\u00f6rs enligt sm\u00e5djursregelverk<\/p>\n<h6>Contains:<\/h6>\n<p>Ronidazol 10%, hj\u00e4lp\u00e4mnen q.s. 100 g<\/p>\n","protected":false},"excerpt":{"rendered":"<p>Indication: Protozoinfektioner: trichomoniasis (canker), giardiasis och Cochlosoma hos f\u00e5glar. Symptoms: \u2022 Trichomoniasis: viktminskning, uppst\u00f6tningar, torkad saliv runt n\u00e4bben \u2022 Giardiasis: diarr\u00e9 och&hellip;<\/p>\n","protected":false},"featured_media":15392,"template":"","meta":[],"product_cat":[327],"product_tag":[],"class_list":{"0":"post-15391","1":"product","2":"type-product","3":"status-publish","4":"has-post-thumbnail","6":"product_cat-lakemedel-for-faglar","8":"first","9":"instock","10":"shipping-taxable","11":"product-type-simple"},"_links":{"self":[{"href":"https:\/\/care4bird.nl\/sv\/wp-json\/wp\/v2\/product\/15391","targetHints":{"allow":["GET"]}}],"collection":[{"href":"https:\/\/care4bird.nl\/sv\/wp-json\/wp\/v2\/product"}],"about":[{"href":"https:\/\/care4bird.nl\/sv\/wp-json\/wp\/v2\/types\/product"}],"wp:featuredmedia":[{"embeddable":true,"href":"https:\/\/care4bird.nl\/sv\/wp-json\/wp\/v2\/media\/15392"}],"wp:attachment":[{"href":"https:\/\/care4bird.nl\/sv\/wp-json\/wp\/v2\/media?parent=15391"}],"wp:term":[{"taxonomy":"product_cat","embeddable":true,"href":"https:\/\/care4bird.nl\/sv\/wp-json\/wp\/v2\/product_cat?post=15391"},{"taxonomy":"product_tag","embeddable":true,"href":"https:\/\/care4bird.nl\/sv\/wp-json\/wp\/v2\/product_tag?post=15391"}],"curies":[{"name":"wp","href":"https:\/\/api.w.org\/{rel}","templated":true}]}}