{"id":15397,"date":"2025-11-03T11:31:44","date_gmt":"2025-11-03T11:31:44","guid":{"rendered":"https:\/\/care4bird.nl\/product\/combi-mix-2\/"},"modified":"2026-04-16T09:48:48","modified_gmt":"2026-04-16T09:48:48","slug":"combi-mix-2","status":"publish","type":"product","link":"https:\/\/care4bird.nl\/sv\/produkt\/combi-mix-2\/","title":{"rendered":"Combi-mix"},"content":{"rendered":"<div>\n<h6>Indication:<\/h6>\n<\/div>\n<div>Koccidios och atoxoplasmos (Lankesterella) hos f\u00e5glar.<\/div>\n<h6>Symptoms:<\/h6>\n<div>\u2022 Minskad aptit<\/div>\n<div>\u2022 Ruggiga fj\u00e4drar<\/div>\n<div>\u2022 Vattnig, slemmig avf\u00f6ring;<\/div>\n<div>\u2022 Smutsiga fj\u00e4drar vid kloaken;<\/div>\n<div>\u2022 F\u00f6rstorad lever;<\/div>\n<div>\u2022 Svullna tarmar<\/div>\n<h6>Dosage:<\/h6>\n<div>Dosering koccidios: burf\u00e5glar, kanarief\u00e5glar: 1 g\/200 ml dricksvatten (5 g\/1 l vatten), i 7 dagar; upprepa behandlingen efter 2 dagar.<\/div>\n<div>Dosering atoxoplasmos (Lankesterella): burf\u00e5glar, kanarief\u00e5glar: 1 g\/400 ml vatten (5 g\/2 l vatten), kontinuerligt under avelsperioden fram till efter f\u00f6rsta ruggningen. M\u00e5ttsked 1+5 g ing\u00e5r.<\/div>\n<p>Interaction(s): ok\u00e4nda.<\/p>\n<p>Contra-indication(s): \u00f6verdosering.<\/p>\n<h6>Advice for use:<\/h6>\n<p>Isolera sjuka f\u00e5glar (temperatur 28\u201333 \u00baC, d\u00e4mpat ljus).<br \/>\nBehandla \u00e4ven \u00f6vriga f\u00e5glar f\u00f6rebyggande.<br \/>\nSe till att f\u00e5glarna f\u00e5r r\u00e4tt dos; undvik omedicinerat vatten eller foder.<br \/>\nGe glukos och MULTIVIT MIX under behandlingen.<br \/>\nVid allvarliga fall, f\u00f6rl\u00e4ng behandlingen.<br \/>\nDesinficera milj\u00f6n noggrant.<br \/>\nOm ingen snabb f\u00f6rb\u00e4ttring sker, kontakta expert.<\/p>\n<h6>NOTES: READ INSTRUCTIONS BEFORE USE.<\/h6>\n<p>F\u00f6rvaras torrt, skyddat fr\u00e5n solljus, mellan 0\u201330 \u00b0C<br \/>\nH\u00e5llbarhet efter \u00f6ppning: ett (1) \u00e5r.<br \/>\nBatchnummer och utg\u00e5ngsdatum: se f\u00f6rpackning.<br \/>\nUndvik kontakt med l\u00e4kemedlet.<br \/>\nF\u00f6rvaras o\u00e5tkomligt f\u00f6r barn.<br \/>\nEndast f\u00f6r djur. Ej f\u00f6r livsmedelsproducerande djur<br \/>\nKassera f\u00f6rpackning och rester i hush\u00e5llsavfall.<br \/>\nVeterin\u00e4rprodukt enligt sm\u00e5djursregelverk<\/p>\n<h6>Contains:<\/h6>\n<p>Sulfachlorpyridazin natrium 5 %, hj\u00e4lp\u00e4mnen q.s. till 100 g<\/p>\n<h6>IMPORTANT<\/h6>\n<p>En l\u00e4tt h\u00e4rdning av pulvret kan f\u00f6rekomma \u00f6ver tid. Detta p\u00e5verkar dock inte produktens kvalitet eller effektivitet.<\/p>\n","protected":false},"excerpt":{"rendered":"<p>Indication: Koccidios och atoxoplasmos (Lankesterella) hos f\u00e5glar. Symptoms: \u2022 Minskad aptit \u2022 Ruggiga fj\u00e4drar \u2022 Vattnig, slemmig avf\u00f6ring; \u2022 Smutsiga fj\u00e4drar vid&hellip;<\/p>\n","protected":false},"featured_media":15398,"template":"","meta":[],"product_cat":[327],"product_tag":[],"class_list":{"0":"post-15397","1":"product","2":"type-product","3":"status-publish","4":"has-post-thumbnail","6":"product_cat-lakemedel-for-faglar","8":"first","9":"instock","10":"shipping-taxable","11":"product-type-simple"},"_links":{"self":[{"href":"https:\/\/care4bird.nl\/sv\/wp-json\/wp\/v2\/product\/15397","targetHints":{"allow":["GET"]}}],"collection":[{"href":"https:\/\/care4bird.nl\/sv\/wp-json\/wp\/v2\/product"}],"about":[{"href":"https:\/\/care4bird.nl\/sv\/wp-json\/wp\/v2\/types\/product"}],"wp:featuredmedia":[{"embeddable":true,"href":"https:\/\/care4bird.nl\/sv\/wp-json\/wp\/v2\/media\/15398"}],"wp:attachment":[{"href":"https:\/\/care4bird.nl\/sv\/wp-json\/wp\/v2\/media?parent=15397"}],"wp:term":[{"taxonomy":"product_cat","embeddable":true,"href":"https:\/\/care4bird.nl\/sv\/wp-json\/wp\/v2\/product_cat?post=15397"},{"taxonomy":"product_tag","embeddable":true,"href":"https:\/\/care4bird.nl\/sv\/wp-json\/wp\/v2\/product_tag?post=15397"}],"curies":[{"name":"wp","href":"https:\/\/api.w.org\/{rel}","templated":true}]}}