{"id":15403,"date":"2025-11-03T11:29:59","date_gmt":"2025-11-03T11:29:59","guid":{"rendered":"https:\/\/care4bird.nl\/product\/orni-mix\/"},"modified":"2026-04-16T09:50:52","modified_gmt":"2026-04-16T09:50:52","slug":"orni-mix","status":"publish","type":"product","link":"https:\/\/care4bird.nl\/sv\/produkt\/orni-mix\/","title":{"rendered":"Orni-mix"},"content":{"rendered":"<div>\n<h6>Indication:<\/h6>\n<\/div>\n<div>\n<div>Infektioner i luftv\u00e4garna orsakade av ornitos, lunginflammation, mykoplasmos och psittakos (klamydios) hos f\u00e5glar.<\/div>\n<\/div>\n<h6>Symptoms:<\/h6>\n<div>\n<div>\u2022 Sinusinfektion, anstr\u00e4ngd andning, andf\u00e5ddhet, bullrig andning eller rinnande n\u00e4sa<\/div>\n<\/div>\n<div>\n<div>\u2022 \u00d6gonsekret eller svullnad, ihopklibbade fj\u00e4drar runt \u00f6gonen<\/div>\n<\/div>\n<div>\n<div>\u2022 Letargi, rufsiga fj\u00e4drar, aptitl\u00f6shet, viktminskning, svaghet.<\/div>\n<\/div>\n<h6>Dosage<\/h6>\n<div>\n<div>Dosering: Bur- och volj\u00e4rf\u00e5glar (kanarief\u00e5glar, finkar):<\/div>\n<\/div>\n<div>\n<div>5 g \/ 2 liter dricksvatten i 5\u201310 p\u00e5 varandra f\u00f6ljande dagar.<\/div>\n<\/div>\n<div>\n<div>Dosering: Parakiter, papegojor:<\/div>\n<\/div>\n<div>\n<div>1 g \/ 2 kg kroppsvikt eller 3 g \/ 200 ml dricksvatten i 5\u201310 dagar.<\/div>\n<\/div>\n<div>\n<div>F\u00f6r behandling av psittakos (papegojfeber): 1 g \/ 2 kg kroppsvikt eller 3 g \/ 200 ml dricksvatten i 45 dagar. Alla kalciumk\u00e4llor m\u00e5ste tas bort under denna period eftersom kalcium p\u00e5verkar upptaget av antibiotikan.<\/div>\n<\/div>\n<div>\n<div>M\u00e5ttsked 1+5 g medf\u00f6ljer.<\/div>\n<\/div>\n<p>Interaction(s): inga k\u00e4nda.<\/p>\n<p>Contra-indication(s): \u00f6verdosering.<\/p>\n<h6>Advice for use:<\/h6>\n<p>Isolera sjuka f\u00e5glar (temperatur 28\u201333 \u00baC, d\u00e4mpat ljus).<br \/>\nBehandla \u00e4ven \u00f6vriga f\u00e5glar f\u00f6rebyggande.<br \/>\nS\u00e4kerst\u00e4ll att f\u00e5glarna f\u00e5r r\u00e4tt dos och undvik annan mat eller vatten.<br \/>\nGe glukos och MULTIVIT MIX under behandlingen.<br \/>\nVid allvarliga fall, f\u00f6rl\u00e4ng behandlingen.<br \/>\nDesinficera boendet noggrant.<br \/>\nKontakta expert om ingen f\u00f6rb\u00e4ttring sker.<\/p>\n<h6>NOTES: READ INSTRUCTIONS BEFORE USE.<\/h6>\n<p>F\u00f6rvaras torrt, skyddat fr\u00e5n direkt solljus, mellan 0-30 \u00b0C<br \/>\nH\u00e5llbarhet efter \u00f6ppning: ett (1) \u00e5r.<br \/>\nBatchnummer och utg\u00e5ngsdatum: se f\u00f6rpackning.<br \/>\nUndvik kontakt med h\u00e4nderna.<br \/>\nF\u00f6rvaras o\u00e5tkomligt f\u00f6r barn.<br \/>\nEndast f\u00f6r djur. Ej f\u00f6r livsmedelsproducerande djur.<br \/>\nKassera f\u00f6rpackning och rester med hush\u00e5llsavfall.<br \/>\nDetta veterin\u00e4rmedel marknadsf\u00f6rs enligt undantagsregler f\u00f6r sm\u00e5djur.<\/p>\n<h6>Contains:<\/h6>\n<p>Doxycyklin Hyklaat 6%, Spiramycin Adipat 10%, Metronidazol 10%, Bromhexin HCl 2%, inaktiva ingredienser upp till 100 g<\/p>\n","protected":false},"excerpt":{"rendered":"<p>Indication: Infektioner i luftv\u00e4garna orsakade av ornitos, lunginflammation, mykoplasmos och psittakos (klamydios) hos f\u00e5glar. Symptoms: \u2022 Sinusinfektion, anstr\u00e4ngd andning, andf\u00e5ddhet, bullrig andning&hellip;<\/p>\n","protected":false},"featured_media":15404,"template":"","meta":[],"product_cat":[327],"product_tag":[],"class_list":{"0":"post-15403","1":"product","2":"type-product","3":"status-publish","4":"has-post-thumbnail","6":"product_cat-lakemedel-for-faglar","8":"first","9":"instock","10":"shipping-taxable","11":"product-type-simple"},"_links":{"self":[{"href":"https:\/\/care4bird.nl\/sv\/wp-json\/wp\/v2\/product\/15403","targetHints":{"allow":["GET"]}}],"collection":[{"href":"https:\/\/care4bird.nl\/sv\/wp-json\/wp\/v2\/product"}],"about":[{"href":"https:\/\/care4bird.nl\/sv\/wp-json\/wp\/v2\/types\/product"}],"wp:featuredmedia":[{"embeddable":true,"href":"https:\/\/care4bird.nl\/sv\/wp-json\/wp\/v2\/media\/15404"}],"wp:attachment":[{"href":"https:\/\/care4bird.nl\/sv\/wp-json\/wp\/v2\/media?parent=15403"}],"wp:term":[{"taxonomy":"product_cat","embeddable":true,"href":"https:\/\/care4bird.nl\/sv\/wp-json\/wp\/v2\/product_cat?post=15403"},{"taxonomy":"product_tag","embeddable":true,"href":"https:\/\/care4bird.nl\/sv\/wp-json\/wp\/v2\/product_tag?post=15403"}],"curies":[{"name":"wp","href":"https:\/\/api.w.org\/{rel}","templated":true}]}}