{"id":15410,"date":"2025-11-03T11:29:04","date_gmt":"2025-11-03T11:29:04","guid":{"rendered":"https:\/\/care4bird.nl\/product\/multivit-mix\/"},"modified":"2026-04-16T09:52:05","modified_gmt":"2026-04-16T09:52:05","slug":"multivit-mix","status":"publish","type":"product","link":"https:\/\/care4bird.nl\/sv\/produkt\/multivit-mix\/","title":{"rendered":"Multivit-Mix"},"content":{"rendered":"<div>Multivit-mix \u00e4r en speciell blandning av vattenl\u00f6sliga vitaminer och glukos. Dessa vitaminer \u00e4r mycket viktiga f\u00f6r f\u00e5gelns \u00e4mnesoms\u00e4ttning. Glukos tills\u00e4tts f\u00f6r att ge direkt energi till f\u00e5glarna.<\/div>\n<div><\/div>\n<div>Multivit-mix bidrar till:<\/div>\n<div>Multivit-mix bidrar till:<\/div>\n<div>\u2022 \u00f6kad motst\u00e5ndskraft<\/div>\n<div>\u2022 god reproduktion<\/div>\n<div>\u2022 optimal \u00e5terh\u00e4mtning<\/div>\n<div><\/div>\n<div>Det dagliga vitaminbehovet hos f\u00e5glar \u00e4r mycket viktigt; vitaminbrist kan orsaka flera problem, till exempel:<\/div>\n<div>\u2022 Brist p\u00e5 vitamin A kan orsaka l\u00e5g fertilitet hos hanar och honor, f\u00f6r\u00e4ndringar i slemhinnor i luftv\u00e4gar och matsm\u00e4ltningssystem, vilket g\u00f6r infektioner l\u00e4ttare, p\u00e5verkar synen och kan leda till embryod\u00f6d.<\/div>\n<div>\u2022 Brist p\u00e5 vitamin B-gruppen kan orsaka nervst\u00f6rningar, f\u00f6rdr\u00f6jd tillv\u00e4xt och fj\u00e4derutveckling, st\u00f6rningar i fettmetabolismen, d\u00e5lig kl\u00e4ckning och svag utveckling hos ungar.<\/div>\n<div>\u2022 Brist p\u00e5 vitamin D kan orsaka sjukdomar som rakit och mjuka \u00e4ggskal<\/div>\n<div><\/div>\n<div>Multivitaminer ges minst en g\u00e5ng per vecka:<\/div>\n<div>\u2022 Under tillv\u00e4xt, ruggning och avel<\/div>\n<div>\u2022 Under perioder av stress och h\u00f6g belastning<\/div>\n<div>\u2022 Efter behandling av sjukdomar, avmaskning och vaccination.<\/div>\n<h6>Dosage<\/h6>\n<p>Dosering: Burf\u00e5glar:<br \/>\n\u2022 Som eng\u00e5ngsdos efter medicinering: 2 g\/0,5 l dricksvatten eller 2 g\/250 g foder.<br \/>\n\u2022 Som underh\u00e5llsdos: tv\u00e5 g\u00e5nger per vecka 1 g\/0,5 l vatten eller 1 g\/250 g foder.<br \/>\nMultivit-mix kan ges i dricksvatten eller blandas i fodret. M\u00e5ttsked 1+5 g medf\u00f6ljer.<\/p>\n<h6>Interaction(s): inga k\u00e4nda.<\/h6>\n<h6>Contra-indication(s): \u00f6verdosering.<\/h6>\n<h6>NOTES: READ INSTRUCTIONS BEFORE USE.<\/h6>\n<p>F\u00f6rvaras torrt, skyddat fr\u00e5n direkt solljus, mellan 0-30 \u00b0C<br \/>\nH\u00e5llbarhet efter \u00f6ppning: ett (1) \u00e5r.<br \/>\nBatchnummer och utg\u00e5ngsdatum: se f\u00f6rpackning.<br \/>\nUndvik kontakt med h\u00e4nderna.<br \/>\nF\u00f6rvaras o\u00e5tkomligt f\u00f6r barn.<br \/>\nEndast f\u00f6r djur. Ej f\u00f6r livsmedelsproducerande djur.<br \/>\nKassera f\u00f6rpackning och rester med hush\u00e5llsavfall.<br \/>\nDetta veterin\u00e4rmedel marknadsf\u00f6rs enligt undantagsregler f\u00f6r sm\u00e5djur.<\/p>\n<h6>Contains:<\/h6>\n<p>200 g Multivitaminer<\/p>\n","protected":false},"excerpt":{"rendered":"<p>Multivit-mix \u00e4r en speciell blandning av vattenl\u00f6sliga vitaminer och glukos. Dessa vitaminer \u00e4r mycket viktiga f\u00f6r f\u00e5gelns \u00e4mnesoms\u00e4ttning. Glukos tills\u00e4tts f\u00f6r att&hellip;<\/p>\n","protected":false},"featured_media":15411,"template":"","meta":[],"product_cat":[327],"product_tag":[],"class_list":{"0":"post-15410","1":"product","2":"type-product","3":"status-publish","4":"has-post-thumbnail","6":"product_cat-lakemedel-for-faglar","8":"first","9":"instock","10":"shipping-taxable","11":"product-type-simple"},"_links":{"self":[{"href":"https:\/\/care4bird.nl\/sv\/wp-json\/wp\/v2\/product\/15410","targetHints":{"allow":["GET"]}}],"collection":[{"href":"https:\/\/care4bird.nl\/sv\/wp-json\/wp\/v2\/product"}],"about":[{"href":"https:\/\/care4bird.nl\/sv\/wp-json\/wp\/v2\/types\/product"}],"wp:featuredmedia":[{"embeddable":true,"href":"https:\/\/care4bird.nl\/sv\/wp-json\/wp\/v2\/media\/15411"}],"wp:attachment":[{"href":"https:\/\/care4bird.nl\/sv\/wp-json\/wp\/v2\/media?parent=15410"}],"wp:term":[{"taxonomy":"product_cat","embeddable":true,"href":"https:\/\/care4bird.nl\/sv\/wp-json\/wp\/v2\/product_cat?post=15410"},{"taxonomy":"product_tag","embeddable":true,"href":"https:\/\/care4bird.nl\/sv\/wp-json\/wp\/v2\/product_tag?post=15410"}],"curies":[{"name":"wp","href":"https:\/\/api.w.org\/{rel}","templated":true}]}}