{"id":15416,"date":"2025-11-03T11:28:39","date_gmt":"2025-11-03T11:28:39","guid":{"rendered":"https:\/\/care4bird.nl\/product\/eye-drops-2\/"},"modified":"2026-04-16T09:53:11","modified_gmt":"2026-04-16T09:53:11","slug":"eye-drops-2","status":"publish","type":"product","link":"https:\/\/care4bird.nl\/sv\/produkt\/eye-drops-2\/","title":{"rendered":"Eye drops"},"content":{"rendered":"<div>\n<h6>Indication:<\/h6>\n<\/div>\n<div>alla typer av infektioner; \u00f6gon- eller \u00f6ronsjukdomar orsakade av grampositiva och gramnegativa bakterier<\/div>\n<h6>Dosage<\/h6>\n<div>1\u20132 droppar eller enligt veterin\u00e4rens anvisning<\/div>\n<h6>Treatment<\/h6>\n<div>1\u20132 g\u00e5nger dagligen tills f\u00f6rb\u00e4ttring sker,<\/div>\n<div>eller enligt veterin\u00e4rens anvisning<\/div>\n<div><\/div>\n<div>NOTES: READ INSTRUCTIONS BEFORE USE.<\/div>\n<ul>\n<li>F\u00f6rvaras torrt, skyddat fr\u00e5n direkt solljus, mellan 0\u201330 \u00b0C.<\/li>\n<li>Begr\u00e4nsad h\u00e5llbarhet efter \u00f6ppning.<\/li>\n<li>Undvik kontakt med l\u00e4kemedlet med h\u00e4nderna.<\/li>\n<li>F\u00f6rvaras o\u00e5tkomligt f\u00f6r barn.<\/li>\n<li>Endast f\u00f6r djur. Ej f\u00f6r livsmedelsproducerande djur.<\/li>\n<li>Vid tveksamhet eller ih\u00e5llande problem, kontakta expert.<\/li>\n<\/ul>\n<div><b>PRODUKTEN INNEH\u00c5LLER STEROIDER, ANV\u00c4ND INTE F\u00d6RE T\u00c4VLINGAR.<\/b><\/div>\n<h6>Formula<\/h6>\n<div>inneh\u00e5ller: prednisolon natriumfosfat 55 mg\/g, neomycinsulfat 50 mg\/g<\/div>\n<h6>Containts:<\/h6>\n<div>10 ml veterin\u00e4rmedicin f\u00f6r f\u00e5glar<\/div>\n","protected":false},"excerpt":{"rendered":"<p>Indication: alla typer av infektioner; \u00f6gon- eller \u00f6ronsjukdomar orsakade av grampositiva och gramnegativa bakterier Dosage 1\u20132 droppar eller enligt veterin\u00e4rens anvisning Treatment&hellip;<\/p>\n","protected":false},"featured_media":15417,"template":"","meta":[],"product_cat":[327],"product_tag":[],"class_list":{"0":"post-15416","1":"product","2":"type-product","3":"status-publish","4":"has-post-thumbnail","6":"product_cat-lakemedel-for-faglar","8":"first","9":"instock","10":"shipping-taxable","11":"product-type-simple"},"_links":{"self":[{"href":"https:\/\/care4bird.nl\/sv\/wp-json\/wp\/v2\/product\/15416","targetHints":{"allow":["GET"]}}],"collection":[{"href":"https:\/\/care4bird.nl\/sv\/wp-json\/wp\/v2\/product"}],"about":[{"href":"https:\/\/care4bird.nl\/sv\/wp-json\/wp\/v2\/types\/product"}],"wp:featuredmedia":[{"embeddable":true,"href":"https:\/\/care4bird.nl\/sv\/wp-json\/wp\/v2\/media\/15417"}],"wp:attachment":[{"href":"https:\/\/care4bird.nl\/sv\/wp-json\/wp\/v2\/media?parent=15416"}],"wp:term":[{"taxonomy":"product_cat","embeddable":true,"href":"https:\/\/care4bird.nl\/sv\/wp-json\/wp\/v2\/product_cat?post=15416"},{"taxonomy":"product_tag","embeddable":true,"href":"https:\/\/care4bird.nl\/sv\/wp-json\/wp\/v2\/product_tag?post=15416"}],"curies":[{"name":"wp","href":"https:\/\/api.w.org\/{rel}","templated":true}]}}