{"id":15422,"date":"2025-11-03T11:27:22","date_gmt":"2025-11-03T11:27:22","guid":{"rendered":"https:\/\/care4bird.nl\/product\/eye-cream-2\/"},"modified":"2026-04-16T09:54:27","modified_gmt":"2026-04-16T09:54:27","slug":"eye-cream-2","status":"publish","type":"product","link":"https:\/\/care4bird.nl\/sv\/produkt\/eye-cream-2\/","title":{"rendered":"Eye cream"},"content":{"rendered":"<div>\n<h6>Indikation:<\/h6>\n<\/div>\n<div>alla typer av infektioner; \u00f6gon- eller \u00f6ronsjukdomar orsakade av Gram + och &#8211; bakterier<\/div>\n<h6>Dosering<\/h6>\n<div>1\u20132 droppar eller enligt veterin\u00e4rs ordination<\/div>\n<h6>Behandling<\/h6>\n<div>1\u20132 g\u00e5nger dagligen tills f\u00f6rb\u00e4ttring sker, eller enligt veterin\u00e4rs ordination<\/div>\n<h6>OBS: L\u00c4S INSTRUKTIONERNA F\u00d6RE ANV\u00c4NDNING.<\/h6>\n<ul>\n<li>F\u00f6rvaras torrt, skyddat fr\u00e5n direkt solljus, mellan 0\u201330 \u00b0C.<\/li>\n<li>Begr\u00e4nsad h\u00e5llbarhet efter \u00f6ppning.<\/li>\n<li>Undvik kontakt med l\u00e4kemedlet med h\u00e4nderna.<\/li>\n<li>F\u00f6rvaras utom r\u00e4ckh\u00e5ll f\u00f6r barn.<\/li>\n<li>Endast f\u00f6r veterin\u00e4rt bruk. F\u00e5r inte anv\u00e4ndas p\u00e5 djur avsedda f\u00f6r livsmedelsproduktion.<\/li>\n<li>Vid tveksamhet eller ih\u00e5llande problem, kontakta expert.<\/li>\n<\/ul>\n<div><b>PRODUKTEN INNEH\u00c5LLER STEROIDER, ANV\u00c4ND INTE F\u00d6RE T\u00c4VLING.<\/b><\/div>\n<h6>Formel<\/h6>\n<div>Inneh\u00e5ller: prednisolonnatriumfosfat 55 mg\/g, neomycinsulfat 50 mg\/g<\/div>\n<h6>Inneh\u00e5ll:<\/h6>\n<div>10 ml veterin\u00e4rmedicin f\u00f6r f\u00e5glar<\/div>\n","protected":false},"excerpt":{"rendered":"<p>Indikation: alla typer av infektioner; \u00f6gon- eller \u00f6ronsjukdomar orsakade av Gram + och &#8211; bakterier Dosering 1\u20132 droppar eller enligt veterin\u00e4rs ordination&hellip;<\/p>\n","protected":false},"featured_media":15423,"template":"","meta":[],"product_cat":[327],"product_tag":[],"class_list":{"0":"post-15422","1":"product","2":"type-product","3":"status-publish","4":"has-post-thumbnail","6":"product_cat-lakemedel-for-faglar","8":"first","9":"instock","10":"shipping-taxable","11":"product-type-simple"},"_links":{"self":[{"href":"https:\/\/care4bird.nl\/sv\/wp-json\/wp\/v2\/product\/15422","targetHints":{"allow":["GET"]}}],"collection":[{"href":"https:\/\/care4bird.nl\/sv\/wp-json\/wp\/v2\/product"}],"about":[{"href":"https:\/\/care4bird.nl\/sv\/wp-json\/wp\/v2\/types\/product"}],"wp:featuredmedia":[{"embeddable":true,"href":"https:\/\/care4bird.nl\/sv\/wp-json\/wp\/v2\/media\/15423"}],"wp:attachment":[{"href":"https:\/\/care4bird.nl\/sv\/wp-json\/wp\/v2\/media?parent=15422"}],"wp:term":[{"taxonomy":"product_cat","embeddable":true,"href":"https:\/\/care4bird.nl\/sv\/wp-json\/wp\/v2\/product_cat?post=15422"},{"taxonomy":"product_tag","embeddable":true,"href":"https:\/\/care4bird.nl\/sv\/wp-json\/wp\/v2\/product_tag?post=15422"}],"curies":[{"name":"wp","href":"https:\/\/api.w.org\/{rel}","templated":true}]}}