{"id":15428,"date":"2025-11-03T11:22:42","date_gmt":"2025-11-03T11:22:42","guid":{"rendered":"https:\/\/care4bird.nl\/product\/multivitamin\/"},"modified":"2026-04-16T09:55:53","modified_gmt":"2026-04-16T09:55:53","slug":"multivitamin","status":"publish","type":"product","link":"https:\/\/care4bird.nl\/sv\/produkt\/multivitamin\/","title":{"rendered":"Multivitamin"},"content":{"rendered":"<div>\n<h6>SPECIALBLANDNING AV VATTENL\u00d6SLIGA VITAMINER OCH GLUKOS<\/h6>\n<h6>Indikation:<\/h6>\n<p>Multivit-mix \u00e4r en specialblandning av vattenl\u00f6sliga vitaminer och glukos. Dessa vitaminer \u00e4r mycket viktiga f\u00f6r f\u00e5glarnas \u00e4mnesoms\u00e4ttning. Glukos tills\u00e4tts f\u00f6r att ge f\u00e5glarna direkt energi.<\/p>\n<p>Multivit-mix bidrar till:<br \/>\n&#8211; \u00f6kat motst\u00e5ndskraft<br \/>\n&#8211; god avel<br \/>\n&#8211; optimal \u00e5terh\u00e4mtning<\/p>\n<p>F\u00e5glars dagliga vitaminbehov \u00e4r mycket viktiga; brist p\u00e5 vitaminer kan orsaka flera problem, till exempel:<\/p>\n<p>&#8211; Vitamin A-brist kan orsaka l\u00e5g fertilitet hos han- och honf\u00e5glar, f\u00f6r\u00e4ndringar i slemhinnor i andnings- och matsm\u00e4ltningssystemet som underl\u00e4ttar infektioner, p\u00e5verka synen och orsaka embryod\u00f6d.<\/p>\n<p>&#8211; Brist p\u00e5 B-vitaminer kan orsaka nerv\u00f6sa st\u00f6rningar, f\u00f6rdr\u00f6jd tillv\u00e4xt och fj\u00e4derutveckling, st\u00f6rd fettoms\u00e4ttning, d\u00e5lig kl\u00e4ckning och d\u00e5lig kycklingutveckling.<\/p>\n<p>&#8211; D-vitaminbrist kan orsaka sjukdomar som rakit och mjuka \u00e4ggskal.<\/p>\n<p>Multivitaminer ges minst en g\u00e5ng per vecka:<br \/>\nUnder tillv\u00e4xt, ruggning och avel<br \/>\nVid h\u00e5rd belastning och stress<br \/>\nEfter behandling av sjukdom, avmaskning och vaccinationer.<\/p>\n<h6>Administrering: Dosering: Duvor:<\/h6>\n<p><i>MULTIVITAMIN POWDER<\/i><br \/>\nEng\u00e5ngsdos efter behandling: 5 g \/ 1 l dricksvatten eller 5 g \/ 500 g foder.<br \/>\nUnderh\u00e5llsdos: tv\u00e5 g\u00e5nger per vecka 5 g \/ 2 l vatten eller 5 g \/ 1 kg foder.<\/p>\n<p>Multivit-mix kan tills\u00e4ttas i dricksvatten eller ges via foder.<br \/>\nM\u00e5ttsked 1+5 g ing\u00e5r.<\/p>\n<p><i>MULTIVITAMIN TABS<\/i><br \/>\nUnderh\u00e5ll: 1 tablett per duva (400\u2013500 g) 1\u20132 dagar per vecka.<br \/>\nBehandling: 1 tablett per duva (400\u2013500 g) i 5 dagar i f\u00f6ljd, eller enligt veterin\u00e4rs ordination.<\/p>\n<h6>Interaktioner:<\/h6>\n<p>ok\u00e4nda<\/p>\n<h6>Kontraindikationer:<\/h6>\n<p>\u00f6verdosering<\/p>\n<h6>Inneh\u00e5ll:<\/h6>\n<p>Multivitaminer (A, B-komplex, C, D, E), aminosyror, sp\u00e5r\u00e4mnen.\n<\/p><\/div>\n","protected":false},"excerpt":{"rendered":"<p>SPECIALBLANDNING AV VATTENL\u00d6SLIGA VITAMINER OCH GLUKOS Indikation: Multivit-mix \u00e4r en specialblandning av vattenl\u00f6sliga vitaminer och glukos. Dessa vitaminer \u00e4r mycket viktiga f\u00f6r&hellip;<\/p>\n","protected":false},"featured_media":15429,"template":"","meta":[],"product_cat":[330],"product_tag":[],"class_list":{"0":"post-15428","1":"product","2":"type-product","3":"status-publish","4":"has-post-thumbnail","6":"product_cat-kosttillskott-for-duvor","8":"first","9":"instock","10":"shipping-taxable","11":"product-type-simple"},"_links":{"self":[{"href":"https:\/\/care4bird.nl\/sv\/wp-json\/wp\/v2\/product\/15428","targetHints":{"allow":["GET"]}}],"collection":[{"href":"https:\/\/care4bird.nl\/sv\/wp-json\/wp\/v2\/product"}],"about":[{"href":"https:\/\/care4bird.nl\/sv\/wp-json\/wp\/v2\/types\/product"}],"wp:featuredmedia":[{"embeddable":true,"href":"https:\/\/care4bird.nl\/sv\/wp-json\/wp\/v2\/media\/15429"}],"wp:attachment":[{"href":"https:\/\/care4bird.nl\/sv\/wp-json\/wp\/v2\/media?parent=15428"}],"wp:term":[{"taxonomy":"product_cat","embeddable":true,"href":"https:\/\/care4bird.nl\/sv\/wp-json\/wp\/v2\/product_cat?post=15428"},{"taxonomy":"product_tag","embeddable":true,"href":"https:\/\/care4bird.nl\/sv\/wp-json\/wp\/v2\/product_tag?post=15428"}],"curies":[{"name":"wp","href":"https:\/\/api.w.org\/{rel}","templated":true}]}}