{"id":15434,"date":"2025-11-03T11:20:06","date_gmt":"2025-11-03T11:20:06","guid":{"rendered":"https:\/\/care4bird.nl\/product\/breeding-tabs\/"},"modified":"2026-04-16T10:55:22","modified_gmt":"2026-04-16T10:55:22","slug":"breeding-tabs","status":"publish","type":"product","link":"https:\/\/care4bird.nl\/sv\/produkt\/breeding-tabs\/","title":{"rendered":"Breeding Tabs"},"content":{"rendered":"<div>\n<h6>F\u00d6R OPTIMAL TILLV\u00c4XT AV UNGA F\u00c5GLAR<\/h6>\n<h6>Indikation:<\/h6>\n<p>Avelstabletter. L\u00e4ttsm\u00e4lta proteiner f\u00f6r optimal tillv\u00e4xt av unga f\u00e5glar. Inneh\u00e5ller vitaminer, sp\u00e5r\u00e4mnen och aminosyror som beh\u00f6vs f\u00f6r perfekt tillv\u00e4xt hos ungar. F\u00f6r \u00e4ldre avelsduvor f\u00f6r att bibeh\u00e5lla vitalitet och fertilitet.<\/p>\n<h6>Anv\u00e4ndning och dosering<\/h6>\n<p>Fr\u00e5n 1 veckas \u00e5lder: 2 g\u00e5nger per vecka \u2013 1\u20132 tabletter beroende p\u00e5 \u00e5lder<br \/>\nFr\u00e5n 5 veckors \u00e5lder: 1 g\u00e5ng per vecka \u2013 2 tabletter<br \/>\nAvelsdjur: 1 g\u00e5ng per vecka \u2013 1\u20132 tabletter, eller enligt veterin\u00e4rs ordination.\n<\/p><\/div>\n","protected":false},"excerpt":{"rendered":"<p>F\u00d6R OPTIMAL TILLV\u00c4XT AV UNGA F\u00c5GLAR Indikation: Avelstabletter. L\u00e4ttsm\u00e4lta proteiner f\u00f6r optimal tillv\u00e4xt av unga f\u00e5glar. Inneh\u00e5ller vitaminer, sp\u00e5r\u00e4mnen och aminosyror som&hellip;<\/p>\n","protected":false},"featured_media":15435,"template":"","meta":[],"product_cat":[330],"product_tag":[],"class_list":{"0":"post-15434","1":"product","2":"type-product","3":"status-publish","4":"has-post-thumbnail","6":"product_cat-kosttillskott-for-duvor","8":"first","9":"instock","10":"shipping-taxable","11":"product-type-simple"},"_links":{"self":[{"href":"https:\/\/care4bird.nl\/sv\/wp-json\/wp\/v2\/product\/15434","targetHints":{"allow":["GET"]}}],"collection":[{"href":"https:\/\/care4bird.nl\/sv\/wp-json\/wp\/v2\/product"}],"about":[{"href":"https:\/\/care4bird.nl\/sv\/wp-json\/wp\/v2\/types\/product"}],"wp:featuredmedia":[{"embeddable":true,"href":"https:\/\/care4bird.nl\/sv\/wp-json\/wp\/v2\/media\/15435"}],"wp:attachment":[{"href":"https:\/\/care4bird.nl\/sv\/wp-json\/wp\/v2\/media?parent=15434"}],"wp:term":[{"taxonomy":"product_cat","embeddable":true,"href":"https:\/\/care4bird.nl\/sv\/wp-json\/wp\/v2\/product_cat?post=15434"},{"taxonomy":"product_tag","embeddable":true,"href":"https:\/\/care4bird.nl\/sv\/wp-json\/wp\/v2\/product_tag?post=15434"}],"curies":[{"name":"wp","href":"https:\/\/api.w.org\/{rel}","templated":true}]}}