{"id":15440,"date":"2025-11-03T11:19:23","date_gmt":"2025-11-03T11:19:23","guid":{"rendered":"https:\/\/care4bird.nl\/product\/brewers-yeast\/"},"modified":"2026-04-16T11:01:48","modified_gmt":"2026-04-16T11:01:48","slug":"brewers-yeast","status":"publish","type":"product","link":"https:\/\/care4bird.nl\/sv\/produkt\/brewers-yeast\/","title":{"rendered":"Brewer`s yeast"},"content":{"rendered":"<div>\n<h6>Indikation:<\/h6>\n<\/div>\n<div>\u00d6lj\u00e4st \u00e4r ett naturligt foder med h\u00e4lsofr\u00e4mjande egenskaper. \u00d6lj\u00e4st \u00e4r rik p\u00e5 naturliga vitaminer (inklusive B-komplex), mineraler, proteiner, aminosyror och sp\u00e5r\u00e4mnen. Dessa \u00e4r viktiga f\u00f6r dina duvors kondition och form. Ge dina duvor \u00f6lj\u00e4st minst en g\u00e5ng i veckan, tillsammans med vitl\u00f6ksolja \u00e5ret runt.<\/div>\n<div>\n<h6>Dosering<\/h6>\n<\/div>\n<div>25 gram (cirka 1 r\u00e5gad matsked) \u00f6ver fodret 1\u20132 dagar per vecka f\u00f6r 40\/50 duvor eller 20 kg levande vikt av f\u00e5glar.<\/div>\n<div>\n<h6>Kontraindikation:<\/h6>\n<\/div>\n<div>I denna dosering ok\u00e4nd.<\/div>\n<div>\n<h6>Inneh\u00e5ll:<\/h6>\n<\/div>\n<div>800 g dietprodukt f\u00f6r sportduvor.<\/div>\n","protected":false},"excerpt":{"rendered":"<p>Indikation: \u00d6lj\u00e4st \u00e4r ett naturligt foder med h\u00e4lsofr\u00e4mjande egenskaper. \u00d6lj\u00e4st \u00e4r rik p\u00e5 naturliga vitaminer (inklusive B-komplex), mineraler, proteiner, aminosyror och sp\u00e5r\u00e4mnen.&hellip;<\/p>\n","protected":false},"featured_media":15441,"template":"","meta":[],"product_cat":[330],"product_tag":[],"class_list":{"0":"post-15440","1":"product","2":"type-product","3":"status-publish","4":"has-post-thumbnail","6":"product_cat-kosttillskott-for-duvor","8":"first","9":"instock","10":"shipping-taxable","11":"product-type-simple"},"_links":{"self":[{"href":"https:\/\/care4bird.nl\/sv\/wp-json\/wp\/v2\/product\/15440","targetHints":{"allow":["GET"]}}],"collection":[{"href":"https:\/\/care4bird.nl\/sv\/wp-json\/wp\/v2\/product"}],"about":[{"href":"https:\/\/care4bird.nl\/sv\/wp-json\/wp\/v2\/types\/product"}],"wp:featuredmedia":[{"embeddable":true,"href":"https:\/\/care4bird.nl\/sv\/wp-json\/wp\/v2\/media\/15441"}],"wp:attachment":[{"href":"https:\/\/care4bird.nl\/sv\/wp-json\/wp\/v2\/media?parent=15440"}],"wp:term":[{"taxonomy":"product_cat","embeddable":true,"href":"https:\/\/care4bird.nl\/sv\/wp-json\/wp\/v2\/product_cat?post=15440"},{"taxonomy":"product_tag","embeddable":true,"href":"https:\/\/care4bird.nl\/sv\/wp-json\/wp\/v2\/product_tag?post=15440"}],"curies":[{"name":"wp","href":"https:\/\/api.w.org\/{rel}","templated":true}]}}