{"id":15446,"date":"2025-11-03T11:18:21","date_gmt":"2025-11-03T11:18:21","guid":{"rendered":"https:\/\/care4bird.nl\/product\/garlic-oil\/"},"modified":"2026-04-16T11:06:34","modified_gmt":"2026-04-16T11:06:34","slug":"garlic-oil","status":"publish","type":"product","link":"https:\/\/care4bird.nl\/sv\/produkt\/garlic-oil\/","title":{"rendered":"Garlic Oil"},"content":{"rendered":"<div>\n<h6>S\u00e4rskilt utvecklad f\u00f6r att ge de naturliga f\u00f6rdelarna av vitl\u00f6k till f\u00e5glar p\u00e5 ett s\u00e4kert och effektivt s\u00e4tt.<\/h6>\n<div>Vitl\u00f6k \u00e4r mycket rik p\u00e5 n\u00e4rings\u00e4mnen, inklusive kalcium, fosfor, svavelhaltiga f\u00f6reningar, j\u00e4rn, tiamin, riboflavin och vitamin C, samt antioxidanter som germanium och selen. D\u00e4rf\u00f6r \u00e4r Garlic Oil en mycket viktig olja f\u00f6r fj\u00e4derkondition. Vitl\u00f6kens betydelse f\u00f6r duvor och f\u00e5glar som naturligt avmaskningsmedel, konditionerare och st\u00f6d f\u00f6r fj\u00e4derf\u00e4llning \u00e4r k\u00e4nd sedan l\u00e4nge. Vitl\u00f6k f\u00f6rb\u00e4ttrar \u00e4ven blodcirkulationen. Garlic Oil best\u00e5r av rena vitl\u00f6ksextrakt och raffinerad sojab\u00f6nolja rik p\u00e5 linolensyra och linolsyra. Inga tillsatta kemikalier och ingen v\u00e4rmebehandling s\u00e4kerst\u00e4ller att effekten inte minskar och ger skydd f\u00f6r luftv\u00e4garna.<\/div>\n<h6>Dosering<\/h6>\n<div>15 ml (1\/2 m\u00e5ttkopp) Garlic Oil per kg foder \/ spannm\u00e5l<\/div>\n<div>&#8211; Under vinter, avels- och t\u00e4vlingss\u00e4song: 1 dag per vecka.<\/div>\n<div>&#8211; Vid f\u00f6rberedelse inf\u00f6r t\u00e4vlingss\u00e4songen: under en hel vecka<\/div>\n<div>&#8211; Under ruggning: 2 dagar per vecka.<\/div>\n<div>Blanda inte denna produkt med vatten!<\/div>\n<h6>Inneh\u00e5ll:<\/h6>\n<div>Analys Garlic Oil:<\/div>\n<div>R\u00e5fett 100 %; N\u00e4ringstillsatser: Vitamin E 1.400 mg\/kg<\/div>\n<\/div>\n","protected":false},"excerpt":{"rendered":"<p>S\u00e4rskilt utvecklad f\u00f6r att ge de naturliga f\u00f6rdelarna av vitl\u00f6k till f\u00e5glar p\u00e5 ett s\u00e4kert och effektivt s\u00e4tt. Vitl\u00f6k \u00e4r mycket rik&hellip;<\/p>\n","protected":false},"featured_media":15447,"template":"","meta":[],"product_cat":[330],"product_tag":[],"class_list":{"0":"post-15446","1":"product","2":"type-product","3":"status-publish","4":"has-post-thumbnail","6":"product_cat-kosttillskott-for-duvor","8":"first","9":"instock","10":"shipping-taxable","11":"product-type-simple"},"_links":{"self":[{"href":"https:\/\/care4bird.nl\/sv\/wp-json\/wp\/v2\/product\/15446","targetHints":{"allow":["GET"]}}],"collection":[{"href":"https:\/\/care4bird.nl\/sv\/wp-json\/wp\/v2\/product"}],"about":[{"href":"https:\/\/care4bird.nl\/sv\/wp-json\/wp\/v2\/types\/product"}],"wp:featuredmedia":[{"embeddable":true,"href":"https:\/\/care4bird.nl\/sv\/wp-json\/wp\/v2\/media\/15447"}],"wp:attachment":[{"href":"https:\/\/care4bird.nl\/sv\/wp-json\/wp\/v2\/media?parent=15446"}],"wp:term":[{"taxonomy":"product_cat","embeddable":true,"href":"https:\/\/care4bird.nl\/sv\/wp-json\/wp\/v2\/product_cat?post=15446"},{"taxonomy":"product_tag","embeddable":true,"href":"https:\/\/care4bird.nl\/sv\/wp-json\/wp\/v2\/product_tag?post=15446"}],"curies":[{"name":"wp","href":"https:\/\/api.w.org\/{rel}","templated":true}]}}