{"id":15452,"date":"2025-11-03T11:18:01","date_gmt":"2025-11-03T11:18:01","guid":{"rendered":"https:\/\/care4bird.nl\/product\/optimal-caps\/"},"modified":"2026-04-16T11:07:50","modified_gmt":"2026-04-16T11:07:50","slug":"optimal-caps","status":"publish","type":"product","link":"https:\/\/care4bird.nl\/sv\/produkt\/optimal-caps\/","title":{"rendered":"Optimal caps"},"content":{"rendered":"<div>\n<h6>Levertran-kapslar \u00e4r en naturlig k\u00e4lla till vitamin A och D3, berikade med extra vitamin E f\u00f6r att st\u00f6dja fertilitet under avelsperioden.<\/h6>\n<div>Dessa kapslar fr\u00e4mjar:<br \/>\n&#8211; utveckling av skelett och tillv\u00e4xt hos unga duvor<br \/>\n&#8211; sexuell drift hos hanar<br \/>\n&#8211; ett friskt immunsystem<\/div>\n<div>Levertran-kapseln med extra vitamin E \u00e4r en naturlig k\u00e4lla till vitamin A, D3 och E och \u00e4r rik p\u00e5 omega-3-fettsyror, viktiga f\u00f6r uppbyggnad av skelett, ben, fertilitet och tillv\u00e4xt. Den \u00e4r ocks\u00e5 en bra k\u00e4lla till fosfor och jod, vilket fr\u00e4mjar motst\u00e5ndskraft och energi.<\/div>\n<h6>Inneh\u00e5ll:<\/h6>\n<div>Levertran 18\/12 ; Vitamin A 300 \u00b5g RE (1000 IE)<\/div>\n<div>Vitamin D 2,5 \u00b5g RE (100 IE) ; Vitamin E 6,7 mg a-TE (10 IE), gelatin<\/div>\n<div><i>Analytiska best\u00e5ndsdelar:<\/i> R\u00e5protein 18,12 %, r\u00e5fiber 18,20 %, r\u00e5fett 0,05 %, aska 0,03 %<\/div>\n<h6>Anv\u00e4ndning:<\/h6>\n<div>&#8211; 1 kapsel ges direkt i n\u00e4bben<\/div>\n<div>&#8211; Under avelsperioden: dagligen fr\u00e5n 8 dagar f\u00f6re parning till andra \u00e4gget<\/div>\n<div>&#8211; Under t\u00e4vlingss\u00e4songen: 2 kapslar per vecka<\/div>\n<div>&#8211; Unga v\u00e4xande duvor: 1 kapsel per dag<\/div>\n<div><i>Tips: kan \u00e4ven anv\u00e4ndas hos \u00e4ldre duvor f\u00f6r att stimulera fertilitet<\/i><\/div>\n<h6>OBS: L\u00c4S INSTRUKTIONERNA F\u00d6RE ANV\u00c4NDNING.<\/h6>\n<div>&#8211; F\u00f6rvaras torrt, skyddat fr\u00e5n direkt solljus, mellan 0\u201330 \u00b0C<\/div>\n<div>&#8211; H\u00e5llbarhet efter \u00f6ppning: 1 \u00e5r<\/div>\n<div>&#8211; Batch och utg\u00e5ngsdatum: se f\u00f6rpackning<\/div>\n<div>&#8211; Endast f\u00f6r veterin\u00e4rt bruk. Ej f\u00f6r djur avsedda f\u00f6r livsmedelsproduktion<\/div>\n<div>&#8211; F\u00f6rvaras utom r\u00e4ckh\u00e5ll f\u00f6r barn<\/div>\n<h6>Inneh\u00e5ll:<\/h6>\n<div>300 kapslar, dietprodukt f\u00f6r f\u00e5glar<\/div>\n<\/div>\n","protected":false},"excerpt":{"rendered":"<p>Levertran-kapslar \u00e4r en naturlig k\u00e4lla till vitamin A och D3, berikade med extra vitamin E f\u00f6r att st\u00f6dja fertilitet under avelsperioden. Dessa&hellip;<\/p>\n","protected":false},"featured_media":15453,"template":"","meta":[],"product_cat":[330],"product_tag":[],"class_list":{"0":"post-15452","1":"product","2":"type-product","3":"status-publish","4":"has-post-thumbnail","6":"product_cat-kosttillskott-for-duvor","8":"first","9":"instock","10":"shipping-taxable","11":"product-type-simple"},"_links":{"self":[{"href":"https:\/\/care4bird.nl\/sv\/wp-json\/wp\/v2\/product\/15452","targetHints":{"allow":["GET"]}}],"collection":[{"href":"https:\/\/care4bird.nl\/sv\/wp-json\/wp\/v2\/product"}],"about":[{"href":"https:\/\/care4bird.nl\/sv\/wp-json\/wp\/v2\/types\/product"}],"wp:featuredmedia":[{"embeddable":true,"href":"https:\/\/care4bird.nl\/sv\/wp-json\/wp\/v2\/media\/15453"}],"wp:attachment":[{"href":"https:\/\/care4bird.nl\/sv\/wp-json\/wp\/v2\/media?parent=15452"}],"wp:term":[{"taxonomy":"product_cat","embeddable":true,"href":"https:\/\/care4bird.nl\/sv\/wp-json\/wp\/v2\/product_cat?post=15452"},{"taxonomy":"product_tag","embeddable":true,"href":"https:\/\/care4bird.nl\/sv\/wp-json\/wp\/v2\/product_tag?post=15452"}],"curies":[{"name":"wp","href":"https:\/\/api.w.org\/{rel}","templated":true}]}}